{"id":5013,"date":"2023-05-19T00:53:02","date_gmt":"2023-05-18T22:53:02","guid":{"rendered":"http:\/\/mal-auray.org\/?page_id=5013"},"modified":"2024-07-09T21:58:12","modified_gmt":"2024-07-09T19:58:12","slug":"oenologie","status":"publish","type":"page","link":"http:\/\/mal-auray.org\/index.php\/oenologie\/","title":{"rendered":"\u0152nologie"},"content":{"rendered":"<p>Une fois par mois, venez-vous mettre au verre !<\/p>\n<p>Damien, caviste nomade fondateur du \u00ab Vin au Vert \u00bb vous fera partager et vivre sa passion du vin \u00e0 travers diff\u00e9rentes th\u00e9matiques. Des AOC d\u2019ici et d\u2019ailleurs, technique de d\u00e9gustation, accords mets et vins, analyse sensorielle\u2026 Une immersion ludique et instructive dans le monde de l\u2019\u0153nologie accessible \u00e0 tous.<br \/>\n10 s\u00e9ances de 2h.<\/p>\n<p><strong>Intervenant :<\/strong> Damien GIRARD, Le vin au vert<\/p>\n<blockquote><p><strong>Horaires, tarifs et inscriptions :<\/strong> <a href=\"https:\/\/mal-auray.goasso.org\/activites?q%5Bactivity_schedules_schedule_type_in%5D%5B%5D=0&amp;q%5Bactivity_schedules_schedule_type_in%5D%5B%5D=3&amp;q%5Bactivity_schedules_sub_schedule_type_eq%5D=0\">c&rsquo;est par ici<\/a><\/p><\/blockquote>\n","protected":false},"excerpt":{"rendered":"<p>Une fois par mois, venez-vous mettre au verre ! Damien, caviste nomade fondateur du \u00ab Vin au Vert \u00bb vous fera partager et vivre sa passion du vin \u00e0 travers diff\u00e9rentes th\u00e9matiques. Des AOC d\u2019ici et d\u2019ailleurs, technique de d\u00e9gustation, accords mets et vins, analyse sensorielle\u2026 Une immersion ludique et instructive dans le monde de&hellip;<\/p>\n","protected":false},"author":3,"featured_media":0,"parent":0,"menu_order":0,"comment_status":"closed","ping_status":"closed","template":"","meta":[],"yoast_head":"<!-- This site is optimized with the Yoast SEO plugin v20.4 - https:\/\/yoast.com\/wordpress\/plugins\/seo\/ -->\n<title>\u0152nologie - La MAL d&#039;Auray<\/title>\n<meta name=\"robots\" content=\"index, follow, max-snippet:-1, max-image-preview:large, max-video-preview:-1\" \/>\n<link rel=\"canonical\" href=\"http:\/\/mal-auray.org\/index.php\/oenologie\/\" \/>\n<meta property=\"og:locale\" content=\"fr_FR\" \/>\n<meta property=\"og:type\" content=\"article\" \/>\n<meta property=\"og:title\" content=\"\u0152nologie - La MAL d&#039;Auray\" \/>\n<meta property=\"og:description\" content=\"Une fois par mois, venez-vous mettre au verre ! Damien, caviste nomade fondateur du \u00ab Vin au Vert \u00bb vous fera partager et vivre sa passion du vin \u00e0 travers diff\u00e9rentes th\u00e9matiques. Des AOC d\u2019ici et d\u2019ailleurs, technique de d\u00e9gustation, accords mets et vins, analyse sensorielle\u2026 Une immersion ludique et instructive dans le monde de&hellip;\" \/>\n<meta property=\"og:url\" content=\"http:\/\/mal-auray.org\/index.php\/oenologie\/\" \/>\n<meta property=\"og:site_name\" content=\"La MAL d&#039;Auray\" \/>\n<meta property=\"article:publisher\" content=\"https:\/\/www.facebook.com\/MaisonAnimationLoisirs\/\" \/>\n<meta property=\"article:modified_time\" content=\"2024-07-09T19:58:12+00:00\" \/>\n<meta name=\"twitter:card\" content=\"summary_large_image\" \/>\n<meta name=\"twitter:label1\" content=\"Dur\u00e9e de lecture estim\u00e9e\" \/>\n\t<meta name=\"twitter:data1\" content=\"1 minute\" \/>\n<script type=\"application\/ld+json\" class=\"yoast-schema-graph\">{\"@context\":\"https:\/\/schema.org\",\"@graph\":[{\"@type\":\"WebPage\",\"@id\":\"http:\/\/mal-auray.org\/index.php\/oenologie\/\",\"url\":\"http:\/\/mal-auray.org\/index.php\/oenologie\/\",\"name\":\"\u0152nologie - La MAL d&#039;Auray\",\"isPartOf\":{\"@id\":\"http:\/\/mal-auray.org\/#website\"},\"datePublished\":\"2023-05-18T22:53:02+00:00\",\"dateModified\":\"2024-07-09T19:58:12+00:00\",\"breadcrumb\":{\"@id\":\"http:\/\/mal-auray.org\/index.php\/oenologie\/#breadcrumb\"},\"inLanguage\":\"fr-FR\",\"potentialAction\":[{\"@type\":\"ReadAction\",\"target\":[\"http:\/\/mal-auray.org\/index.php\/oenologie\/\"]}]},{\"@type\":\"BreadcrumbList\",\"@id\":\"http:\/\/mal-auray.org\/index.php\/oenologie\/#breadcrumb\",\"itemListElement\":[{\"@type\":\"ListItem\",\"position\":1,\"name\":\"Accueil\",\"item\":\"http:\/\/mal-auray.org\/\"},{\"@type\":\"ListItem\",\"position\":2,\"name\":\"\u0152nologie\"}]},{\"@type\":\"WebSite\",\"@id\":\"http:\/\/mal-auray.org\/#website\",\"url\":\"http:\/\/mal-auray.org\/\",\"name\":\"La MAL d&#039;Auray\",\"description\":\"Une association de loisirs pour tous\",\"publisher\":{\"@id\":\"http:\/\/mal-auray.org\/#organization\"},\"potentialAction\":[{\"@type\":\"SearchAction\",\"target\":{\"@type\":\"EntryPoint\",\"urlTemplate\":\"http:\/\/mal-auray.org\/?s={search_term_string}\"},\"query-input\":\"required name=search_term_string\"}],\"inLanguage\":\"fr-FR\"},{\"@type\":\"Organization\",\"@id\":\"http:\/\/mal-auray.org\/#organization\",\"name\":\"La MAL d&#039;Auray\",\"url\":\"http:\/\/mal-auray.org\/\",\"logo\":{\"@type\":\"ImageObject\",\"inLanguage\":\"fr-FR\",\"@id\":\"http:\/\/mal-auray.org\/#\/schema\/logo\/image\/\",\"url\":\"http:\/\/mal-auray.org\/wp-content\/uploads\/2017\/09\/logo-MAL.png\",\"contentUrl\":\"http:\/\/mal-auray.org\/wp-content\/uploads\/2017\/09\/logo-MAL.png\",\"width\":198,\"height\":65,\"caption\":\"La MAL d&#039;Auray\"},\"image\":{\"@id\":\"http:\/\/mal-auray.org\/#\/schema\/logo\/image\/\"},\"sameAs\":[\"https:\/\/www.facebook.com\/MaisonAnimationLoisirs\/\"]}]}<\/script>\n<!-- \/ Yoast SEO plugin. -->","yoast_head_json":{"title":"\u0152nologie - La MAL d&#039;Auray","robots":{"index":"index","follow":"follow","max-snippet":"max-snippet:-1","max-image-preview":"max-image-preview:large","max-video-preview":"max-video-preview:-1"},"canonical":"http:\/\/mal-auray.org\/index.php\/oenologie\/","og_locale":"fr_FR","og_type":"article","og_title":"\u0152nologie - La MAL d&#039;Auray","og_description":"Une fois par mois, venez-vous mettre au verre ! Damien, caviste nomade fondateur du \u00ab Vin au Vert \u00bb vous fera partager et vivre sa passion du vin \u00e0 travers diff\u00e9rentes th\u00e9matiques. Des AOC d\u2019ici et d\u2019ailleurs, technique de d\u00e9gustation, accords mets et vins, analyse sensorielle\u2026 Une immersion ludique et instructive dans le monde de&hellip;","og_url":"http:\/\/mal-auray.org\/index.php\/oenologie\/","og_site_name":"La MAL d&#039;Auray","article_publisher":"https:\/\/www.facebook.com\/MaisonAnimationLoisirs\/","article_modified_time":"2024-07-09T19:58:12+00:00","twitter_card":"summary_large_image","twitter_misc":{"Dur\u00e9e de lecture estim\u00e9e":"1 minute"},"schema":{"@context":"https:\/\/schema.org","@graph":[{"@type":"WebPage","@id":"http:\/\/mal-auray.org\/index.php\/oenologie\/","url":"http:\/\/mal-auray.org\/index.php\/oenologie\/","name":"\u0152nologie - La MAL d&#039;Auray","isPartOf":{"@id":"http:\/\/mal-auray.org\/#website"},"datePublished":"2023-05-18T22:53:02+00:00","dateModified":"2024-07-09T19:58:12+00:00","breadcrumb":{"@id":"http:\/\/mal-auray.org\/index.php\/oenologie\/#breadcrumb"},"inLanguage":"fr-FR","potentialAction":[{"@type":"ReadAction","target":["http:\/\/mal-auray.org\/index.php\/oenologie\/"]}]},{"@type":"BreadcrumbList","@id":"http:\/\/mal-auray.org\/index.php\/oenologie\/#breadcrumb","itemListElement":[{"@type":"ListItem","position":1,"name":"Accueil","item":"http:\/\/mal-auray.org\/"},{"@type":"ListItem","position":2,"name":"\u0152nologie"}]},{"@type":"WebSite","@id":"http:\/\/mal-auray.org\/#website","url":"http:\/\/mal-auray.org\/","name":"La MAL d&#039;Auray","description":"Une association de loisirs pour tous","publisher":{"@id":"http:\/\/mal-auray.org\/#organization"},"potentialAction":[{"@type":"SearchAction","target":{"@type":"EntryPoint","urlTemplate":"http:\/\/mal-auray.org\/?s={search_term_string}"},"query-input":"required name=search_term_string"}],"inLanguage":"fr-FR"},{"@type":"Organization","@id":"http:\/\/mal-auray.org\/#organization","name":"La MAL d&#039;Auray","url":"http:\/\/mal-auray.org\/","logo":{"@type":"ImageObject","inLanguage":"fr-FR","@id":"http:\/\/mal-auray.org\/#\/schema\/logo\/image\/","url":"http:\/\/mal-auray.org\/wp-content\/uploads\/2017\/09\/logo-MAL.png","contentUrl":"http:\/\/mal-auray.org\/wp-content\/uploads\/2017\/09\/logo-MAL.png","width":198,"height":65,"caption":"La MAL d&#039;Auray"},"image":{"@id":"http:\/\/mal-auray.org\/#\/schema\/logo\/image\/"},"sameAs":["https:\/\/www.facebook.com\/MaisonAnimationLoisirs\/"]}]}},"_links":{"self":[{"href":"http:\/\/mal-auray.org\/index.php\/wp-json\/wp\/v2\/pages\/5013"}],"collection":[{"href":"http:\/\/mal-auray.org\/index.php\/wp-json\/wp\/v2\/pages"}],"about":[{"href":"http:\/\/mal-auray.org\/index.php\/wp-json\/wp\/v2\/types\/page"}],"author":[{"embeddable":true,"href":"http:\/\/mal-auray.org\/index.php\/wp-json\/wp\/v2\/users\/3"}],"replies":[{"embeddable":true,"href":"http:\/\/mal-auray.org\/index.php\/wp-json\/wp\/v2\/comments?post=5013"}],"version-history":[{"count":6,"href":"http:\/\/mal-auray.org\/index.php\/wp-json\/wp\/v2\/pages\/5013\/revisions"}],"predecessor-version":[{"id":5999,"href":"http:\/\/mal-auray.org\/index.php\/wp-json\/wp\/v2\/pages\/5013\/revisions\/5999"}],"wp:attachment":[{"href":"http:\/\/mal-auray.org\/index.php\/wp-json\/wp\/v2\/media?parent=5013"}],"curies":[{"name":"wp","href":"https:\/\/api.w.org\/{rel}","templated":true}]}}