{"id":4971,"date":"2023-05-18T23:51:49","date_gmt":"2023-05-18T21:51:49","guid":{"rendered":"http:\/\/mal-auray.org\/?page_id=4971"},"modified":"2024-07-09T21:51:20","modified_gmt":"2024-07-09T19:51:20","slug":"kung-fu-bagua-zhang","status":"publish","type":"page","link":"http:\/\/mal-auray.org\/index.php\/kung-fu-bagua-zhang\/","title":{"rendered":"Kung-fu bagua zhang"},"content":{"rendered":"<p>Le Bagua Zhang est un art martial interne chinois bas\u00e9 sur une strat\u00e9gie de contournement et d&rsquo;enroulement, d\u00e9velopp\u00e9 en recherchant le calme dans le mouvement. Fond\u00e9 sur une approche du combat originale, il est aussi une gestuelle de sant\u00e9 et de bien-\u00eatre permettant d\u2019atteindre un \u00e9tat de fluidit\u00e9 et de non-r\u00e9sistance qui peut \u00eatre appliqu\u00e9 dans tous les aspects de la vie.<\/p>\n<p><strong>Intervenant :<\/strong> Lo\u00efc DENIS<\/p>\n<blockquote><p><strong>Horaires, tarifs et inscriptions :<\/strong> <a href=\"https:\/\/mal-auray.goasso.org\/activites?q%5Bactivity_schedules_schedule_type_in%5D%5B%5D=0&amp;q%5Bactivity_schedules_schedule_type_in%5D%5B%5D=3&amp;q%5Bactivity_schedules_sub_schedule_type_eq%5D=0\">c&rsquo;est par ici<\/a><\/p><\/blockquote>\n","protected":false},"excerpt":{"rendered":"<p>Le Bagua Zhang est un art martial interne chinois bas\u00e9 sur une strat\u00e9gie de contournement et d&rsquo;enroulement, d\u00e9velopp\u00e9 en recherchant le calme dans le mouvement. Fond\u00e9 sur une approche du combat originale, il est aussi une gestuelle de sant\u00e9 et de bien-\u00eatre permettant d\u2019atteindre un \u00e9tat de fluidit\u00e9 et de non-r\u00e9sistance qui peut \u00eatre appliqu\u00e9&hellip;<\/p>\n","protected":false},"author":3,"featured_media":0,"parent":0,"menu_order":0,"comment_status":"closed","ping_status":"closed","template":"","meta":[],"yoast_head":"<!-- This site is optimized with the Yoast SEO plugin v20.4 - https:\/\/yoast.com\/wordpress\/plugins\/seo\/ -->\n<title>Kung-fu bagua zhang - La MAL d&#039;Auray<\/title>\n<meta name=\"robots\" content=\"index, follow, max-snippet:-1, max-image-preview:large, max-video-preview:-1\" \/>\n<link rel=\"canonical\" href=\"https:\/\/mal-auray.org\/index.php\/kung-fu-bagua-zhang\/\" \/>\n<meta property=\"og:locale\" content=\"fr_FR\" \/>\n<meta property=\"og:type\" content=\"article\" \/>\n<meta property=\"og:title\" content=\"Kung-fu bagua zhang - La MAL d&#039;Auray\" \/>\n<meta property=\"og:description\" content=\"Le Bagua Zhang est un art martial interne chinois bas\u00e9 sur une strat\u00e9gie de contournement et d&rsquo;enroulement, d\u00e9velopp\u00e9 en recherchant le calme dans le mouvement. Fond\u00e9 sur une approche du combat originale, il est aussi une gestuelle de sant\u00e9 et de bien-\u00eatre permettant d\u2019atteindre un \u00e9tat de fluidit\u00e9 et de non-r\u00e9sistance qui peut \u00eatre appliqu\u00e9&hellip;\" \/>\n<meta property=\"og:url\" content=\"https:\/\/mal-auray.org\/index.php\/kung-fu-bagua-zhang\/\" \/>\n<meta property=\"og:site_name\" content=\"La MAL d&#039;Auray\" \/>\n<meta property=\"article:publisher\" content=\"https:\/\/www.facebook.com\/MaisonAnimationLoisirs\/\" \/>\n<meta property=\"article:modified_time\" content=\"2024-07-09T19:51:20+00:00\" \/>\n<meta name=\"twitter:card\" content=\"summary_large_image\" \/>\n<meta name=\"twitter:label1\" content=\"Dur\u00e9e de lecture estim\u00e9e\" \/>\n\t<meta name=\"twitter:data1\" content=\"1 minute\" \/>\n<script type=\"application\/ld+json\" class=\"yoast-schema-graph\">{\"@context\":\"https:\/\/schema.org\",\"@graph\":[{\"@type\":\"WebPage\",\"@id\":\"https:\/\/mal-auray.org\/index.php\/kung-fu-bagua-zhang\/\",\"url\":\"https:\/\/mal-auray.org\/index.php\/kung-fu-bagua-zhang\/\",\"name\":\"Kung-fu bagua zhang - La MAL d&#039;Auray\",\"isPartOf\":{\"@id\":\"http:\/\/mal-auray.org\/#website\"},\"datePublished\":\"2023-05-18T21:51:49+00:00\",\"dateModified\":\"2024-07-09T19:51:20+00:00\",\"breadcrumb\":{\"@id\":\"https:\/\/mal-auray.org\/index.php\/kung-fu-bagua-zhang\/#breadcrumb\"},\"inLanguage\":\"fr-FR\",\"potentialAction\":[{\"@type\":\"ReadAction\",\"target\":[\"https:\/\/mal-auray.org\/index.php\/kung-fu-bagua-zhang\/\"]}]},{\"@type\":\"BreadcrumbList\",\"@id\":\"https:\/\/mal-auray.org\/index.php\/kung-fu-bagua-zhang\/#breadcrumb\",\"itemListElement\":[{\"@type\":\"ListItem\",\"position\":1,\"name\":\"Accueil\",\"item\":\"http:\/\/mal-auray.org\/\"},{\"@type\":\"ListItem\",\"position\":2,\"name\":\"Kung-fu bagua zhang\"}]},{\"@type\":\"WebSite\",\"@id\":\"http:\/\/mal-auray.org\/#website\",\"url\":\"http:\/\/mal-auray.org\/\",\"name\":\"La MAL d&#039;Auray\",\"description\":\"Une association de loisirs pour tous\",\"publisher\":{\"@id\":\"http:\/\/mal-auray.org\/#organization\"},\"potentialAction\":[{\"@type\":\"SearchAction\",\"target\":{\"@type\":\"EntryPoint\",\"urlTemplate\":\"http:\/\/mal-auray.org\/?s={search_term_string}\"},\"query-input\":\"required name=search_term_string\"}],\"inLanguage\":\"fr-FR\"},{\"@type\":\"Organization\",\"@id\":\"http:\/\/mal-auray.org\/#organization\",\"name\":\"La MAL d&#039;Auray\",\"url\":\"http:\/\/mal-auray.org\/\",\"logo\":{\"@type\":\"ImageObject\",\"inLanguage\":\"fr-FR\",\"@id\":\"http:\/\/mal-auray.org\/#\/schema\/logo\/image\/\",\"url\":\"http:\/\/mal-auray.org\/wp-content\/uploads\/2017\/09\/logo-MAL.png\",\"contentUrl\":\"http:\/\/mal-auray.org\/wp-content\/uploads\/2017\/09\/logo-MAL.png\",\"width\":198,\"height\":65,\"caption\":\"La MAL d&#039;Auray\"},\"image\":{\"@id\":\"http:\/\/mal-auray.org\/#\/schema\/logo\/image\/\"},\"sameAs\":[\"https:\/\/www.facebook.com\/MaisonAnimationLoisirs\/\"]}]}<\/script>\n<!-- \/ Yoast SEO plugin. -->","yoast_head_json":{"title":"Kung-fu bagua zhang - La MAL d&#039;Auray","robots":{"index":"index","follow":"follow","max-snippet":"max-snippet:-1","max-image-preview":"max-image-preview:large","max-video-preview":"max-video-preview:-1"},"canonical":"https:\/\/mal-auray.org\/index.php\/kung-fu-bagua-zhang\/","og_locale":"fr_FR","og_type":"article","og_title":"Kung-fu bagua zhang - La MAL d&#039;Auray","og_description":"Le Bagua Zhang est un art martial interne chinois bas\u00e9 sur une strat\u00e9gie de contournement et d&rsquo;enroulement, d\u00e9velopp\u00e9 en recherchant le calme dans le mouvement. Fond\u00e9 sur une approche du combat originale, il est aussi une gestuelle de sant\u00e9 et de bien-\u00eatre permettant d\u2019atteindre un \u00e9tat de fluidit\u00e9 et de non-r\u00e9sistance qui peut \u00eatre appliqu\u00e9&hellip;","og_url":"https:\/\/mal-auray.org\/index.php\/kung-fu-bagua-zhang\/","og_site_name":"La MAL d&#039;Auray","article_publisher":"https:\/\/www.facebook.com\/MaisonAnimationLoisirs\/","article_modified_time":"2024-07-09T19:51:20+00:00","twitter_card":"summary_large_image","twitter_misc":{"Dur\u00e9e de lecture estim\u00e9e":"1 minute"},"schema":{"@context":"https:\/\/schema.org","@graph":[{"@type":"WebPage","@id":"https:\/\/mal-auray.org\/index.php\/kung-fu-bagua-zhang\/","url":"https:\/\/mal-auray.org\/index.php\/kung-fu-bagua-zhang\/","name":"Kung-fu bagua zhang - La MAL d&#039;Auray","isPartOf":{"@id":"http:\/\/mal-auray.org\/#website"},"datePublished":"2023-05-18T21:51:49+00:00","dateModified":"2024-07-09T19:51:20+00:00","breadcrumb":{"@id":"https:\/\/mal-auray.org\/index.php\/kung-fu-bagua-zhang\/#breadcrumb"},"inLanguage":"fr-FR","potentialAction":[{"@type":"ReadAction","target":["https:\/\/mal-auray.org\/index.php\/kung-fu-bagua-zhang\/"]}]},{"@type":"BreadcrumbList","@id":"https:\/\/mal-auray.org\/index.php\/kung-fu-bagua-zhang\/#breadcrumb","itemListElement":[{"@type":"ListItem","position":1,"name":"Accueil","item":"http:\/\/mal-auray.org\/"},{"@type":"ListItem","position":2,"name":"Kung-fu bagua zhang"}]},{"@type":"WebSite","@id":"http:\/\/mal-auray.org\/#website","url":"http:\/\/mal-auray.org\/","name":"La MAL d&#039;Auray","description":"Une association de loisirs pour tous","publisher":{"@id":"http:\/\/mal-auray.org\/#organization"},"potentialAction":[{"@type":"SearchAction","target":{"@type":"EntryPoint","urlTemplate":"http:\/\/mal-auray.org\/?s={search_term_string}"},"query-input":"required name=search_term_string"}],"inLanguage":"fr-FR"},{"@type":"Organization","@id":"http:\/\/mal-auray.org\/#organization","name":"La MAL d&#039;Auray","url":"http:\/\/mal-auray.org\/","logo":{"@type":"ImageObject","inLanguage":"fr-FR","@id":"http:\/\/mal-auray.org\/#\/schema\/logo\/image\/","url":"http:\/\/mal-auray.org\/wp-content\/uploads\/2017\/09\/logo-MAL.png","contentUrl":"http:\/\/mal-auray.org\/wp-content\/uploads\/2017\/09\/logo-MAL.png","width":198,"height":65,"caption":"La MAL d&#039;Auray"},"image":{"@id":"http:\/\/mal-auray.org\/#\/schema\/logo\/image\/"},"sameAs":["https:\/\/www.facebook.com\/MaisonAnimationLoisirs\/"]}]}},"_links":{"self":[{"href":"http:\/\/mal-auray.org\/index.php\/wp-json\/wp\/v2\/pages\/4971"}],"collection":[{"href":"http:\/\/mal-auray.org\/index.php\/wp-json\/wp\/v2\/pages"}],"about":[{"href":"http:\/\/mal-auray.org\/index.php\/wp-json\/wp\/v2\/types\/page"}],"author":[{"embeddable":true,"href":"http:\/\/mal-auray.org\/index.php\/wp-json\/wp\/v2\/users\/3"}],"replies":[{"embeddable":true,"href":"http:\/\/mal-auray.org\/index.php\/wp-json\/wp\/v2\/comments?post=4971"}],"version-history":[{"count":8,"href":"http:\/\/mal-auray.org\/index.php\/wp-json\/wp\/v2\/pages\/4971\/revisions"}],"predecessor-version":[{"id":5985,"href":"http:\/\/mal-auray.org\/index.php\/wp-json\/wp\/v2\/pages\/4971\/revisions\/5985"}],"wp:attachment":[{"href":"http:\/\/mal-auray.org\/index.php\/wp-json\/wp\/v2\/media?parent=4971"}],"curies":[{"name":"wp","href":"https:\/\/api.w.org\/{rel}","templated":true}]}}