{"id":4927,"date":"2023-05-18T21:14:02","date_gmt":"2023-05-18T19:14:02","guid":{"rendered":"http:\/\/mal-auray.org\/?page_id=4927"},"modified":"2024-07-09T21:41:03","modified_gmt":"2024-07-09T19:41:03","slug":"cirque-2","status":"publish","type":"page","link":"http:\/\/mal-auray.org\/index.php\/cirque-2\/","title":{"rendered":"Cirque"},"content":{"rendered":"<p>Les ateliers sont ax\u00e9s sur le d\u00e9veloppement de la motricit\u00e9, la souplesse, la jonglerie, la pyramide, le fil&#8230; Ces exercices permettent \u00e0 l\u2019\u00e9l\u00e8ve de gagner en agilit\u00e9, en coordination des mouvements, de canaliser son \u00e9nergie, d\u2019affiner son \u00e9coute autour de jeux en groupe.<\/p>\n<p><strong>Intervenante :<\/strong> l&rsquo;\u00c9cole de cirque Equilibres<\/p>\n<blockquote><p><strong>Horaires, tarifs et inscriptions :<\/strong> <a href=\"https:\/\/mal-auray.goasso.org\/activites?q%5Bactivity_schedules_schedule_type_in%5D%5B%5D=0&amp;q%5Bactivity_schedules_schedule_type_in%5D%5B%5D=3&amp;q%5Bactivity_schedules_sub_schedule_type_eq%5D=0\">c&rsquo;est par ici<\/a><\/p><\/blockquote>\n","protected":false},"excerpt":{"rendered":"<p>Les ateliers sont ax\u00e9s sur le d\u00e9veloppement de la motricit\u00e9, la souplesse, la jonglerie, la pyramide, le fil&#8230; Ces exercices permettent \u00e0 l\u2019\u00e9l\u00e8ve de gagner en agilit\u00e9, en coordination des mouvements, de canaliser son \u00e9nergie, d\u2019affiner son \u00e9coute autour de jeux en groupe. Intervenante : l&rsquo;\u00c9cole de cirque Equilibres Horaires, tarifs et inscriptions : c&rsquo;est&hellip;<\/p>\n","protected":false},"author":3,"featured_media":0,"parent":0,"menu_order":0,"comment_status":"closed","ping_status":"closed","template":"","meta":[],"yoast_head":"<!-- This site is optimized with the Yoast SEO plugin v20.4 - https:\/\/yoast.com\/wordpress\/plugins\/seo\/ -->\n<title>Cirque - La MAL d&#039;Auray<\/title>\n<meta name=\"robots\" content=\"index, follow, max-snippet:-1, max-image-preview:large, max-video-preview:-1\" \/>\n<link rel=\"canonical\" href=\"http:\/\/mal-auray.org\/index.php\/cirque-2\/\" \/>\n<meta property=\"og:locale\" content=\"fr_FR\" \/>\n<meta property=\"og:type\" content=\"article\" \/>\n<meta property=\"og:title\" content=\"Cirque - La MAL d&#039;Auray\" \/>\n<meta property=\"og:description\" content=\"Les ateliers sont ax\u00e9s sur le d\u00e9veloppement de la motricit\u00e9, la souplesse, la jonglerie, la pyramide, le fil&#8230; Ces exercices permettent \u00e0 l\u2019\u00e9l\u00e8ve de gagner en agilit\u00e9, en coordination des mouvements, de canaliser son \u00e9nergie, d\u2019affiner son \u00e9coute autour de jeux en groupe. Intervenante : l&rsquo;\u00c9cole de cirque Equilibres Horaires, tarifs et inscriptions : c&rsquo;est&hellip;\" \/>\n<meta property=\"og:url\" content=\"http:\/\/mal-auray.org\/index.php\/cirque-2\/\" \/>\n<meta property=\"og:site_name\" content=\"La MAL d&#039;Auray\" \/>\n<meta property=\"article:publisher\" content=\"https:\/\/www.facebook.com\/MaisonAnimationLoisirs\/\" \/>\n<meta property=\"article:modified_time\" content=\"2024-07-09T19:41:03+00:00\" \/>\n<meta name=\"twitter:card\" content=\"summary_large_image\" \/>\n<meta name=\"twitter:label1\" content=\"Dur\u00e9e de lecture estim\u00e9e\" \/>\n\t<meta name=\"twitter:data1\" content=\"1 minute\" \/>\n<script type=\"application\/ld+json\" class=\"yoast-schema-graph\">{\"@context\":\"https:\/\/schema.org\",\"@graph\":[{\"@type\":\"WebPage\",\"@id\":\"http:\/\/mal-auray.org\/index.php\/cirque-2\/\",\"url\":\"http:\/\/mal-auray.org\/index.php\/cirque-2\/\",\"name\":\"Cirque - La MAL d&#039;Auray\",\"isPartOf\":{\"@id\":\"http:\/\/mal-auray.org\/#website\"},\"datePublished\":\"2023-05-18T19:14:02+00:00\",\"dateModified\":\"2024-07-09T19:41:03+00:00\",\"breadcrumb\":{\"@id\":\"http:\/\/mal-auray.org\/index.php\/cirque-2\/#breadcrumb\"},\"inLanguage\":\"fr-FR\",\"potentialAction\":[{\"@type\":\"ReadAction\",\"target\":[\"http:\/\/mal-auray.org\/index.php\/cirque-2\/\"]}]},{\"@type\":\"BreadcrumbList\",\"@id\":\"http:\/\/mal-auray.org\/index.php\/cirque-2\/#breadcrumb\",\"itemListElement\":[{\"@type\":\"ListItem\",\"position\":1,\"name\":\"Accueil\",\"item\":\"http:\/\/mal-auray.org\/\"},{\"@type\":\"ListItem\",\"position\":2,\"name\":\"Cirque\"}]},{\"@type\":\"WebSite\",\"@id\":\"http:\/\/mal-auray.org\/#website\",\"url\":\"http:\/\/mal-auray.org\/\",\"name\":\"La MAL d&#039;Auray\",\"description\":\"Une association de loisirs pour tous\",\"publisher\":{\"@id\":\"http:\/\/mal-auray.org\/#organization\"},\"potentialAction\":[{\"@type\":\"SearchAction\",\"target\":{\"@type\":\"EntryPoint\",\"urlTemplate\":\"http:\/\/mal-auray.org\/?s={search_term_string}\"},\"query-input\":\"required name=search_term_string\"}],\"inLanguage\":\"fr-FR\"},{\"@type\":\"Organization\",\"@id\":\"http:\/\/mal-auray.org\/#organization\",\"name\":\"La MAL d&#039;Auray\",\"url\":\"http:\/\/mal-auray.org\/\",\"logo\":{\"@type\":\"ImageObject\",\"inLanguage\":\"fr-FR\",\"@id\":\"http:\/\/mal-auray.org\/#\/schema\/logo\/image\/\",\"url\":\"http:\/\/mal-auray.org\/wp-content\/uploads\/2017\/09\/logo-MAL.png\",\"contentUrl\":\"http:\/\/mal-auray.org\/wp-content\/uploads\/2017\/09\/logo-MAL.png\",\"width\":198,\"height\":65,\"caption\":\"La MAL d&#039;Auray\"},\"image\":{\"@id\":\"http:\/\/mal-auray.org\/#\/schema\/logo\/image\/\"},\"sameAs\":[\"https:\/\/www.facebook.com\/MaisonAnimationLoisirs\/\"]}]}<\/script>\n<!-- \/ Yoast SEO plugin. -->","yoast_head_json":{"title":"Cirque - La MAL d&#039;Auray","robots":{"index":"index","follow":"follow","max-snippet":"max-snippet:-1","max-image-preview":"max-image-preview:large","max-video-preview":"max-video-preview:-1"},"canonical":"http:\/\/mal-auray.org\/index.php\/cirque-2\/","og_locale":"fr_FR","og_type":"article","og_title":"Cirque - La MAL d&#039;Auray","og_description":"Les ateliers sont ax\u00e9s sur le d\u00e9veloppement de la motricit\u00e9, la souplesse, la jonglerie, la pyramide, le fil&#8230; Ces exercices permettent \u00e0 l\u2019\u00e9l\u00e8ve de gagner en agilit\u00e9, en coordination des mouvements, de canaliser son \u00e9nergie, d\u2019affiner son \u00e9coute autour de jeux en groupe. Intervenante : l&rsquo;\u00c9cole de cirque Equilibres Horaires, tarifs et inscriptions : c&rsquo;est&hellip;","og_url":"http:\/\/mal-auray.org\/index.php\/cirque-2\/","og_site_name":"La MAL d&#039;Auray","article_publisher":"https:\/\/www.facebook.com\/MaisonAnimationLoisirs\/","article_modified_time":"2024-07-09T19:41:03+00:00","twitter_card":"summary_large_image","twitter_misc":{"Dur\u00e9e de lecture estim\u00e9e":"1 minute"},"schema":{"@context":"https:\/\/schema.org","@graph":[{"@type":"WebPage","@id":"http:\/\/mal-auray.org\/index.php\/cirque-2\/","url":"http:\/\/mal-auray.org\/index.php\/cirque-2\/","name":"Cirque - La MAL d&#039;Auray","isPartOf":{"@id":"http:\/\/mal-auray.org\/#website"},"datePublished":"2023-05-18T19:14:02+00:00","dateModified":"2024-07-09T19:41:03+00:00","breadcrumb":{"@id":"http:\/\/mal-auray.org\/index.php\/cirque-2\/#breadcrumb"},"inLanguage":"fr-FR","potentialAction":[{"@type":"ReadAction","target":["http:\/\/mal-auray.org\/index.php\/cirque-2\/"]}]},{"@type":"BreadcrumbList","@id":"http:\/\/mal-auray.org\/index.php\/cirque-2\/#breadcrumb","itemListElement":[{"@type":"ListItem","position":1,"name":"Accueil","item":"http:\/\/mal-auray.org\/"},{"@type":"ListItem","position":2,"name":"Cirque"}]},{"@type":"WebSite","@id":"http:\/\/mal-auray.org\/#website","url":"http:\/\/mal-auray.org\/","name":"La MAL d&#039;Auray","description":"Une association de loisirs pour tous","publisher":{"@id":"http:\/\/mal-auray.org\/#organization"},"potentialAction":[{"@type":"SearchAction","target":{"@type":"EntryPoint","urlTemplate":"http:\/\/mal-auray.org\/?s={search_term_string}"},"query-input":"required name=search_term_string"}],"inLanguage":"fr-FR"},{"@type":"Organization","@id":"http:\/\/mal-auray.org\/#organization","name":"La MAL d&#039;Auray","url":"http:\/\/mal-auray.org\/","logo":{"@type":"ImageObject","inLanguage":"fr-FR","@id":"http:\/\/mal-auray.org\/#\/schema\/logo\/image\/","url":"http:\/\/mal-auray.org\/wp-content\/uploads\/2017\/09\/logo-MAL.png","contentUrl":"http:\/\/mal-auray.org\/wp-content\/uploads\/2017\/09\/logo-MAL.png","width":198,"height":65,"caption":"La MAL d&#039;Auray"},"image":{"@id":"http:\/\/mal-auray.org\/#\/schema\/logo\/image\/"},"sameAs":["https:\/\/www.facebook.com\/MaisonAnimationLoisirs\/"]}]}},"_links":{"self":[{"href":"http:\/\/mal-auray.org\/index.php\/wp-json\/wp\/v2\/pages\/4927"}],"collection":[{"href":"http:\/\/mal-auray.org\/index.php\/wp-json\/wp\/v2\/pages"}],"about":[{"href":"http:\/\/mal-auray.org\/index.php\/wp-json\/wp\/v2\/types\/page"}],"author":[{"embeddable":true,"href":"http:\/\/mal-auray.org\/index.php\/wp-json\/wp\/v2\/users\/3"}],"replies":[{"embeddable":true,"href":"http:\/\/mal-auray.org\/index.php\/wp-json\/wp\/v2\/comments?post=4927"}],"version-history":[{"count":7,"href":"http:\/\/mal-auray.org\/index.php\/wp-json\/wp\/v2\/pages\/4927\/revisions"}],"predecessor-version":[{"id":5961,"href":"http:\/\/mal-auray.org\/index.php\/wp-json\/wp\/v2\/pages\/4927\/revisions\/5961"}],"wp:attachment":[{"href":"http:\/\/mal-auray.org\/index.php\/wp-json\/wp\/v2\/media?parent=4927"}],"curies":[{"name":"wp","href":"https:\/\/api.w.org\/{rel}","templated":true}]}}