{"id":1942,"date":"2017-09-07T21:17:30","date_gmt":"2017-09-07T19:17:30","guid":{"rendered":"http:\/\/mal-auray.org\/?page_id=1942"},"modified":"2026-01-30T10:26:38","modified_gmt":"2026-01-30T09:26:38","slug":"stages","status":"publish","type":"page","link":"http:\/\/mal-auray.org\/index.php\/stages\/","title":{"rendered":"Stages"},"content":{"rendered":"<p>[vc_row][vc_column]<div class=\"shortcode-single-image-wrap alignnone \" style=\"margin-top:0px; margin-bottom:0px; margin-left:0px; margin-right:0px; width:500px;\"><div class=\"shortcode-single-image\"><div class=\"fancy-media-wrap\" style=\"\"><a href=\"https:\/\/mal-auray.goasso.org\/\" class=\" layzr-bg rollover\" style=\"\" target=\"_blank\" rel=\"noopener\" aria-label=\"Image\"><img class=\"preload-me lazy-load\" src=\"data:image\/svg+xml,%3Csvg%20xmlns%3D&#39;http%3A%2F%2Fwww.w3.org%2F2000%2Fsvg&#39;%20viewBox%3D&#39;0%200%20500%20707&#39;%2F%3E\" data-src=\"http:\/\/mal-auray.org\/wp-content\/uploads\/2026\/01\/v2-Planning-vacances-dhiver-2-500x707.jpg\" data-srcset=\"http:\/\/mal-auray.org\/wp-content\/uploads\/2026\/01\/v2-Planning-vacances-dhiver-2-500x707.jpg 500w, http:\/\/mal-auray.org\/wp-content\/uploads\/2026\/01\/v2-Planning-vacances-dhiver-2-1000x1414.jpg 1000w\" width=\"500\" height=\"707\"  data-dt-location=\"http:\/\/mal-auray.org\/index.php\/stages\/v2-planning-vacances-dhiver-2\/\" alt=\"\" \/><\/a><\/div><\/div><\/div><div class=\"shortcode-single-image-wrap alignnone \" style=\"margin-top:0px; margin-bottom:0px; margin-left:0px; margin-right:0px; width:500px;\"><div class=\"shortcode-single-image\"><div class=\"fancy-media-wrap\" style=\"\"><a href=\"https:\/\/mal-auray.goasso.org\/\" class=\" layzr-bg rollover\" style=\"\" target=\"_blank\" rel=\"noopener\" aria-label=\"Image\"><img class=\"preload-me lazy-load\" src=\"data:image\/svg+xml,%3Csvg%20xmlns%3D&#39;http%3A%2F%2Fwww.w3.org%2F2000%2Fsvg&#39;%20viewBox%3D&#39;0%200%20500%20707&#39;%2F%3E\" data-src=\"http:\/\/mal-auray.org\/wp-content\/uploads\/2026\/01\/v2-sans-cirque-Planning-loisirs-vacs-hiver-1-500x707.jpg\" data-srcset=\"http:\/\/mal-auray.org\/wp-content\/uploads\/2026\/01\/v2-sans-cirque-Planning-loisirs-vacs-hiver-1-500x707.jpg 500w, http:\/\/mal-auray.org\/wp-content\/uploads\/2026\/01\/v2-sans-cirque-Planning-loisirs-vacs-hiver-1-1000x1414.jpg 1000w\" width=\"500\" height=\"707\"  data-dt-location=\"http:\/\/mal-auray.org\/index.php\/maison-d-animation-et-des-loisirs-mal-auray\/v2-sans-cirque-planning-loisirs-vacs-hiver-1\/\" alt=\"\" \/><\/a><\/div><\/div><\/div><div class=\"shortcode-single-image-wrap alignnone \" style=\"margin-top:0px; margin-bottom:0px; margin-left:0px; margin-right:0px; width:500px;\"><div class=\"shortcode-single-image\"><div class=\"fancy-media-wrap  layzr-bg\" style=\"\"><img class=\"preload-me lazy-load\" src=\"data:image\/svg+xml,%3Csvg%20xmlns%3D&#39;http%3A%2F%2Fwww.w3.org%2F2000%2Fsvg&#39;%20viewBox%3D&#39;0%200%20500%20707&#39;%2F%3E\" data-src=\"http:\/\/mal-auray.org\/wp-content\/uploads\/2026\/01\/Programme-sport-1-500x707.jpg\" data-srcset=\"http:\/\/mal-auray.org\/wp-content\/uploads\/2026\/01\/Programme-sport-1-500x707.jpg 500w, http:\/\/mal-auray.org\/wp-content\/uploads\/2026\/01\/Programme-sport-1-1000x1414.jpg 1000w\" width=\"500\" height=\"707\"  data-dt-location=\"http:\/\/mal-auray.org\/index.php\/maison-d-animation-et-des-loisirs-mal-auray\/programme-sport-1\/\" style=\"\" alt=\"\" \/><\/div><\/div><\/div>[\/vc_column][\/vc_row]<\/p>\n","protected":false},"excerpt":{"rendered":"<p>[vc_row][vc_column][\/vc_column][\/vc_row]<\/p>\n","protected":false},"author":1,"featured_media":0,"parent":0,"menu_order":0,"comment_status":"closed","ping_status":"closed","template":"","meta":[],"yoast_head":"<!-- This site is optimized with the Yoast SEO plugin v20.4 - https:\/\/yoast.com\/wordpress\/plugins\/seo\/ -->\n<title>Stages - La MAL d&#039;Auray<\/title>\n<meta name=\"description\" content=\"La MAL vous propose des stages r\u00e9guliers : cuisine, longe-c\u00f4te, oenologie, aquarelle, yoga, relaxation, m\u00e9ditation, r\u00e9flexologie, cirque, vid\u00e9o, patine...\" \/>\n<meta name=\"robots\" content=\"index, follow, max-snippet:-1, max-image-preview:large, max-video-preview:-1\" \/>\n<link rel=\"canonical\" href=\"http:\/\/mal-auray.org\/index.php\/stages\/\" \/>\n<meta property=\"og:locale\" content=\"fr_FR\" \/>\n<meta property=\"og:type\" content=\"article\" \/>\n<meta property=\"og:title\" content=\"Stages - La MAL d&#039;Auray\" \/>\n<meta property=\"og:description\" content=\"La MAL vous propose des stages r\u00e9guliers : cuisine, longe-c\u00f4te, oenologie, aquarelle, yoga, relaxation, m\u00e9ditation, r\u00e9flexologie, cirque, vid\u00e9o, patine...\" \/>\n<meta property=\"og:url\" content=\"http:\/\/mal-auray.org\/index.php\/stages\/\" \/>\n<meta property=\"og:site_name\" content=\"La MAL d&#039;Auray\" \/>\n<meta property=\"article:publisher\" content=\"https:\/\/www.facebook.com\/MaisonAnimationLoisirs\/\" \/>\n<meta property=\"article:modified_time\" content=\"2026-01-30T09:26:38+00:00\" \/>\n<meta name=\"twitter:card\" content=\"summary_large_image\" \/>\n<meta name=\"twitter:label1\" content=\"Dur\u00e9e de lecture estim\u00e9e\" \/>\n\t<meta name=\"twitter:data1\" content=\"4 minutes\" \/>\n<script type=\"application\/ld+json\" class=\"yoast-schema-graph\">{\"@context\":\"https:\/\/schema.org\",\"@graph\":[{\"@type\":\"WebPage\",\"@id\":\"http:\/\/mal-auray.org\/index.php\/stages\/\",\"url\":\"http:\/\/mal-auray.org\/index.php\/stages\/\",\"name\":\"Stages - La MAL d&#039;Auray\",\"isPartOf\":{\"@id\":\"http:\/\/mal-auray.org\/#website\"},\"datePublished\":\"2017-09-07T19:17:30+00:00\",\"dateModified\":\"2026-01-30T09:26:38+00:00\",\"description\":\"La MAL vous propose des stages r\u00e9guliers : cuisine, longe-c\u00f4te, oenologie, aquarelle, yoga, relaxation, m\u00e9ditation, r\u00e9flexologie, cirque, vid\u00e9o, patine...\",\"breadcrumb\":{\"@id\":\"http:\/\/mal-auray.org\/index.php\/stages\/#breadcrumb\"},\"inLanguage\":\"fr-FR\",\"potentialAction\":[{\"@type\":\"ReadAction\",\"target\":[\"http:\/\/mal-auray.org\/index.php\/stages\/\"]}]},{\"@type\":\"BreadcrumbList\",\"@id\":\"http:\/\/mal-auray.org\/index.php\/stages\/#breadcrumb\",\"itemListElement\":[{\"@type\":\"ListItem\",\"position\":1,\"name\":\"Accueil\",\"item\":\"http:\/\/mal-auray.org\/\"},{\"@type\":\"ListItem\",\"position\":2,\"name\":\"Stages\"}]},{\"@type\":\"WebSite\",\"@id\":\"http:\/\/mal-auray.org\/#website\",\"url\":\"http:\/\/mal-auray.org\/\",\"name\":\"La MAL d&#039;Auray\",\"description\":\"Une association de loisirs pour tous\",\"publisher\":{\"@id\":\"http:\/\/mal-auray.org\/#organization\"},\"potentialAction\":[{\"@type\":\"SearchAction\",\"target\":{\"@type\":\"EntryPoint\",\"urlTemplate\":\"http:\/\/mal-auray.org\/?s={search_term_string}\"},\"query-input\":\"required name=search_term_string\"}],\"inLanguage\":\"fr-FR\"},{\"@type\":\"Organization\",\"@id\":\"http:\/\/mal-auray.org\/#organization\",\"name\":\"La MAL d&#039;Auray\",\"url\":\"http:\/\/mal-auray.org\/\",\"logo\":{\"@type\":\"ImageObject\",\"inLanguage\":\"fr-FR\",\"@id\":\"http:\/\/mal-auray.org\/#\/schema\/logo\/image\/\",\"url\":\"http:\/\/mal-auray.org\/wp-content\/uploads\/2017\/09\/logo-MAL.png\",\"contentUrl\":\"http:\/\/mal-auray.org\/wp-content\/uploads\/2017\/09\/logo-MAL.png\",\"width\":198,\"height\":65,\"caption\":\"La MAL d&#039;Auray\"},\"image\":{\"@id\":\"http:\/\/mal-auray.org\/#\/schema\/logo\/image\/\"},\"sameAs\":[\"https:\/\/www.facebook.com\/MaisonAnimationLoisirs\/\"]}]}<\/script>\n<!-- \/ Yoast SEO plugin. -->","yoast_head_json":{"title":"Stages - La MAL d&#039;Auray","description":"La MAL vous propose des stages r\u00e9guliers : cuisine, longe-c\u00f4te, oenologie, aquarelle, yoga, relaxation, m\u00e9ditation, r\u00e9flexologie, cirque, vid\u00e9o, patine...","robots":{"index":"index","follow":"follow","max-snippet":"max-snippet:-1","max-image-preview":"max-image-preview:large","max-video-preview":"max-video-preview:-1"},"canonical":"http:\/\/mal-auray.org\/index.php\/stages\/","og_locale":"fr_FR","og_type":"article","og_title":"Stages - La MAL d&#039;Auray","og_description":"La MAL vous propose des stages r\u00e9guliers : cuisine, longe-c\u00f4te, oenologie, aquarelle, yoga, relaxation, m\u00e9ditation, r\u00e9flexologie, cirque, vid\u00e9o, patine...","og_url":"http:\/\/mal-auray.org\/index.php\/stages\/","og_site_name":"La MAL d&#039;Auray","article_publisher":"https:\/\/www.facebook.com\/MaisonAnimationLoisirs\/","article_modified_time":"2026-01-30T09:26:38+00:00","twitter_card":"summary_large_image","twitter_misc":{"Dur\u00e9e de lecture estim\u00e9e":"4 minutes"},"schema":{"@context":"https:\/\/schema.org","@graph":[{"@type":"WebPage","@id":"http:\/\/mal-auray.org\/index.php\/stages\/","url":"http:\/\/mal-auray.org\/index.php\/stages\/","name":"Stages - La MAL d&#039;Auray","isPartOf":{"@id":"http:\/\/mal-auray.org\/#website"},"datePublished":"2017-09-07T19:17:30+00:00","dateModified":"2026-01-30T09:26:38+00:00","description":"La MAL vous propose des stages r\u00e9guliers : cuisine, longe-c\u00f4te, oenologie, aquarelle, yoga, relaxation, m\u00e9ditation, r\u00e9flexologie, cirque, vid\u00e9o, patine...","breadcrumb":{"@id":"http:\/\/mal-auray.org\/index.php\/stages\/#breadcrumb"},"inLanguage":"fr-FR","potentialAction":[{"@type":"ReadAction","target":["http:\/\/mal-auray.org\/index.php\/stages\/"]}]},{"@type":"BreadcrumbList","@id":"http:\/\/mal-auray.org\/index.php\/stages\/#breadcrumb","itemListElement":[{"@type":"ListItem","position":1,"name":"Accueil","item":"http:\/\/mal-auray.org\/"},{"@type":"ListItem","position":2,"name":"Stages"}]},{"@type":"WebSite","@id":"http:\/\/mal-auray.org\/#website","url":"http:\/\/mal-auray.org\/","name":"La MAL d&#039;Auray","description":"Une association de loisirs pour tous","publisher":{"@id":"http:\/\/mal-auray.org\/#organization"},"potentialAction":[{"@type":"SearchAction","target":{"@type":"EntryPoint","urlTemplate":"http:\/\/mal-auray.org\/?s={search_term_string}"},"query-input":"required name=search_term_string"}],"inLanguage":"fr-FR"},{"@type":"Organization","@id":"http:\/\/mal-auray.org\/#organization","name":"La MAL d&#039;Auray","url":"http:\/\/mal-auray.org\/","logo":{"@type":"ImageObject","inLanguage":"fr-FR","@id":"http:\/\/mal-auray.org\/#\/schema\/logo\/image\/","url":"http:\/\/mal-auray.org\/wp-content\/uploads\/2017\/09\/logo-MAL.png","contentUrl":"http:\/\/mal-auray.org\/wp-content\/uploads\/2017\/09\/logo-MAL.png","width":198,"height":65,"caption":"La MAL d&#039;Auray"},"image":{"@id":"http:\/\/mal-auray.org\/#\/schema\/logo\/image\/"},"sameAs":["https:\/\/www.facebook.com\/MaisonAnimationLoisirs\/"]}]}},"_links":{"self":[{"href":"http:\/\/mal-auray.org\/index.php\/wp-json\/wp\/v2\/pages\/1942"}],"collection":[{"href":"http:\/\/mal-auray.org\/index.php\/wp-json\/wp\/v2\/pages"}],"about":[{"href":"http:\/\/mal-auray.org\/index.php\/wp-json\/wp\/v2\/types\/page"}],"author":[{"embeddable":true,"href":"http:\/\/mal-auray.org\/index.php\/wp-json\/wp\/v2\/users\/1"}],"replies":[{"embeddable":true,"href":"http:\/\/mal-auray.org\/index.php\/wp-json\/wp\/v2\/comments?post=1942"}],"version-history":[{"count":194,"href":"http:\/\/mal-auray.org\/index.php\/wp-json\/wp\/v2\/pages\/1942\/revisions"}],"predecessor-version":[{"id":6256,"href":"http:\/\/mal-auray.org\/index.php\/wp-json\/wp\/v2\/pages\/1942\/revisions\/6256"}],"wp:attachment":[{"href":"http:\/\/mal-auray.org\/index.php\/wp-json\/wp\/v2\/media?parent=1942"}],"curies":[{"name":"wp","href":"https:\/\/api.w.org\/{rel}","templated":true}]}}