{"id":1749,"date":"2017-09-07T12:33:47","date_gmt":"2017-09-07T10:33:47","guid":{"rendered":"http:\/\/mal-auray.org\/?page_id=1749"},"modified":"2023-03-03T09:54:05","modified_gmt":"2023-03-03T08:54:05","slug":"voile-habitable","status":"publish","type":"page","link":"http:\/\/mal-auray.org\/index.php\/voile-habitable\/","title":{"rendered":"Voile habitable"},"content":{"rendered":"<p>[vc_row][vc_column width=\u00a0\u00bb1\/4&Prime;][vc_single_image image=\u00a0\u00bb1813&Prime; img_size=\u00a0\u00bbmedium\u00a0\u00bb style=\u00a0\u00bbvc_box_circle_2&Prime;][\/vc_column][vc_column width=\u00a0\u00bb3\/4&Prime; css=\u00a0\u00bb.vc_custom_1508768217094{margin-left: 10px !important;}\u00a0\u00bb][vc_column_text css=\u00a0\u00bb.vc_custom_1597415657244{padding-left: 0px !important;}\u00a0\u00bb]<\/p>\n<p class=\"p1\">Stages pour adultes d\u00e9butants d\u00e9sireux de d\u00e9couvrir la pratique de la voile habitable et comprendre comment le bateau fonctionne avec le vent. Venez profiter de l\u2019exp\u00e9rience de l\u2019\u00e9cole de voile \u00ab Oc\u00e9ane \u00bb \u00e0 Saint-Philibert (plage de Kervenevest) avec des moniteurs dipl\u00f4m\u00e9s d\u2019\u00c9tat. Faites vos premiers pas de navigateurs sur un plan d\u2019eau exceptionnel. Le tarif comprend l\u2019ensemble des assurances n\u00e9cessaires \u00e0 la pratique de cette activit\u00e9.<\/p>\n<p>3 cycles de 5 s\u00e9ances de 2h30, 1 \u00e0 l&rsquo;automne, 2 au printemps :<\/p>\n<p>Cycle d&rsquo;automne : 17h30 les vendredis<\/p>\n<p>Cycle de printemps 1: 18h les mardis<\/p>\n<p>Cycle de printemps 2 : 18h les vendredis<\/p>\n<p>Certificat m\u00e9dical obligatoire pour pratiquer cette activit\u00e9.<\/p>\n<p>Pour les enfants et les ados, merci de consulter notre programmation des p\u00e9riodes de vacances.[\/vc_column_text][\/vc_column][\/vc_row][vc_row bg_type=\u00a0\u00bbbg_color\u00a0\u00bb bg_color_value=\u00a0\u00bb#0d1421&Prime; css=\u00a0\u00bb.vc_custom_1504709256430{padding-bottom: 40px !important;}\u00a0\u00bb][vc_column width=\u00a0\u00bb1\/2&Prime;][vc_accordion active_tab=\u00a0\u00bb1&Prime; style=\u00a0\u00bb2&Prime;][vc_accordion_tab title=\u00a0\u00bbCycles\u00a0\u00bb][vc_column_text css=\u00a0\u00bb.vc_custom_1597414610107{margin-bottom: 0px !important;}\u00a0\u00bb]<\/p>\n<table>\n<tbody>\n<tr>\n<td><span style=\"color: #ffffff\">CYCLE<\/span><\/td>\n<td><span style=\"color: #ffffff\">JOUR<\/span><\/td>\n<td><span style=\"color: #ffffff\">HEURE<\/span><\/td>\n<td><span style=\"color: #ffffff\">TARIF<\/span><\/td>\n<\/tr>\n<tr>\n<td>Cycle d&rsquo;automne (5 s\u00e9ances)<\/td>\n<td>vendredi<\/td>\n<td>17h30<\/td>\n<td>140 \u20ac<\/td>\n<\/tr>\n<tr>\n<td>Cycle printemps 1 (5 s\u00e9ances)<\/td>\n<td>mardi<\/td>\n<td>18h00<\/td>\n<td>140 \u20ac<\/td>\n<\/tr>\n<tr>\n<td>Cycle printemps 2 (5 s\u00e9ances)<\/td>\n<td>vendredi<\/td>\n<td>18h00<\/td>\n<td>140 \u20ac<\/td>\n<\/tr>\n<\/tbody>\n<\/table>\n<p>[\/vc_column_text][\/vc_accordion_tab][\/vc_accordion][\/vc_column][vc_column width=\u00a0\u00bb1\/2&Prime;][vc_single_image image=\u00a0\u00bb1914&Prime; img_size=\u00a0\u00bbfull\u00a0\u00bb alignment=\u00a0\u00bbright\u00a0\u00bb][\/vc_column][\/vc_row]<\/p>\n","protected":false},"excerpt":{"rendered":"<p>[vc_row][vc_column width=\u00a0\u00bb1\/4&Prime;][vc_single_image image=\u00a0\u00bb1813&Prime; img_size=\u00a0\u00bbmedium\u00a0\u00bb style=\u00a0\u00bbvc_box_circle_2&Prime;][\/vc_column][vc_column width=\u00a0\u00bb3\/4&Prime; css=\u00a0\u00bb.vc_custom_1508768217094{margin-left: 10px !important;}\u00a0\u00bb][vc_column_text css=\u00a0\u00bb.vc_custom_1597415657244{padding-left: 0px !important;}\u00a0\u00bb] Stages pour adultes d\u00e9butants d\u00e9sireux de d\u00e9couvrir la pratique de la voile habitable et comprendre comment le bateau fonctionne avec le vent. Venez profiter de l\u2019exp\u00e9rience de l\u2019\u00e9cole de voile \u00ab Oc\u00e9ane \u00bb \u00e0 Saint-Philibert (plage de Kervenevest) avec des moniteurs dipl\u00f4m\u00e9s d\u2019\u00c9tat.&hellip;<\/p>\n","protected":false},"author":1,"featured_media":0,"parent":0,"menu_order":0,"comment_status":"closed","ping_status":"closed","template":"","meta":[],"yoast_head":"<!-- This site is optimized with the Yoast SEO plugin v20.4 - https:\/\/yoast.com\/wordpress\/plugins\/seo\/ -->\n<title>Voile habitable - La MAL d&#039;Auray<\/title>\n<meta name=\"robots\" content=\"index, follow, max-snippet:-1, max-image-preview:large, max-video-preview:-1\" \/>\n<link rel=\"canonical\" href=\"https:\/\/mal-auray.org\/index.php\/voile-habitable\/\" \/>\n<meta property=\"og:locale\" content=\"fr_FR\" \/>\n<meta property=\"og:type\" content=\"article\" \/>\n<meta property=\"og:title\" content=\"Voile habitable - La MAL d&#039;Auray\" \/>\n<meta property=\"og:description\" content=\"[vc_row][vc_column width=\u00a0\u00bb1\/4&Prime;][vc_single_image image=\u00a0\u00bb1813&Prime; img_size=\u00a0\u00bbmedium\u00a0\u00bb style=\u00a0\u00bbvc_box_circle_2&Prime;][\/vc_column][vc_column width=\u00a0\u00bb3\/4&Prime; css=\u00a0\u00bb.vc_custom_1508768217094{margin-left: 10px !important;}\u00a0\u00bb][vc_column_text css=\u00a0\u00bb.vc_custom_1597415657244{padding-left: 0px !important;}\u00a0\u00bb] Stages pour adultes d\u00e9butants d\u00e9sireux de d\u00e9couvrir la pratique de la voile habitable et comprendre comment le bateau fonctionne avec le vent. Venez profiter de l\u2019exp\u00e9rience de l\u2019\u00e9cole de voile \u00ab Oc\u00e9ane \u00bb \u00e0 Saint-Philibert (plage de Kervenevest) avec des moniteurs dipl\u00f4m\u00e9s d\u2019\u00c9tat.&hellip;\" \/>\n<meta property=\"og:url\" content=\"https:\/\/mal-auray.org\/index.php\/voile-habitable\/\" \/>\n<meta property=\"og:site_name\" content=\"La MAL d&#039;Auray\" \/>\n<meta property=\"article:publisher\" content=\"https:\/\/www.facebook.com\/MaisonAnimationLoisirs\/\" \/>\n<meta property=\"article:modified_time\" content=\"2023-03-03T08:54:05+00:00\" \/>\n<meta name=\"twitter:card\" content=\"summary_large_image\" \/>\n<meta name=\"twitter:label1\" content=\"Dur\u00e9e de lecture estim\u00e9e\" \/>\n\t<meta name=\"twitter:data1\" content=\"1 minute\" \/>\n<script type=\"application\/ld+json\" class=\"yoast-schema-graph\">{\"@context\":\"https:\/\/schema.org\",\"@graph\":[{\"@type\":\"WebPage\",\"@id\":\"https:\/\/mal-auray.org\/index.php\/voile-habitable\/\",\"url\":\"https:\/\/mal-auray.org\/index.php\/voile-habitable\/\",\"name\":\"Voile habitable - La MAL d&#039;Auray\",\"isPartOf\":{\"@id\":\"https:\/\/mal-auray.org\/#website\"},\"datePublished\":\"2017-09-07T10:33:47+00:00\",\"dateModified\":\"2023-03-03T08:54:05+00:00\",\"breadcrumb\":{\"@id\":\"https:\/\/mal-auray.org\/index.php\/voile-habitable\/#breadcrumb\"},\"inLanguage\":\"fr-FR\",\"potentialAction\":[{\"@type\":\"ReadAction\",\"target\":[\"https:\/\/mal-auray.org\/index.php\/voile-habitable\/\"]}]},{\"@type\":\"BreadcrumbList\",\"@id\":\"https:\/\/mal-auray.org\/index.php\/voile-habitable\/#breadcrumb\",\"itemListElement\":[{\"@type\":\"ListItem\",\"position\":1,\"name\":\"Accueil\",\"item\":\"https:\/\/mal-auray.org\/\"},{\"@type\":\"ListItem\",\"position\":2,\"name\":\"Voile habitable\"}]},{\"@type\":\"WebSite\",\"@id\":\"https:\/\/mal-auray.org\/#website\",\"url\":\"https:\/\/mal-auray.org\/\",\"name\":\"La MAL d&#039;Auray\",\"description\":\"Une association de loisirs pour tous\",\"publisher\":{\"@id\":\"https:\/\/mal-auray.org\/#organization\"},\"potentialAction\":[{\"@type\":\"SearchAction\",\"target\":{\"@type\":\"EntryPoint\",\"urlTemplate\":\"https:\/\/mal-auray.org\/?s={search_term_string}\"},\"query-input\":\"required name=search_term_string\"}],\"inLanguage\":\"fr-FR\"},{\"@type\":\"Organization\",\"@id\":\"https:\/\/mal-auray.org\/#organization\",\"name\":\"La MAL d&#039;Auray\",\"url\":\"https:\/\/mal-auray.org\/\",\"logo\":{\"@type\":\"ImageObject\",\"inLanguage\":\"fr-FR\",\"@id\":\"https:\/\/mal-auray.org\/#\/schema\/logo\/image\/\",\"url\":\"http:\/\/mal-auray.org\/wp-content\/uploads\/2017\/09\/logo-MAL.png\",\"contentUrl\":\"http:\/\/mal-auray.org\/wp-content\/uploads\/2017\/09\/logo-MAL.png\",\"width\":198,\"height\":65,\"caption\":\"La MAL d&#039;Auray\"},\"image\":{\"@id\":\"https:\/\/mal-auray.org\/#\/schema\/logo\/image\/\"},\"sameAs\":[\"https:\/\/www.facebook.com\/MaisonAnimationLoisirs\/\"]}]}<\/script>\n<!-- \/ Yoast SEO plugin. -->","yoast_head_json":{"title":"Voile habitable - La MAL d&#039;Auray","robots":{"index":"index","follow":"follow","max-snippet":"max-snippet:-1","max-image-preview":"max-image-preview:large","max-video-preview":"max-video-preview:-1"},"canonical":"https:\/\/mal-auray.org\/index.php\/voile-habitable\/","og_locale":"fr_FR","og_type":"article","og_title":"Voile habitable - La MAL d&#039;Auray","og_description":"[vc_row][vc_column width=\u00a0\u00bb1\/4&Prime;][vc_single_image image=\u00a0\u00bb1813&Prime; img_size=\u00a0\u00bbmedium\u00a0\u00bb style=\u00a0\u00bbvc_box_circle_2&Prime;][\/vc_column][vc_column width=\u00a0\u00bb3\/4&Prime; css=\u00a0\u00bb.vc_custom_1508768217094{margin-left: 10px !important;}\u00a0\u00bb][vc_column_text css=\u00a0\u00bb.vc_custom_1597415657244{padding-left: 0px !important;}\u00a0\u00bb] Stages pour adultes d\u00e9butants d\u00e9sireux de d\u00e9couvrir la pratique de la voile habitable et comprendre comment le bateau fonctionne avec le vent. Venez profiter de l\u2019exp\u00e9rience de l\u2019\u00e9cole de voile \u00ab Oc\u00e9ane \u00bb \u00e0 Saint-Philibert (plage de Kervenevest) avec des moniteurs dipl\u00f4m\u00e9s d\u2019\u00c9tat.&hellip;","og_url":"https:\/\/mal-auray.org\/index.php\/voile-habitable\/","og_site_name":"La MAL d&#039;Auray","article_publisher":"https:\/\/www.facebook.com\/MaisonAnimationLoisirs\/","article_modified_time":"2023-03-03T08:54:05+00:00","twitter_card":"summary_large_image","twitter_misc":{"Dur\u00e9e de lecture estim\u00e9e":"1 minute"},"schema":{"@context":"https:\/\/schema.org","@graph":[{"@type":"WebPage","@id":"https:\/\/mal-auray.org\/index.php\/voile-habitable\/","url":"https:\/\/mal-auray.org\/index.php\/voile-habitable\/","name":"Voile habitable - La MAL d&#039;Auray","isPartOf":{"@id":"https:\/\/mal-auray.org\/#website"},"datePublished":"2017-09-07T10:33:47+00:00","dateModified":"2023-03-03T08:54:05+00:00","breadcrumb":{"@id":"https:\/\/mal-auray.org\/index.php\/voile-habitable\/#breadcrumb"},"inLanguage":"fr-FR","potentialAction":[{"@type":"ReadAction","target":["https:\/\/mal-auray.org\/index.php\/voile-habitable\/"]}]},{"@type":"BreadcrumbList","@id":"https:\/\/mal-auray.org\/index.php\/voile-habitable\/#breadcrumb","itemListElement":[{"@type":"ListItem","position":1,"name":"Accueil","item":"https:\/\/mal-auray.org\/"},{"@type":"ListItem","position":2,"name":"Voile habitable"}]},{"@type":"WebSite","@id":"https:\/\/mal-auray.org\/#website","url":"https:\/\/mal-auray.org\/","name":"La MAL d&#039;Auray","description":"Une association de loisirs pour tous","publisher":{"@id":"https:\/\/mal-auray.org\/#organization"},"potentialAction":[{"@type":"SearchAction","target":{"@type":"EntryPoint","urlTemplate":"https:\/\/mal-auray.org\/?s={search_term_string}"},"query-input":"required name=search_term_string"}],"inLanguage":"fr-FR"},{"@type":"Organization","@id":"https:\/\/mal-auray.org\/#organization","name":"La MAL d&#039;Auray","url":"https:\/\/mal-auray.org\/","logo":{"@type":"ImageObject","inLanguage":"fr-FR","@id":"https:\/\/mal-auray.org\/#\/schema\/logo\/image\/","url":"http:\/\/mal-auray.org\/wp-content\/uploads\/2017\/09\/logo-MAL.png","contentUrl":"http:\/\/mal-auray.org\/wp-content\/uploads\/2017\/09\/logo-MAL.png","width":198,"height":65,"caption":"La MAL d&#039;Auray"},"image":{"@id":"https:\/\/mal-auray.org\/#\/schema\/logo\/image\/"},"sameAs":["https:\/\/www.facebook.com\/MaisonAnimationLoisirs\/"]}]}},"_links":{"self":[{"href":"http:\/\/mal-auray.org\/index.php\/wp-json\/wp\/v2\/pages\/1749"}],"collection":[{"href":"http:\/\/mal-auray.org\/index.php\/wp-json\/wp\/v2\/pages"}],"about":[{"href":"http:\/\/mal-auray.org\/index.php\/wp-json\/wp\/v2\/types\/page"}],"author":[{"embeddable":true,"href":"http:\/\/mal-auray.org\/index.php\/wp-json\/wp\/v2\/users\/1"}],"replies":[{"embeddable":true,"href":"http:\/\/mal-auray.org\/index.php\/wp-json\/wp\/v2\/comments?post=1749"}],"version-history":[{"count":14,"href":"http:\/\/mal-auray.org\/index.php\/wp-json\/wp\/v2\/pages\/1749\/revisions"}],"predecessor-version":[{"id":4052,"href":"http:\/\/mal-auray.org\/index.php\/wp-json\/wp\/v2\/pages\/1749\/revisions\/4052"}],"wp:attachment":[{"href":"http:\/\/mal-auray.org\/index.php\/wp-json\/wp\/v2\/media?parent=1749"}],"curies":[{"name":"wp","href":"https:\/\/api.w.org\/{rel}","templated":true}]}}