{"id":1741,"date":"2017-09-07T12:18:04","date_gmt":"2017-09-07T10:18:04","guid":{"rendered":"http:\/\/mal-auray.org\/?page_id=1741"},"modified":"2024-05-30T22:06:32","modified_gmt":"2024-05-30T20:06:32","slug":"randonnee-pedestre","status":"publish","type":"page","link":"http:\/\/mal-auray.org\/index.php\/randonnee-pedestre\/","title":{"rendered":"Randonn\u00e9e"},"content":{"rendered":"<p><strong>Une rando par mois \u00e0 la journ\u00e9e (20km maximum) ou \u00e0 la demi-journ\u00e9e (9km).<\/strong><\/p>\n<p>Gratuit (seule l\u2019adh\u00e9sion \u00e0 l\u2019association est obligatoire). Les randos sont pr\u00e9par\u00e9es \u00e0 tour de r\u00f4le par les participants. D\u00e9but de l\u2019activit\u00e9 en octobre. Une r\u00e9union de programmation aura lieu en septembre avec tous les participants (date \u00e0 venir). Pr\u00e9voir une petite participation en esp\u00e8ces pour chaque covoiturage.<\/p>\n<blockquote><p><b>Contact : contact@mal-auray.org<\/b><\/p><\/blockquote>\n","protected":false},"excerpt":{"rendered":"<p>Une rando par mois \u00e0 la journ\u00e9e (20km maximum) ou \u00e0 la demi-journ\u00e9e (9km). Gratuit (seule l\u2019adh\u00e9sion \u00e0 l\u2019association est obligatoire). Les randos sont pr\u00e9par\u00e9es \u00e0 tour de r\u00f4le par les participants. D\u00e9but de l\u2019activit\u00e9 en octobre. Une r\u00e9union de programmation aura lieu en septembre avec tous les participants (date \u00e0 venir). Pr\u00e9voir une petite&hellip;<\/p>\n","protected":false},"author":1,"featured_media":0,"parent":0,"menu_order":0,"comment_status":"closed","ping_status":"closed","template":"","meta":[],"yoast_head":"<!-- This site is optimized with the Yoast SEO plugin v20.4 - https:\/\/yoast.com\/wordpress\/plugins\/seo\/ -->\n<title>Randonn\u00e9e - La MAL d&#039;Auray<\/title>\n<meta name=\"robots\" content=\"index, follow, max-snippet:-1, max-image-preview:large, max-video-preview:-1\" \/>\n<link rel=\"canonical\" href=\"http:\/\/mal-auray.org\/index.php\/randonnee-pedestre\/\" \/>\n<meta property=\"og:locale\" content=\"fr_FR\" \/>\n<meta property=\"og:type\" content=\"article\" \/>\n<meta property=\"og:title\" content=\"Randonn\u00e9e - La MAL d&#039;Auray\" \/>\n<meta property=\"og:description\" content=\"Une rando par mois \u00e0 la journ\u00e9e (20km maximum) ou \u00e0 la demi-journ\u00e9e (9km). Gratuit (seule l\u2019adh\u00e9sion \u00e0 l\u2019association est obligatoire). Les randos sont pr\u00e9par\u00e9es \u00e0 tour de r\u00f4le par les participants. D\u00e9but de l\u2019activit\u00e9 en octobre. Une r\u00e9union de programmation aura lieu en septembre avec tous les participants (date \u00e0 venir). Pr\u00e9voir une petite&hellip;\" \/>\n<meta property=\"og:url\" content=\"http:\/\/mal-auray.org\/index.php\/randonnee-pedestre\/\" \/>\n<meta property=\"og:site_name\" content=\"La MAL d&#039;Auray\" \/>\n<meta property=\"article:publisher\" content=\"https:\/\/www.facebook.com\/MaisonAnimationLoisirs\/\" \/>\n<meta property=\"article:modified_time\" content=\"2024-05-30T20:06:32+00:00\" \/>\n<meta name=\"twitter:card\" content=\"summary_large_image\" \/>\n<meta name=\"twitter:label1\" content=\"Dur\u00e9e de lecture estim\u00e9e\" \/>\n\t<meta name=\"twitter:data1\" content=\"1 minute\" \/>\n<script type=\"application\/ld+json\" class=\"yoast-schema-graph\">{\"@context\":\"https:\/\/schema.org\",\"@graph\":[{\"@type\":\"WebPage\",\"@id\":\"http:\/\/mal-auray.org\/index.php\/randonnee-pedestre\/\",\"url\":\"http:\/\/mal-auray.org\/index.php\/randonnee-pedestre\/\",\"name\":\"Randonn\u00e9e - La MAL d&#039;Auray\",\"isPartOf\":{\"@id\":\"http:\/\/mal-auray.org\/#website\"},\"datePublished\":\"2017-09-07T10:18:04+00:00\",\"dateModified\":\"2024-05-30T20:06:32+00:00\",\"breadcrumb\":{\"@id\":\"http:\/\/mal-auray.org\/index.php\/randonnee-pedestre\/#breadcrumb\"},\"inLanguage\":\"fr-FR\",\"potentialAction\":[{\"@type\":\"ReadAction\",\"target\":[\"http:\/\/mal-auray.org\/index.php\/randonnee-pedestre\/\"]}]},{\"@type\":\"BreadcrumbList\",\"@id\":\"http:\/\/mal-auray.org\/index.php\/randonnee-pedestre\/#breadcrumb\",\"itemListElement\":[{\"@type\":\"ListItem\",\"position\":1,\"name\":\"Accueil\",\"item\":\"http:\/\/mal-auray.org\/\"},{\"@type\":\"ListItem\",\"position\":2,\"name\":\"Randonn\u00e9e\"}]},{\"@type\":\"WebSite\",\"@id\":\"http:\/\/mal-auray.org\/#website\",\"url\":\"http:\/\/mal-auray.org\/\",\"name\":\"La MAL d&#039;Auray\",\"description\":\"Une association de loisirs pour tous\",\"publisher\":{\"@id\":\"http:\/\/mal-auray.org\/#organization\"},\"potentialAction\":[{\"@type\":\"SearchAction\",\"target\":{\"@type\":\"EntryPoint\",\"urlTemplate\":\"http:\/\/mal-auray.org\/?s={search_term_string}\"},\"query-input\":\"required name=search_term_string\"}],\"inLanguage\":\"fr-FR\"},{\"@type\":\"Organization\",\"@id\":\"http:\/\/mal-auray.org\/#organization\",\"name\":\"La MAL d&#039;Auray\",\"url\":\"http:\/\/mal-auray.org\/\",\"logo\":{\"@type\":\"ImageObject\",\"inLanguage\":\"fr-FR\",\"@id\":\"http:\/\/mal-auray.org\/#\/schema\/logo\/image\/\",\"url\":\"http:\/\/mal-auray.org\/wp-content\/uploads\/2017\/09\/logo-MAL.png\",\"contentUrl\":\"http:\/\/mal-auray.org\/wp-content\/uploads\/2017\/09\/logo-MAL.png\",\"width\":198,\"height\":65,\"caption\":\"La MAL d&#039;Auray\"},\"image\":{\"@id\":\"http:\/\/mal-auray.org\/#\/schema\/logo\/image\/\"},\"sameAs\":[\"https:\/\/www.facebook.com\/MaisonAnimationLoisirs\/\"]}]}<\/script>\n<!-- \/ Yoast SEO plugin. -->","yoast_head_json":{"title":"Randonn\u00e9e - La MAL d&#039;Auray","robots":{"index":"index","follow":"follow","max-snippet":"max-snippet:-1","max-image-preview":"max-image-preview:large","max-video-preview":"max-video-preview:-1"},"canonical":"http:\/\/mal-auray.org\/index.php\/randonnee-pedestre\/","og_locale":"fr_FR","og_type":"article","og_title":"Randonn\u00e9e - La MAL d&#039;Auray","og_description":"Une rando par mois \u00e0 la journ\u00e9e (20km maximum) ou \u00e0 la demi-journ\u00e9e (9km). Gratuit (seule l\u2019adh\u00e9sion \u00e0 l\u2019association est obligatoire). Les randos sont pr\u00e9par\u00e9es \u00e0 tour de r\u00f4le par les participants. D\u00e9but de l\u2019activit\u00e9 en octobre. Une r\u00e9union de programmation aura lieu en septembre avec tous les participants (date \u00e0 venir). Pr\u00e9voir une petite&hellip;","og_url":"http:\/\/mal-auray.org\/index.php\/randonnee-pedestre\/","og_site_name":"La MAL d&#039;Auray","article_publisher":"https:\/\/www.facebook.com\/MaisonAnimationLoisirs\/","article_modified_time":"2024-05-30T20:06:32+00:00","twitter_card":"summary_large_image","twitter_misc":{"Dur\u00e9e de lecture estim\u00e9e":"1 minute"},"schema":{"@context":"https:\/\/schema.org","@graph":[{"@type":"WebPage","@id":"http:\/\/mal-auray.org\/index.php\/randonnee-pedestre\/","url":"http:\/\/mal-auray.org\/index.php\/randonnee-pedestre\/","name":"Randonn\u00e9e - La MAL d&#039;Auray","isPartOf":{"@id":"http:\/\/mal-auray.org\/#website"},"datePublished":"2017-09-07T10:18:04+00:00","dateModified":"2024-05-30T20:06:32+00:00","breadcrumb":{"@id":"http:\/\/mal-auray.org\/index.php\/randonnee-pedestre\/#breadcrumb"},"inLanguage":"fr-FR","potentialAction":[{"@type":"ReadAction","target":["http:\/\/mal-auray.org\/index.php\/randonnee-pedestre\/"]}]},{"@type":"BreadcrumbList","@id":"http:\/\/mal-auray.org\/index.php\/randonnee-pedestre\/#breadcrumb","itemListElement":[{"@type":"ListItem","position":1,"name":"Accueil","item":"http:\/\/mal-auray.org\/"},{"@type":"ListItem","position":2,"name":"Randonn\u00e9e"}]},{"@type":"WebSite","@id":"http:\/\/mal-auray.org\/#website","url":"http:\/\/mal-auray.org\/","name":"La MAL d&#039;Auray","description":"Une association de loisirs pour tous","publisher":{"@id":"http:\/\/mal-auray.org\/#organization"},"potentialAction":[{"@type":"SearchAction","target":{"@type":"EntryPoint","urlTemplate":"http:\/\/mal-auray.org\/?s={search_term_string}"},"query-input":"required name=search_term_string"}],"inLanguage":"fr-FR"},{"@type":"Organization","@id":"http:\/\/mal-auray.org\/#organization","name":"La MAL d&#039;Auray","url":"http:\/\/mal-auray.org\/","logo":{"@type":"ImageObject","inLanguage":"fr-FR","@id":"http:\/\/mal-auray.org\/#\/schema\/logo\/image\/","url":"http:\/\/mal-auray.org\/wp-content\/uploads\/2017\/09\/logo-MAL.png","contentUrl":"http:\/\/mal-auray.org\/wp-content\/uploads\/2017\/09\/logo-MAL.png","width":198,"height":65,"caption":"La MAL d&#039;Auray"},"image":{"@id":"http:\/\/mal-auray.org\/#\/schema\/logo\/image\/"},"sameAs":["https:\/\/www.facebook.com\/MaisonAnimationLoisirs\/"]}]}},"_links":{"self":[{"href":"http:\/\/mal-auray.org\/index.php\/wp-json\/wp\/v2\/pages\/1741"}],"collection":[{"href":"http:\/\/mal-auray.org\/index.php\/wp-json\/wp\/v2\/pages"}],"about":[{"href":"http:\/\/mal-auray.org\/index.php\/wp-json\/wp\/v2\/types\/page"}],"author":[{"embeddable":true,"href":"http:\/\/mal-auray.org\/index.php\/wp-json\/wp\/v2\/users\/1"}],"replies":[{"embeddable":true,"href":"http:\/\/mal-auray.org\/index.php\/wp-json\/wp\/v2\/comments?post=1741"}],"version-history":[{"count":28,"href":"http:\/\/mal-auray.org\/index.php\/wp-json\/wp\/v2\/pages\/1741\/revisions"}],"predecessor-version":[{"id":5820,"href":"http:\/\/mal-auray.org\/index.php\/wp-json\/wp\/v2\/pages\/1741\/revisions\/5820"}],"wp:attachment":[{"href":"http:\/\/mal-auray.org\/index.php\/wp-json\/wp\/v2\/media?parent=1741"}],"curies":[{"name":"wp","href":"https:\/\/api.w.org\/{rel}","templated":true}]}}