{"id":1599,"date":"2017-09-07T08:42:57","date_gmt":"2017-09-07T06:42:57","guid":{"rendered":"http:\/\/mal-auray.org\/?page_id=1599"},"modified":"2026-04-03T12:29:57","modified_gmt":"2026-04-03T10:29:57","slug":"lassociation","status":"publish","type":"page","link":"http:\/\/mal-auray.org\/index.php\/lassociation\/","title":{"rendered":"L&rsquo;association"},"content":{"rendered":"<p>[vc_row][vc_column width=\u00a0\u00bb1\/2&Prime;][vc_single_image image=\u00a0\u00bb1604&Prime; img_size=\u00a0\u00bbfull\u00a0\u00bb][\/vc_column][vc_column width=\u00a0\u00bb1\/2&Prime;]<div id=\"ultimate-heading-204369e16b8be78a4\" class=\"uvc-heading ult-adjust-bottom-margin ultimate-heading-204369e16b8be78a4 uvc-4911 \" data-hspacer=\"no_spacer\"  data-halign=\"center\" style=\"text-align:center\"><div class=\"uvc-heading-spacer no_spacer\" style=\"top\"><\/div><div class=\"uvc-main-heading ult-responsive\"  data-ultimate-target='.uvc-heading.ultimate-heading-204369e16b8be78a4 h2'  data-responsive-json-new='{\"font-size\":\"\",\"line-height\":\"\"}' ><h2 style=\"font-weight:normal;color:#0257a5;margin-bottom:40px;\">Les adh\u00e9rents<\/h2><\/div><\/div>[vc_column_text]<\/p>\n<p class=\"p2\"><b><i>2602 adh\u00e9rents : une force collective<br \/>\n<\/i><\/b><\/p>\n<p class=\"p3\">\u00catre adh\u00e9rent, c\u2019est le pouvoir d\u2019agir, de devenir acteur, de s\u2019investir et de s\u2019engager au sein de l\u2019association :<\/p>\n<p class=\"p3\">&#8211; En r\u00e9pondant aux sollicitations de l\u2019association qui recherche des b\u00e9n\u00e9voles tout au long de la saison pour les temps forts et les diff\u00e9rentes actions.<\/p>\n<p class=\"p3\">&#8211; En venant partager une id\u00e9e de projet et trouver au sein de l\u2019association un accompagnement technique pour la concr\u00e9tiser.<\/p>\n<p class=\"p3\">&#8211; En \u00e9tant \u00e9lu au Conseil d\u2019Administration et en participant aux prises de d\u00e9cisions.<\/p>\n<p>[\/vc_column_text][\/vc_column][\/vc_row][vc_row bg_type=\u00a0\u00bbbg_color\u00a0\u00bb bg_override=\u00a0\u00bbfull\u00a0\u00bb bg_color_value=\u00a0\u00bb#0d1421&Prime;][vc_column width=\u00a0\u00bb1\/2&Prime;]<div id=\"ultimate-heading-840069e16b8be7906\" class=\"uvc-heading ult-adjust-bottom-margin ultimate-heading-840069e16b8be7906 uvc-1702 \" data-hspacer=\"no_spacer\"  data-halign=\"center\" style=\"text-align:center\"><div class=\"uvc-heading-spacer no_spacer\" style=\"top\"><\/div><div class=\"uvc-main-heading ult-responsive\"  data-ultimate-target='.uvc-heading.ultimate-heading-840069e16b8be7906 h2'  data-responsive-json-new='{\"font-size\":\"\",\"line-height\":\"\"}' ><h2 style=\"font-weight:normal;color:#f2f2f2;margin-bottom:20px;\">Objectifs et valeurs<\/h2><\/div><\/div>[vc_column_text]- Proposer des activit\u00e9s sportives, culturelles et de loisirs pour tous, et \u00e0 tous les \u00e2ges.<br \/>\n&#8211; D\u00e9velopper des loisirs \u00e9ducatifs pour les jeunes en compl\u00e9mentarit\u00e9 avec les autres acteurs.<\/p>\n<p>&#8211; Favoriser le lien social et le vivre ensemble, participer \u00e0 la vie du quartier, de la ville et du territoire.<br \/>\n&#8211; D\u00e9velopper les coop\u00e9rations et partenariats pour une meilleure offre culturelle, de loisirs, et d\u2019utilit\u00e9 sociale.<br \/>\n&#8211; Ouvrir des espaces d\u2019expression, de rencontre et de participation pour tous.<br \/>\n&#8211; D\u00e9velopper l&rsquo;accueil des personnes handicap\u00e9es, et les approches sport, sant\u00e9, bien-\u00eatre.<br \/>\n&#8211; Proposer des activit\u00e9s contribuant \u00e0 l&rsquo;\u00e9ducation culturelle et artistique.<br \/>\n&#8211; Promouvoir les valeurs de l\u2019\u00e9ducation populaire, le partage des connaissances, des savoirs et des pratiques.[\/vc_column_text][\/vc_column][vc_column width=\u00a0\u00bb1\/2&Prime;][vc_single_image image=\u00a0\u00bb1609&Prime; img_size=\u00a0\u00bbfull\u00a0\u00bb][\/vc_column][\/vc_row][vc_row][vc_column width=\u00a0\u00bb1\/2&Prime;][vc_single_image image=\u00a0\u00bb4413&Prime; img_size=\u00a0\u00bbfull\u00a0\u00bb][\/vc_column][vc_column width=\u00a0\u00bb1\/2&Prime;]<div id=\"ultimate-heading-871569e16b8be7958\" class=\"uvc-heading ult-adjust-bottom-margin ultimate-heading-871569e16b8be7958 uvc-3113 \" data-hspacer=\"no_spacer\"  data-halign=\"center\" style=\"text-align:center\"><div class=\"uvc-heading-spacer no_spacer\" style=\"top\"><\/div><div class=\"uvc-main-heading ult-responsive\"  data-ultimate-target='.uvc-heading.ultimate-heading-871569e16b8be7958 h2'  data-responsive-json-new='{\"font-size\":\"\",\"line-height\":\"\"}' ><h2 style=\"font-weight:normal;color:#0257a5;margin-bottom:20px;\">Historique<\/h2><\/div><\/div>[vc_column_text]L\u2019association est n\u00e9e en mars 1972 sous l&rsquo;ancien nom \u00ab Le club de jeunes d\u2019Auray \u00bb.<\/p>\n<p>De 1977 \u00e0 1990, la MAL se d\u00e9veloppe autour de trois p\u00f4les d&rsquo;action : un p\u00f4le jeunesse, un p\u00f4le d&rsquo;activit\u00e9s de loisirs pour tous les \u00e2ges, et un p\u00f4le culture avec l&rsquo;organisation de spectacles vivants. La MAL s\u2019est d\u00e9velopp\u00e9e de pair avec l\u2019am\u00e9nagement du territoire et le d\u00e9veloppement des services municipaux. En 1991 elle organise le forum des associations qui sera ensuite enti\u00e8rement g\u00e9r\u00e9 par la municipalit\u00e9.<\/p>\n<p>Aujourd\u2019hui, l\u2019association propose des activit\u00e9s et loisirs pour tous les \u00e2ges, dans un esprit de d\u00e9tente, de bien-\u00eatre et de bonne humeur. La notion de loisirs est ici affirm\u00e9e en opposition \u00e0 une approche \u00e9litiste et une recherche d \u2019excellence.<\/p>\n<p>La programmation comporte pr\u00e8s de 70 activit\u00e9s r\u00e9guli\u00e8res, sportives, de bien-\u00eatre, artistiques et culturelles.[\/vc_column_text][\/vc_column][\/vc_row][vc_row bg_type=\u00a0\u00bbbg_color\u00a0\u00bb bg_override=\u00a0\u00bbfull\u00a0\u00bb bg_color_value=\u00a0\u00bb#0d1421&Prime;][vc_column width=\u00a0\u00bb1\/2&Prime;]<div id=\"ultimate-heading-712969e16b8be79a7\" class=\"uvc-heading ult-adjust-bottom-margin ultimate-heading-712969e16b8be79a7 uvc-9425 \" data-hspacer=\"no_spacer\"  data-halign=\"center\" style=\"text-align:center\"><div class=\"uvc-heading-spacer no_spacer\" style=\"top\"><\/div><div class=\"uvc-main-heading ult-responsive\"  data-ultimate-target='.uvc-heading.ultimate-heading-712969e16b8be79a7 h2'  data-responsive-json-new='{\"font-size\":\"\",\"line-height\":\"\"}' ><h2 style=\"font-weight:normal;color:#f2f2f2;margin-bottom:40px;\">Fonctionnement<\/h2><\/div><\/div>[vc_column_text]L\u2019Assembl\u00e9e G\u00e9n\u00e9rale est une instance centrale de la vie associative &#8211; elle permet de r\u00e9unir l\u2019ensemble des adh\u00e9rents et de faire voter les d\u00e9cisions importantes une fois par an.<\/p>\n<p>Les administrateurs de la MAL sont des adh\u00e9rents \u00e9lus en AG, ayant fait le choix de l&rsquo;engagement citoyen en consacrant un peu de leur temps libre \u00e0 la gestion de l\u2019association.<\/p>\n<p>Le Conseil d\u2019Administration est compos\u00e9 en 2026 de 17 membres dirigeants, et un membre de droit (un repr\u00e9sentant de la Ville d\u2019Auray). Il d\u00e9signe un Bureau et des groupes de travail th\u00e9matiques, d\u00e9finis en CA.<\/p>\n<p>Ces groupes permettent de travailler de fa\u00e7on plus pertinente, de se concerter et d\u2019\u00eatre force de propositions. Le CA exerce sa fonction d\u2019employeur aupr\u00e8s des 24 salari\u00e9s de l\u2019association.<br \/>\nL\u2019association conventionne \u00e9galement aupr\u00e8s de 24 partenaires intervenants ext\u00e9rieurs.[\/vc_column_text][\/vc_column][vc_column width=\u00a0\u00bb1\/2&Prime;][vc_single_image image=\u00a0\u00bb1618&Prime; img_size=\u00a0\u00bbfull\u00a0\u00bb][\/vc_column][\/vc_row][vc_row][vc_column width=\u00a0\u00bb1\/2&Prime;][vc_single_image image=\u00a0\u00bb4698&Prime; img_size=\u00a0\u00bbfull\u00a0\u00bb][\/vc_column][vc_column width=\u00a0\u00bb1\/2&Prime;]<div id=\"ultimate-heading-537969e16b8be79f9\" class=\"uvc-heading ult-adjust-bottom-margin ultimate-heading-537969e16b8be79f9 uvc-4128 \" data-hspacer=\"no_spacer\"  data-halign=\"center\" style=\"text-align:center\"><div class=\"uvc-heading-spacer no_spacer\" style=\"top\"><\/div><div class=\"uvc-main-heading ult-responsive\"  data-ultimate-target='.uvc-heading.ultimate-heading-537969e16b8be79f9 h2'  data-responsive-json-new='{\"font-size\":\"\",\"line-height\":\"\"}' ><h2 style=\"font-weight:normal;color:#0257a5;margin-bottom:10px;\">Les membres du CA<\/h2><\/div><\/div>[vc_column_text]Pr\u00e9sident : Jean Corvellec<\/p>\n<p>Pr\u00e9sident : Jean Corvellec<br \/>\nVice-pr\u00e9sident : Jean-Pierre Buthion &#8211; Vice-pr\u00e9sidente : Danielle Le Deley<br \/>\nTr\u00e9sori\u00e8re : Zalihata Beaumale &#8211; Tr\u00e9sori\u00e8re adjointe : Catherine Rocacher<br \/>\nSecr\u00e9taire : Pascale Vitra &#8211; Secr\u00e9taire adjointe : Anne-Marie Samson<br \/>\nVie associative : Dominique Mah\u00e9<br \/>\nMembres : Mario Autunnale, Anne-Marie Bertho, Catherine Pineaud, Florian Giret, Jean-Luc Le Clainche, Philippe Le Mo\u00ebl, Martine Ludec, Marie-Jos\u00e9e Thominet.<br \/>\nMembre de droit : Laurent Mignon, Adjoint au Maire d\u00e9l\u00e9gu\u00e9 \u00e0 la Culture et au Patrimoine &#8211; Ville d\u2019Auray[\/vc_column_text][\/vc_column][\/vc_row][vc_row bg_type=\u00a0\u00bbbg_color\u00a0\u00bb bg_override=\u00a0\u00bbfull\u00a0\u00bb bg_color_value=\u00a0\u00bb#0d1421&Prime;][vc_column width=\u00a0\u00bb1\/2&Prime;]<div id=\"ultimate-heading-924169e16b8be7a49\" class=\"uvc-heading ult-adjust-bottom-margin ultimate-heading-924169e16b8be7a49 uvc-4346 \" data-hspacer=\"no_spacer\"  data-halign=\"center\" style=\"text-align:center\"><div class=\"uvc-heading-spacer no_spacer\" style=\"top\"><\/div><div class=\"uvc-main-heading ult-responsive\"  data-ultimate-target='.uvc-heading.ultimate-heading-924169e16b8be7a49 h2'  data-responsive-json-new='{\"font-size\":\"\",\"line-height\":\"\"}' ><h2 style=\"font-weight:normal;color:#f2f2f2;margin-bottom:20px;\">Les partenaires<\/h2><\/div><\/div>[vc_column_text]<b>Ville d&rsquo;Auray :<\/b> partenariat historique depuis la cr\u00e9ation de la MAL, au nom de l\u2019int\u00e9r\u00eat g\u00e9n\u00e9ral et par la volont\u00e9 commune de d\u00e9velopper, renforcer et p\u00e9renniser l\u2019action culturelle et sportive pour l&rsquo;ensemble de la population. Ce partenariat se concr\u00e9tise par la mise en place d\u2019une s\u00e9rie d\u2019actions, l\u2019attribution d&rsquo;une subvention, et la mise \u00e0 disposition de locaux adapt\u00e9s. Depuis 2020 la MAL s\u2019engage aux c\u00f4t\u00e9s de la Ville et des autres partenaires dans le cadre de la coh\u00e9sion sociale, en menant des actions pour les habitants des quartiers Gumenen-Goaner et\u00a0 Parco-Pointer Bel-Air (Contrat de Ville d\u2019Auray).<br \/>\n<b>Conseil d\u00e9partemental du Morbihan :<\/b> soutien dans le cadre du sch\u00e9ma d\u00e9partemental de d\u00e9veloppement des enseignements artistiques.<\/p>\n<p><b>Caisse d\u2019Allocation Familiale du Morbihan, et Agence Nationale de la Coh\u00e9sion des Territoires :<\/b> Contrat de Ville d\u2019Auray.<br \/>\n<b>\u00c9tat &#8211; Direction r\u00e9gionale de l\u2019\u00e9conomie, de l\u2019emploi, du travail et des solidarit\u00e9s<\/b> : soutien au travers du fonds de coop\u00e9ration de la jeunesse et de l\u2019\u00e9ducation populaire, du Contrat de Ville d\u2019Auray, et du fonds de d\u00e9veloppement de la vie associative.[\/vc_column_text][\/vc_column][vc_column width=\u00a0\u00bb1\/2&Prime;][vc_single_image image=\u00a0\u00bb1627&Prime; img_size=\u00a0\u00bbfull\u00a0\u00bb][\/vc_column][\/vc_row]<\/p>\n","protected":false},"excerpt":{"rendered":"<p>[vc_row][vc_column width=\u00a0\u00bb1\/2&Prime;][vc_single_image image=\u00a0\u00bb1604&Prime; img_size=\u00a0\u00bbfull\u00a0\u00bb][\/vc_column][vc_column width=\u00a0\u00bb1\/2&Prime;][vc_column_text] 2602 adh\u00e9rents : une force collective \u00catre adh\u00e9rent, c\u2019est le pouvoir d\u2019agir, de devenir acteur, de s\u2019investir et de s\u2019engager au sein de l\u2019association : &#8211; En r\u00e9pondant aux sollicitations de l\u2019association qui recherche des b\u00e9n\u00e9voles tout au long de la saison pour les temps forts et les diff\u00e9rentes actions.&hellip;<\/p>\n","protected":false},"author":1,"featured_media":0,"parent":0,"menu_order":0,"comment_status":"closed","ping_status":"closed","template":"","meta":[],"yoast_head":"<!-- This site is optimized with the Yoast SEO plugin v20.4 - https:\/\/yoast.com\/wordpress\/plugins\/seo\/ -->\n<title>L&#039;association - La MAL d&#039;Auray<\/title>\n<meta name=\"description\" content=\"L&#039;association de la Maison d&#039;animation et des loisirs et ses adh\u00e9rents vous accueillent.\" \/>\n<meta name=\"robots\" content=\"index, follow, max-snippet:-1, max-image-preview:large, max-video-preview:-1\" \/>\n<link rel=\"canonical\" href=\"http:\/\/mal-auray.org\/index.php\/lassociation\/\" \/>\n<meta property=\"og:locale\" content=\"fr_FR\" \/>\n<meta property=\"og:type\" content=\"article\" \/>\n<meta property=\"og:title\" content=\"L&#039;association - La MAL d&#039;Auray\" \/>\n<meta property=\"og:description\" content=\"L&#039;association de la Maison d&#039;animation et des loisirs et ses adh\u00e9rents vous accueillent.\" \/>\n<meta property=\"og:url\" content=\"http:\/\/mal-auray.org\/index.php\/lassociation\/\" \/>\n<meta property=\"og:site_name\" content=\"La MAL d&#039;Auray\" \/>\n<meta property=\"article:publisher\" content=\"https:\/\/www.facebook.com\/MaisonAnimationLoisirs\/\" \/>\n<meta property=\"article:modified_time\" content=\"2026-04-03T10:29:57+00:00\" \/>\n<meta name=\"twitter:card\" content=\"summary_large_image\" \/>\n<meta name=\"twitter:label1\" content=\"Dur\u00e9e de lecture estim\u00e9e\" \/>\n\t<meta name=\"twitter:data1\" content=\"5 minutes\" \/>\n<script type=\"application\/ld+json\" class=\"yoast-schema-graph\">{\"@context\":\"https:\/\/schema.org\",\"@graph\":[{\"@type\":\"WebPage\",\"@id\":\"http:\/\/mal-auray.org\/index.php\/lassociation\/\",\"url\":\"http:\/\/mal-auray.org\/index.php\/lassociation\/\",\"name\":\"L'association - La MAL d&#039;Auray\",\"isPartOf\":{\"@id\":\"http:\/\/mal-auray.org\/#website\"},\"datePublished\":\"2017-09-07T06:42:57+00:00\",\"dateModified\":\"2026-04-03T10:29:57+00:00\",\"description\":\"L'association de la Maison d'animation et des loisirs et ses adh\u00e9rents vous accueillent.\",\"breadcrumb\":{\"@id\":\"http:\/\/mal-auray.org\/index.php\/lassociation\/#breadcrumb\"},\"inLanguage\":\"fr-FR\",\"potentialAction\":[{\"@type\":\"ReadAction\",\"target\":[\"http:\/\/mal-auray.org\/index.php\/lassociation\/\"]}]},{\"@type\":\"BreadcrumbList\",\"@id\":\"http:\/\/mal-auray.org\/index.php\/lassociation\/#breadcrumb\",\"itemListElement\":[{\"@type\":\"ListItem\",\"position\":1,\"name\":\"Accueil\",\"item\":\"http:\/\/mal-auray.org\/\"},{\"@type\":\"ListItem\",\"position\":2,\"name\":\"L&rsquo;association\"}]},{\"@type\":\"WebSite\",\"@id\":\"http:\/\/mal-auray.org\/#website\",\"url\":\"http:\/\/mal-auray.org\/\",\"name\":\"La MAL d&#039;Auray\",\"description\":\"Une association de loisirs pour tous\",\"publisher\":{\"@id\":\"http:\/\/mal-auray.org\/#organization\"},\"potentialAction\":[{\"@type\":\"SearchAction\",\"target\":{\"@type\":\"EntryPoint\",\"urlTemplate\":\"http:\/\/mal-auray.org\/?s={search_term_string}\"},\"query-input\":\"required name=search_term_string\"}],\"inLanguage\":\"fr-FR\"},{\"@type\":\"Organization\",\"@id\":\"http:\/\/mal-auray.org\/#organization\",\"name\":\"La MAL d&#039;Auray\",\"url\":\"http:\/\/mal-auray.org\/\",\"logo\":{\"@type\":\"ImageObject\",\"inLanguage\":\"fr-FR\",\"@id\":\"http:\/\/mal-auray.org\/#\/schema\/logo\/image\/\",\"url\":\"http:\/\/mal-auray.org\/wp-content\/uploads\/2017\/09\/logo-MAL.png\",\"contentUrl\":\"http:\/\/mal-auray.org\/wp-content\/uploads\/2017\/09\/logo-MAL.png\",\"width\":198,\"height\":65,\"caption\":\"La MAL d&#039;Auray\"},\"image\":{\"@id\":\"http:\/\/mal-auray.org\/#\/schema\/logo\/image\/\"},\"sameAs\":[\"https:\/\/www.facebook.com\/MaisonAnimationLoisirs\/\"]}]}<\/script>\n<!-- \/ Yoast SEO plugin. -->","yoast_head_json":{"title":"L'association - La MAL d&#039;Auray","description":"L'association de la Maison d'animation et des loisirs et ses adh\u00e9rents vous accueillent.","robots":{"index":"index","follow":"follow","max-snippet":"max-snippet:-1","max-image-preview":"max-image-preview:large","max-video-preview":"max-video-preview:-1"},"canonical":"http:\/\/mal-auray.org\/index.php\/lassociation\/","og_locale":"fr_FR","og_type":"article","og_title":"L'association - La MAL d&#039;Auray","og_description":"L'association de la Maison d'animation et des loisirs et ses adh\u00e9rents vous accueillent.","og_url":"http:\/\/mal-auray.org\/index.php\/lassociation\/","og_site_name":"La MAL d&#039;Auray","article_publisher":"https:\/\/www.facebook.com\/MaisonAnimationLoisirs\/","article_modified_time":"2026-04-03T10:29:57+00:00","twitter_card":"summary_large_image","twitter_misc":{"Dur\u00e9e de lecture estim\u00e9e":"5 minutes"},"schema":{"@context":"https:\/\/schema.org","@graph":[{"@type":"WebPage","@id":"http:\/\/mal-auray.org\/index.php\/lassociation\/","url":"http:\/\/mal-auray.org\/index.php\/lassociation\/","name":"L'association - La MAL d&#039;Auray","isPartOf":{"@id":"http:\/\/mal-auray.org\/#website"},"datePublished":"2017-09-07T06:42:57+00:00","dateModified":"2026-04-03T10:29:57+00:00","description":"L'association de la Maison d'animation et des loisirs et ses adh\u00e9rents vous accueillent.","breadcrumb":{"@id":"http:\/\/mal-auray.org\/index.php\/lassociation\/#breadcrumb"},"inLanguage":"fr-FR","potentialAction":[{"@type":"ReadAction","target":["http:\/\/mal-auray.org\/index.php\/lassociation\/"]}]},{"@type":"BreadcrumbList","@id":"http:\/\/mal-auray.org\/index.php\/lassociation\/#breadcrumb","itemListElement":[{"@type":"ListItem","position":1,"name":"Accueil","item":"http:\/\/mal-auray.org\/"},{"@type":"ListItem","position":2,"name":"L&rsquo;association"}]},{"@type":"WebSite","@id":"http:\/\/mal-auray.org\/#website","url":"http:\/\/mal-auray.org\/","name":"La MAL d&#039;Auray","description":"Une association de loisirs pour tous","publisher":{"@id":"http:\/\/mal-auray.org\/#organization"},"potentialAction":[{"@type":"SearchAction","target":{"@type":"EntryPoint","urlTemplate":"http:\/\/mal-auray.org\/?s={search_term_string}"},"query-input":"required name=search_term_string"}],"inLanguage":"fr-FR"},{"@type":"Organization","@id":"http:\/\/mal-auray.org\/#organization","name":"La MAL d&#039;Auray","url":"http:\/\/mal-auray.org\/","logo":{"@type":"ImageObject","inLanguage":"fr-FR","@id":"http:\/\/mal-auray.org\/#\/schema\/logo\/image\/","url":"http:\/\/mal-auray.org\/wp-content\/uploads\/2017\/09\/logo-MAL.png","contentUrl":"http:\/\/mal-auray.org\/wp-content\/uploads\/2017\/09\/logo-MAL.png","width":198,"height":65,"caption":"La MAL d&#039;Auray"},"image":{"@id":"http:\/\/mal-auray.org\/#\/schema\/logo\/image\/"},"sameAs":["https:\/\/www.facebook.com\/MaisonAnimationLoisirs\/"]}]}},"_links":{"self":[{"href":"http:\/\/mal-auray.org\/index.php\/wp-json\/wp\/v2\/pages\/1599"}],"collection":[{"href":"http:\/\/mal-auray.org\/index.php\/wp-json\/wp\/v2\/pages"}],"about":[{"href":"http:\/\/mal-auray.org\/index.php\/wp-json\/wp\/v2\/types\/page"}],"author":[{"embeddable":true,"href":"http:\/\/mal-auray.org\/index.php\/wp-json\/wp\/v2\/users\/1"}],"replies":[{"embeddable":true,"href":"http:\/\/mal-auray.org\/index.php\/wp-json\/wp\/v2\/comments?post=1599"}],"version-history":[{"count":60,"href":"http:\/\/mal-auray.org\/index.php\/wp-json\/wp\/v2\/pages\/1599\/revisions"}],"predecessor-version":[{"id":6283,"href":"http:\/\/mal-auray.org\/index.php\/wp-json\/wp\/v2\/pages\/1599\/revisions\/6283"}],"wp:attachment":[{"href":"http:\/\/mal-auray.org\/index.php\/wp-json\/wp\/v2\/media?parent=1599"}],"curies":[{"name":"wp","href":"https:\/\/api.w.org\/{rel}","templated":true}]}}