{"id":1570,"date":"2017-09-06T20:17:09","date_gmt":"2017-09-06T18:17:09","guid":{"rendered":"http:\/\/mal-auray.org\/?page_id=1570"},"modified":"2024-07-09T21:42:26","modified_gmt":"2024-07-09T19:42:26","slug":"danse-hip-hop","status":"publish","type":"page","link":"http:\/\/mal-auray.org\/index.php\/danse-hip-hop\/","title":{"rendered":"Danse hip-hop"},"content":{"rendered":"<p>Le hip hop est un m\u00e9lange de break dance, funk, rap et locking. Il est tr\u00e8s populaire chez les jeunes en raison de ses figures acrobatiques. C\u2019est un moyen d\u2019expression, une fa\u00e7on de se d\u00e9fouler et de lib\u00e9rer son \u00e9nergie et sa cr\u00e9ativit\u00e9. Pour les enfants \u00e0 partir de 10 ans.<\/p>\n<p><strong>Intervenant<\/strong> : Estebann JOUNOT<\/p>\n<blockquote><p><strong>Horaires, tarifs et inscriptions :<\/strong> <a href=\"https:\/\/mal-auray.goasso.org\/activites?q%5Bactivity_schedules_schedule_type_in%5D%5B%5D=0&amp;q%5Bactivity_schedules_schedule_type_in%5D%5B%5D=3&amp;q%5Bactivity_schedules_sub_schedule_type_eq%5D=0\">c&rsquo;est par ici<\/a><\/p><\/blockquote>\n","protected":false},"excerpt":{"rendered":"<p>Le hip hop est un m\u00e9lange de break dance, funk, rap et locking. Il est tr\u00e8s populaire chez les jeunes en raison de ses figures acrobatiques. C\u2019est un moyen d\u2019expression, une fa\u00e7on de se d\u00e9fouler et de lib\u00e9rer son \u00e9nergie et sa cr\u00e9ativit\u00e9. Pour les enfants \u00e0 partir de 10 ans. Intervenant : Estebann JOUNOT&hellip;<\/p>\n","protected":false},"author":1,"featured_media":0,"parent":0,"menu_order":0,"comment_status":"closed","ping_status":"closed","template":"","meta":[],"yoast_head":"<!-- This site is optimized with the Yoast SEO plugin v20.4 - https:\/\/yoast.com\/wordpress\/plugins\/seo\/ -->\n<title>Danse hip-hop - La MAL d&#039;Auray<\/title>\n<meta name=\"robots\" content=\"index, follow, max-snippet:-1, max-image-preview:large, max-video-preview:-1\" \/>\n<link rel=\"canonical\" href=\"http:\/\/mal-auray.org\/index.php\/danse-hip-hop\/\" \/>\n<meta property=\"og:locale\" content=\"fr_FR\" \/>\n<meta property=\"og:type\" content=\"article\" \/>\n<meta property=\"og:title\" content=\"Danse hip-hop - La MAL d&#039;Auray\" \/>\n<meta property=\"og:description\" content=\"Le hip hop est un m\u00e9lange de break dance, funk, rap et locking. Il est tr\u00e8s populaire chez les jeunes en raison de ses figures acrobatiques. C\u2019est un moyen d\u2019expression, une fa\u00e7on de se d\u00e9fouler et de lib\u00e9rer son \u00e9nergie et sa cr\u00e9ativit\u00e9. Pour les enfants \u00e0 partir de 10 ans. Intervenant : Estebann JOUNOT&hellip;\" \/>\n<meta property=\"og:url\" content=\"http:\/\/mal-auray.org\/index.php\/danse-hip-hop\/\" \/>\n<meta property=\"og:site_name\" content=\"La MAL d&#039;Auray\" \/>\n<meta property=\"article:publisher\" content=\"https:\/\/www.facebook.com\/MaisonAnimationLoisirs\/\" \/>\n<meta property=\"article:modified_time\" content=\"2024-07-09T19:42:26+00:00\" \/>\n<meta name=\"twitter:card\" content=\"summary_large_image\" \/>\n<meta name=\"twitter:label1\" content=\"Dur\u00e9e de lecture estim\u00e9e\" \/>\n\t<meta name=\"twitter:data1\" content=\"1 minute\" \/>\n<script type=\"application\/ld+json\" class=\"yoast-schema-graph\">{\"@context\":\"https:\/\/schema.org\",\"@graph\":[{\"@type\":\"WebPage\",\"@id\":\"http:\/\/mal-auray.org\/index.php\/danse-hip-hop\/\",\"url\":\"http:\/\/mal-auray.org\/index.php\/danse-hip-hop\/\",\"name\":\"Danse hip-hop - La MAL d&#039;Auray\",\"isPartOf\":{\"@id\":\"http:\/\/mal-auray.org\/#website\"},\"datePublished\":\"2017-09-06T18:17:09+00:00\",\"dateModified\":\"2024-07-09T19:42:26+00:00\",\"breadcrumb\":{\"@id\":\"http:\/\/mal-auray.org\/index.php\/danse-hip-hop\/#breadcrumb\"},\"inLanguage\":\"fr-FR\",\"potentialAction\":[{\"@type\":\"ReadAction\",\"target\":[\"http:\/\/mal-auray.org\/index.php\/danse-hip-hop\/\"]}]},{\"@type\":\"BreadcrumbList\",\"@id\":\"http:\/\/mal-auray.org\/index.php\/danse-hip-hop\/#breadcrumb\",\"itemListElement\":[{\"@type\":\"ListItem\",\"position\":1,\"name\":\"Accueil\",\"item\":\"http:\/\/mal-auray.org\/\"},{\"@type\":\"ListItem\",\"position\":2,\"name\":\"Danse hip-hop\"}]},{\"@type\":\"WebSite\",\"@id\":\"http:\/\/mal-auray.org\/#website\",\"url\":\"http:\/\/mal-auray.org\/\",\"name\":\"La MAL d&#039;Auray\",\"description\":\"Une association de loisirs pour tous\",\"publisher\":{\"@id\":\"http:\/\/mal-auray.org\/#organization\"},\"potentialAction\":[{\"@type\":\"SearchAction\",\"target\":{\"@type\":\"EntryPoint\",\"urlTemplate\":\"http:\/\/mal-auray.org\/?s={search_term_string}\"},\"query-input\":\"required name=search_term_string\"}],\"inLanguage\":\"fr-FR\"},{\"@type\":\"Organization\",\"@id\":\"http:\/\/mal-auray.org\/#organization\",\"name\":\"La MAL d&#039;Auray\",\"url\":\"http:\/\/mal-auray.org\/\",\"logo\":{\"@type\":\"ImageObject\",\"inLanguage\":\"fr-FR\",\"@id\":\"http:\/\/mal-auray.org\/#\/schema\/logo\/image\/\",\"url\":\"http:\/\/mal-auray.org\/wp-content\/uploads\/2017\/09\/logo-MAL.png\",\"contentUrl\":\"http:\/\/mal-auray.org\/wp-content\/uploads\/2017\/09\/logo-MAL.png\",\"width\":198,\"height\":65,\"caption\":\"La MAL d&#039;Auray\"},\"image\":{\"@id\":\"http:\/\/mal-auray.org\/#\/schema\/logo\/image\/\"},\"sameAs\":[\"https:\/\/www.facebook.com\/MaisonAnimationLoisirs\/\"]}]}<\/script>\n<!-- \/ Yoast SEO plugin. -->","yoast_head_json":{"title":"Danse hip-hop - La MAL d&#039;Auray","robots":{"index":"index","follow":"follow","max-snippet":"max-snippet:-1","max-image-preview":"max-image-preview:large","max-video-preview":"max-video-preview:-1"},"canonical":"http:\/\/mal-auray.org\/index.php\/danse-hip-hop\/","og_locale":"fr_FR","og_type":"article","og_title":"Danse hip-hop - La MAL d&#039;Auray","og_description":"Le hip hop est un m\u00e9lange de break dance, funk, rap et locking. Il est tr\u00e8s populaire chez les jeunes en raison de ses figures acrobatiques. C\u2019est un moyen d\u2019expression, une fa\u00e7on de se d\u00e9fouler et de lib\u00e9rer son \u00e9nergie et sa cr\u00e9ativit\u00e9. Pour les enfants \u00e0 partir de 10 ans. Intervenant : Estebann JOUNOT&hellip;","og_url":"http:\/\/mal-auray.org\/index.php\/danse-hip-hop\/","og_site_name":"La MAL d&#039;Auray","article_publisher":"https:\/\/www.facebook.com\/MaisonAnimationLoisirs\/","article_modified_time":"2024-07-09T19:42:26+00:00","twitter_card":"summary_large_image","twitter_misc":{"Dur\u00e9e de lecture estim\u00e9e":"1 minute"},"schema":{"@context":"https:\/\/schema.org","@graph":[{"@type":"WebPage","@id":"http:\/\/mal-auray.org\/index.php\/danse-hip-hop\/","url":"http:\/\/mal-auray.org\/index.php\/danse-hip-hop\/","name":"Danse hip-hop - La MAL d&#039;Auray","isPartOf":{"@id":"http:\/\/mal-auray.org\/#website"},"datePublished":"2017-09-06T18:17:09+00:00","dateModified":"2024-07-09T19:42:26+00:00","breadcrumb":{"@id":"http:\/\/mal-auray.org\/index.php\/danse-hip-hop\/#breadcrumb"},"inLanguage":"fr-FR","potentialAction":[{"@type":"ReadAction","target":["http:\/\/mal-auray.org\/index.php\/danse-hip-hop\/"]}]},{"@type":"BreadcrumbList","@id":"http:\/\/mal-auray.org\/index.php\/danse-hip-hop\/#breadcrumb","itemListElement":[{"@type":"ListItem","position":1,"name":"Accueil","item":"http:\/\/mal-auray.org\/"},{"@type":"ListItem","position":2,"name":"Danse hip-hop"}]},{"@type":"WebSite","@id":"http:\/\/mal-auray.org\/#website","url":"http:\/\/mal-auray.org\/","name":"La MAL d&#039;Auray","description":"Une association de loisirs pour tous","publisher":{"@id":"http:\/\/mal-auray.org\/#organization"},"potentialAction":[{"@type":"SearchAction","target":{"@type":"EntryPoint","urlTemplate":"http:\/\/mal-auray.org\/?s={search_term_string}"},"query-input":"required name=search_term_string"}],"inLanguage":"fr-FR"},{"@type":"Organization","@id":"http:\/\/mal-auray.org\/#organization","name":"La MAL d&#039;Auray","url":"http:\/\/mal-auray.org\/","logo":{"@type":"ImageObject","inLanguage":"fr-FR","@id":"http:\/\/mal-auray.org\/#\/schema\/logo\/image\/","url":"http:\/\/mal-auray.org\/wp-content\/uploads\/2017\/09\/logo-MAL.png","contentUrl":"http:\/\/mal-auray.org\/wp-content\/uploads\/2017\/09\/logo-MAL.png","width":198,"height":65,"caption":"La MAL d&#039;Auray"},"image":{"@id":"http:\/\/mal-auray.org\/#\/schema\/logo\/image\/"},"sameAs":["https:\/\/www.facebook.com\/MaisonAnimationLoisirs\/"]}]}},"_links":{"self":[{"href":"http:\/\/mal-auray.org\/index.php\/wp-json\/wp\/v2\/pages\/1570"}],"collection":[{"href":"http:\/\/mal-auray.org\/index.php\/wp-json\/wp\/v2\/pages"}],"about":[{"href":"http:\/\/mal-auray.org\/index.php\/wp-json\/wp\/v2\/types\/page"}],"author":[{"embeddable":true,"href":"http:\/\/mal-auray.org\/index.php\/wp-json\/wp\/v2\/users\/1"}],"replies":[{"embeddable":true,"href":"http:\/\/mal-auray.org\/index.php\/wp-json\/wp\/v2\/comments?post=1570"}],"version-history":[{"count":26,"href":"http:\/\/mal-auray.org\/index.php\/wp-json\/wp\/v2\/pages\/1570\/revisions"}],"predecessor-version":[{"id":5965,"href":"http:\/\/mal-auray.org\/index.php\/wp-json\/wp\/v2\/pages\/1570\/revisions\/5965"}],"wp:attachment":[{"href":"http:\/\/mal-auray.org\/index.php\/wp-json\/wp\/v2\/media?parent=1570"}],"curies":[{"name":"wp","href":"https:\/\/api.w.org\/{rel}","templated":true}]}}