{"id":1566,"date":"2017-09-06T20:11:26","date_gmt":"2017-09-06T18:11:26","guid":{"rendered":"http:\/\/mal-auray.org\/?page_id=1566"},"modified":"2024-07-09T21:42:16","modified_gmt":"2024-07-09T19:42:16","slug":"danse-jazz","status":"publish","type":"page","link":"http:\/\/mal-auray.org\/index.php\/danse-jazz\/","title":{"rendered":"Danse jazz"},"content":{"rendered":"<p>Adapt\u00e9e \u00e0 tous, ludique et spontan\u00e9e, la danse jazz est id\u00e9ale pour les enfants afin de conna\u00eetre leur corps, gr\u00e2ce \u00e0 un travail d\u2019appuis et d\u2019\u00e9coute. Pour les grands, elle offre des outils \u00e9l\u00e9mentaires \u00e0 la pratique de la danse. N\u00e9 de sources africaines et am\u00e9ricaines, cet art flirte aujourd\u2019hui avec diff\u00e9rents courants et \u00e9nergies, en alliant le show et l\u2019intimit\u00e9. Le but est que les mouvements deviennent naturels, qu\u2019ils vous appartiennent. Les compositions sont vari\u00e9es, autant que les th\u00e9matiques et les choix musicaux.<\/p>\n<p><strong>Intervenante :<\/strong> St\u00e9phanie LANDOUER<\/p>\n<blockquote><p><strong>Horaires, tarifs et inscriptions :<\/strong> <a href=\"https:\/\/mal-auray.goasso.org\/activites?q%5Bactivity_schedules_schedule_type_in%5D%5B%5D=0&amp;q%5Bactivity_schedules_schedule_type_in%5D%5B%5D=3&amp;q%5Bactivity_schedules_sub_schedule_type_eq%5D=0\">c&rsquo;est par ici<\/a><\/p><\/blockquote>\n","protected":false},"excerpt":{"rendered":"<p>Adapt\u00e9e \u00e0 tous, ludique et spontan\u00e9e, la danse jazz est id\u00e9ale pour les enfants afin de conna\u00eetre leur corps, gr\u00e2ce \u00e0 un travail d\u2019appuis et d\u2019\u00e9coute. Pour les grands, elle offre des outils \u00e9l\u00e9mentaires \u00e0 la pratique de la danse. N\u00e9 de sources africaines et am\u00e9ricaines, cet art flirte aujourd\u2019hui avec diff\u00e9rents courants et \u00e9nergies,&hellip;<\/p>\n","protected":false},"author":1,"featured_media":0,"parent":0,"menu_order":0,"comment_status":"closed","ping_status":"closed","template":"","meta":[],"yoast_head":"<!-- This site is optimized with the Yoast SEO plugin v20.4 - https:\/\/yoast.com\/wordpress\/plugins\/seo\/ -->\n<title>Danse jazz - La MAL d&#039;Auray<\/title>\n<meta name=\"robots\" content=\"index, follow, max-snippet:-1, max-image-preview:large, max-video-preview:-1\" \/>\n<link rel=\"canonical\" href=\"http:\/\/mal-auray.org\/index.php\/danse-jazz\/\" \/>\n<meta property=\"og:locale\" content=\"fr_FR\" \/>\n<meta property=\"og:type\" content=\"article\" \/>\n<meta property=\"og:title\" content=\"Danse jazz - La MAL d&#039;Auray\" \/>\n<meta property=\"og:description\" content=\"Adapt\u00e9e \u00e0 tous, ludique et spontan\u00e9e, la danse jazz est id\u00e9ale pour les enfants afin de conna\u00eetre leur corps, gr\u00e2ce \u00e0 un travail d\u2019appuis et d\u2019\u00e9coute. Pour les grands, elle offre des outils \u00e9l\u00e9mentaires \u00e0 la pratique de la danse. N\u00e9 de sources africaines et am\u00e9ricaines, cet art flirte aujourd\u2019hui avec diff\u00e9rents courants et \u00e9nergies,&hellip;\" \/>\n<meta property=\"og:url\" content=\"http:\/\/mal-auray.org\/index.php\/danse-jazz\/\" \/>\n<meta property=\"og:site_name\" content=\"La MAL d&#039;Auray\" \/>\n<meta property=\"article:publisher\" content=\"https:\/\/www.facebook.com\/MaisonAnimationLoisirs\/\" \/>\n<meta property=\"article:modified_time\" content=\"2024-07-09T19:42:16+00:00\" \/>\n<meta name=\"twitter:card\" content=\"summary_large_image\" \/>\n<meta name=\"twitter:label1\" content=\"Dur\u00e9e de lecture estim\u00e9e\" \/>\n\t<meta name=\"twitter:data1\" content=\"1 minute\" \/>\n<script type=\"application\/ld+json\" class=\"yoast-schema-graph\">{\"@context\":\"https:\/\/schema.org\",\"@graph\":[{\"@type\":\"WebPage\",\"@id\":\"http:\/\/mal-auray.org\/index.php\/danse-jazz\/\",\"url\":\"http:\/\/mal-auray.org\/index.php\/danse-jazz\/\",\"name\":\"Danse jazz - La MAL d&#039;Auray\",\"isPartOf\":{\"@id\":\"http:\/\/mal-auray.org\/#website\"},\"datePublished\":\"2017-09-06T18:11:26+00:00\",\"dateModified\":\"2024-07-09T19:42:16+00:00\",\"breadcrumb\":{\"@id\":\"http:\/\/mal-auray.org\/index.php\/danse-jazz\/#breadcrumb\"},\"inLanguage\":\"fr-FR\",\"potentialAction\":[{\"@type\":\"ReadAction\",\"target\":[\"http:\/\/mal-auray.org\/index.php\/danse-jazz\/\"]}]},{\"@type\":\"BreadcrumbList\",\"@id\":\"http:\/\/mal-auray.org\/index.php\/danse-jazz\/#breadcrumb\",\"itemListElement\":[{\"@type\":\"ListItem\",\"position\":1,\"name\":\"Accueil\",\"item\":\"http:\/\/mal-auray.org\/\"},{\"@type\":\"ListItem\",\"position\":2,\"name\":\"Danse jazz\"}]},{\"@type\":\"WebSite\",\"@id\":\"http:\/\/mal-auray.org\/#website\",\"url\":\"http:\/\/mal-auray.org\/\",\"name\":\"La MAL d&#039;Auray\",\"description\":\"Une association de loisirs pour tous\",\"publisher\":{\"@id\":\"http:\/\/mal-auray.org\/#organization\"},\"potentialAction\":[{\"@type\":\"SearchAction\",\"target\":{\"@type\":\"EntryPoint\",\"urlTemplate\":\"http:\/\/mal-auray.org\/?s={search_term_string}\"},\"query-input\":\"required name=search_term_string\"}],\"inLanguage\":\"fr-FR\"},{\"@type\":\"Organization\",\"@id\":\"http:\/\/mal-auray.org\/#organization\",\"name\":\"La MAL d&#039;Auray\",\"url\":\"http:\/\/mal-auray.org\/\",\"logo\":{\"@type\":\"ImageObject\",\"inLanguage\":\"fr-FR\",\"@id\":\"http:\/\/mal-auray.org\/#\/schema\/logo\/image\/\",\"url\":\"http:\/\/mal-auray.org\/wp-content\/uploads\/2017\/09\/logo-MAL.png\",\"contentUrl\":\"http:\/\/mal-auray.org\/wp-content\/uploads\/2017\/09\/logo-MAL.png\",\"width\":198,\"height\":65,\"caption\":\"La MAL d&#039;Auray\"},\"image\":{\"@id\":\"http:\/\/mal-auray.org\/#\/schema\/logo\/image\/\"},\"sameAs\":[\"https:\/\/www.facebook.com\/MaisonAnimationLoisirs\/\"]}]}<\/script>\n<!-- \/ Yoast SEO plugin. -->","yoast_head_json":{"title":"Danse jazz - La MAL d&#039;Auray","robots":{"index":"index","follow":"follow","max-snippet":"max-snippet:-1","max-image-preview":"max-image-preview:large","max-video-preview":"max-video-preview:-1"},"canonical":"http:\/\/mal-auray.org\/index.php\/danse-jazz\/","og_locale":"fr_FR","og_type":"article","og_title":"Danse jazz - La MAL d&#039;Auray","og_description":"Adapt\u00e9e \u00e0 tous, ludique et spontan\u00e9e, la danse jazz est id\u00e9ale pour les enfants afin de conna\u00eetre leur corps, gr\u00e2ce \u00e0 un travail d\u2019appuis et d\u2019\u00e9coute. Pour les grands, elle offre des outils \u00e9l\u00e9mentaires \u00e0 la pratique de la danse. N\u00e9 de sources africaines et am\u00e9ricaines, cet art flirte aujourd\u2019hui avec diff\u00e9rents courants et \u00e9nergies,&hellip;","og_url":"http:\/\/mal-auray.org\/index.php\/danse-jazz\/","og_site_name":"La MAL d&#039;Auray","article_publisher":"https:\/\/www.facebook.com\/MaisonAnimationLoisirs\/","article_modified_time":"2024-07-09T19:42:16+00:00","twitter_card":"summary_large_image","twitter_misc":{"Dur\u00e9e de lecture estim\u00e9e":"1 minute"},"schema":{"@context":"https:\/\/schema.org","@graph":[{"@type":"WebPage","@id":"http:\/\/mal-auray.org\/index.php\/danse-jazz\/","url":"http:\/\/mal-auray.org\/index.php\/danse-jazz\/","name":"Danse jazz - La MAL d&#039;Auray","isPartOf":{"@id":"http:\/\/mal-auray.org\/#website"},"datePublished":"2017-09-06T18:11:26+00:00","dateModified":"2024-07-09T19:42:16+00:00","breadcrumb":{"@id":"http:\/\/mal-auray.org\/index.php\/danse-jazz\/#breadcrumb"},"inLanguage":"fr-FR","potentialAction":[{"@type":"ReadAction","target":["http:\/\/mal-auray.org\/index.php\/danse-jazz\/"]}]},{"@type":"BreadcrumbList","@id":"http:\/\/mal-auray.org\/index.php\/danse-jazz\/#breadcrumb","itemListElement":[{"@type":"ListItem","position":1,"name":"Accueil","item":"http:\/\/mal-auray.org\/"},{"@type":"ListItem","position":2,"name":"Danse jazz"}]},{"@type":"WebSite","@id":"http:\/\/mal-auray.org\/#website","url":"http:\/\/mal-auray.org\/","name":"La MAL d&#039;Auray","description":"Une association de loisirs pour tous","publisher":{"@id":"http:\/\/mal-auray.org\/#organization"},"potentialAction":[{"@type":"SearchAction","target":{"@type":"EntryPoint","urlTemplate":"http:\/\/mal-auray.org\/?s={search_term_string}"},"query-input":"required name=search_term_string"}],"inLanguage":"fr-FR"},{"@type":"Organization","@id":"http:\/\/mal-auray.org\/#organization","name":"La MAL d&#039;Auray","url":"http:\/\/mal-auray.org\/","logo":{"@type":"ImageObject","inLanguage":"fr-FR","@id":"http:\/\/mal-auray.org\/#\/schema\/logo\/image\/","url":"http:\/\/mal-auray.org\/wp-content\/uploads\/2017\/09\/logo-MAL.png","contentUrl":"http:\/\/mal-auray.org\/wp-content\/uploads\/2017\/09\/logo-MAL.png","width":198,"height":65,"caption":"La MAL d&#039;Auray"},"image":{"@id":"http:\/\/mal-auray.org\/#\/schema\/logo\/image\/"},"sameAs":["https:\/\/www.facebook.com\/MaisonAnimationLoisirs\/"]}]}},"_links":{"self":[{"href":"http:\/\/mal-auray.org\/index.php\/wp-json\/wp\/v2\/pages\/1566"}],"collection":[{"href":"http:\/\/mal-auray.org\/index.php\/wp-json\/wp\/v2\/pages"}],"about":[{"href":"http:\/\/mal-auray.org\/index.php\/wp-json\/wp\/v2\/types\/page"}],"author":[{"embeddable":true,"href":"http:\/\/mal-auray.org\/index.php\/wp-json\/wp\/v2\/users\/1"}],"replies":[{"embeddable":true,"href":"http:\/\/mal-auray.org\/index.php\/wp-json\/wp\/v2\/comments?post=1566"}],"version-history":[{"count":36,"href":"http:\/\/mal-auray.org\/index.php\/wp-json\/wp\/v2\/pages\/1566\/revisions"}],"predecessor-version":[{"id":5964,"href":"http:\/\/mal-auray.org\/index.php\/wp-json\/wp\/v2\/pages\/1566\/revisions\/5964"}],"wp:attachment":[{"href":"http:\/\/mal-auray.org\/index.php\/wp-json\/wp\/v2\/media?parent=1566"}],"curies":[{"name":"wp","href":"https:\/\/api.w.org\/{rel}","templated":true}]}}