{"id":1564,"date":"2017-09-06T20:04:39","date_gmt":"2017-09-06T18:04:39","guid":{"rendered":"http:\/\/mal-auray.org\/?page_id=1564"},"modified":"2024-07-09T21:49:13","modified_gmt":"2024-07-09T19:49:13","slug":"yoga-perinatal-baby-yoga-gym","status":"publish","type":"page","link":"http:\/\/mal-auray.org\/index.php\/yoga-perinatal-baby-yoga-gym\/","title":{"rendered":"Yoga p\u00e9rinatal, baby yoga &#038; baby gym"},"content":{"rendered":"<h3>NOUVEAU<\/h3>\n<p><strong>Yoga pr\u00e9-natal :<\/strong> yoga nidra, sans contre-indications m\u00e9dicales, accessible d\u00e8s le premier trimestre et jusqu&rsquo;\u00e0 la fin de la grossesse. Pratique traditionnelle du yoga adapt\u00e9e \u00e0 la grossesse, compos\u00e9e d&rsquo;un m\u00e9lange de postures sp\u00e9cifiques, pranayama et techniques de relaxation afin de permettre \u00e0 la femme enceinte d\u2019acc\u00e9der \u00e0 un \u00e9quilibre, une conscience de soi, une force physique et une paix psychique.<\/p>\n<p><strong>Yoga Post natal :<\/strong> maman-b\u00e9b\u00e9 1-12 mois \/ 12-36 mois : temps de yoga adapt\u00e9 au rythme et aux besoins de b\u00e9b\u00e9 durant lequel est propos\u00e9 aux mamans des postures de yoga \u00e0 faire avec et sans leur b\u00e9b\u00e9. Pratique douce permettant de se reconnecter \u00e0 son corps apr\u00e8s la grossesse et d&rsquo;\u00e9tirer les parties du corps particuli\u00e8rement sollicit\u00e9es les derniers mois. V\u00e9ritable moment d&rsquo;\u00e9change et de complicit\u00e9 avec son b\u00e9b\u00e9, accessible d\u00e8s ses 1 mois, sans contre-indications m\u00e9dicales.<\/p>\n<p><strong>Baby Gym :<\/strong> Activit\u00e9 d&rsquo;\u00e9veil qui contribue au d\u00e9veloppement harmonieux de la motricit\u00e9 des tout-petits : de la grande motricit\u00e9 (sauter, courir&#8230;), de la motricit\u00e9 fine d&rsquo;ajustement (manipulation d&rsquo;objets&#8230;) et de la motricit\u00e9 d&rsquo;expression et de cr\u00e9ation avec des mimes, des chants&#8230; tout cela dans un cadre ludique, pour permettre aux petits de se d\u00e9penser, de s&rsquo;affirmer mais aussi de d\u00e9couvrir les possibilit\u00e9s et les limites de leur corps.<\/p>\n<p><strong>Baby yoga :<\/strong> atelier de yoga pour le b\u00e9b\u00e9 marcheur qui va d\u00e9couvrir des postures d&rsquo;imitation de fa\u00e7on ludique, pour pouvoir \u00eatre conduit progressivement vers le calme et la concentration.<\/p>\n<p><strong>Intervenante :<\/strong> Sarah BEUCHER<\/p>\n<blockquote><p><strong>Horaires, tarifs et inscriptions :<\/strong> <a href=\"https:\/\/mal-auray.goasso.org\/activites?q%5Bactivity_schedules_schedule_type_in%5D%5B%5D=0&amp;q%5Bactivity_schedules_schedule_type_in%5D%5B%5D=3&amp;q%5Bactivity_schedules_sub_schedule_type_eq%5D=0\">c&rsquo;est par ici<\/a><\/p><\/blockquote>\n","protected":false},"excerpt":{"rendered":"<p>NOUVEAU Yoga pr\u00e9-natal : yoga nidra, sans contre-indications m\u00e9dicales, accessible d\u00e8s le premier trimestre et jusqu&rsquo;\u00e0 la fin de la grossesse. Pratique traditionnelle du yoga adapt\u00e9e \u00e0 la grossesse, compos\u00e9e d&rsquo;un m\u00e9lange de postures sp\u00e9cifiques, pranayama et techniques de relaxation afin de permettre \u00e0 la femme enceinte d\u2019acc\u00e9der \u00e0 un \u00e9quilibre, une conscience de soi,&hellip;<\/p>\n","protected":false},"author":1,"featured_media":0,"parent":0,"menu_order":0,"comment_status":"closed","ping_status":"closed","template":"","meta":[],"yoast_head":"<!-- This site is optimized with the Yoast SEO plugin v20.4 - https:\/\/yoast.com\/wordpress\/plugins\/seo\/ -->\n<title>Yoga p\u00e9rinatal, baby yoga &amp; baby gym - La MAL d&#039;Auray<\/title>\n<meta name=\"robots\" content=\"index, follow, max-snippet:-1, max-image-preview:large, max-video-preview:-1\" \/>\n<link rel=\"canonical\" href=\"https:\/\/mal-auray.org\/index.php\/yoga-perinatal-baby-yoga-gym\/\" \/>\n<meta property=\"og:locale\" content=\"fr_FR\" \/>\n<meta property=\"og:type\" content=\"article\" \/>\n<meta property=\"og:title\" content=\"Yoga p\u00e9rinatal, baby yoga &amp; baby gym - La MAL d&#039;Auray\" \/>\n<meta property=\"og:description\" content=\"NOUVEAU Yoga pr\u00e9-natal : yoga nidra, sans contre-indications m\u00e9dicales, accessible d\u00e8s le premier trimestre et jusqu&rsquo;\u00e0 la fin de la grossesse. Pratique traditionnelle du yoga adapt\u00e9e \u00e0 la grossesse, compos\u00e9e d&rsquo;un m\u00e9lange de postures sp\u00e9cifiques, pranayama et techniques de relaxation afin de permettre \u00e0 la femme enceinte d\u2019acc\u00e9der \u00e0 un \u00e9quilibre, une conscience de soi,&hellip;\" \/>\n<meta property=\"og:url\" content=\"https:\/\/mal-auray.org\/index.php\/yoga-perinatal-baby-yoga-gym\/\" \/>\n<meta property=\"og:site_name\" content=\"La MAL d&#039;Auray\" \/>\n<meta property=\"article:publisher\" content=\"https:\/\/www.facebook.com\/MaisonAnimationLoisirs\/\" \/>\n<meta property=\"article:modified_time\" content=\"2024-07-09T19:49:13+00:00\" \/>\n<meta name=\"twitter:card\" content=\"summary_large_image\" \/>\n<meta name=\"twitter:label1\" content=\"Dur\u00e9e de lecture estim\u00e9e\" \/>\n\t<meta name=\"twitter:data1\" content=\"2 minutes\" \/>\n<script type=\"application\/ld+json\" class=\"yoast-schema-graph\">{\"@context\":\"https:\/\/schema.org\",\"@graph\":[{\"@type\":\"WebPage\",\"@id\":\"https:\/\/mal-auray.org\/index.php\/yoga-perinatal-baby-yoga-gym\/\",\"url\":\"https:\/\/mal-auray.org\/index.php\/yoga-perinatal-baby-yoga-gym\/\",\"name\":\"Yoga p\u00e9rinatal, baby yoga & baby gym - La MAL d&#039;Auray\",\"isPartOf\":{\"@id\":\"http:\/\/mal-auray.org\/#website\"},\"datePublished\":\"2017-09-06T18:04:39+00:00\",\"dateModified\":\"2024-07-09T19:49:13+00:00\",\"breadcrumb\":{\"@id\":\"https:\/\/mal-auray.org\/index.php\/yoga-perinatal-baby-yoga-gym\/#breadcrumb\"},\"inLanguage\":\"fr-FR\",\"potentialAction\":[{\"@type\":\"ReadAction\",\"target\":[\"https:\/\/mal-auray.org\/index.php\/yoga-perinatal-baby-yoga-gym\/\"]}]},{\"@type\":\"BreadcrumbList\",\"@id\":\"https:\/\/mal-auray.org\/index.php\/yoga-perinatal-baby-yoga-gym\/#breadcrumb\",\"itemListElement\":[{\"@type\":\"ListItem\",\"position\":1,\"name\":\"Accueil\",\"item\":\"http:\/\/mal-auray.org\/\"},{\"@type\":\"ListItem\",\"position\":2,\"name\":\"Yoga p\u00e9rinatal, baby yoga &#038; baby gym\"}]},{\"@type\":\"WebSite\",\"@id\":\"http:\/\/mal-auray.org\/#website\",\"url\":\"http:\/\/mal-auray.org\/\",\"name\":\"La MAL d&#039;Auray\",\"description\":\"Une association de loisirs pour tous\",\"publisher\":{\"@id\":\"http:\/\/mal-auray.org\/#organization\"},\"potentialAction\":[{\"@type\":\"SearchAction\",\"target\":{\"@type\":\"EntryPoint\",\"urlTemplate\":\"http:\/\/mal-auray.org\/?s={search_term_string}\"},\"query-input\":\"required name=search_term_string\"}],\"inLanguage\":\"fr-FR\"},{\"@type\":\"Organization\",\"@id\":\"http:\/\/mal-auray.org\/#organization\",\"name\":\"La MAL d&#039;Auray\",\"url\":\"http:\/\/mal-auray.org\/\",\"logo\":{\"@type\":\"ImageObject\",\"inLanguage\":\"fr-FR\",\"@id\":\"http:\/\/mal-auray.org\/#\/schema\/logo\/image\/\",\"url\":\"http:\/\/mal-auray.org\/wp-content\/uploads\/2017\/09\/logo-MAL.png\",\"contentUrl\":\"http:\/\/mal-auray.org\/wp-content\/uploads\/2017\/09\/logo-MAL.png\",\"width\":198,\"height\":65,\"caption\":\"La MAL d&#039;Auray\"},\"image\":{\"@id\":\"http:\/\/mal-auray.org\/#\/schema\/logo\/image\/\"},\"sameAs\":[\"https:\/\/www.facebook.com\/MaisonAnimationLoisirs\/\"]}]}<\/script>\n<!-- \/ Yoast SEO plugin. -->","yoast_head_json":{"title":"Yoga p\u00e9rinatal, baby yoga & baby gym - La MAL d&#039;Auray","robots":{"index":"index","follow":"follow","max-snippet":"max-snippet:-1","max-image-preview":"max-image-preview:large","max-video-preview":"max-video-preview:-1"},"canonical":"https:\/\/mal-auray.org\/index.php\/yoga-perinatal-baby-yoga-gym\/","og_locale":"fr_FR","og_type":"article","og_title":"Yoga p\u00e9rinatal, baby yoga & baby gym - La MAL d&#039;Auray","og_description":"NOUVEAU Yoga pr\u00e9-natal : yoga nidra, sans contre-indications m\u00e9dicales, accessible d\u00e8s le premier trimestre et jusqu&rsquo;\u00e0 la fin de la grossesse. Pratique traditionnelle du yoga adapt\u00e9e \u00e0 la grossesse, compos\u00e9e d&rsquo;un m\u00e9lange de postures sp\u00e9cifiques, pranayama et techniques de relaxation afin de permettre \u00e0 la femme enceinte d\u2019acc\u00e9der \u00e0 un \u00e9quilibre, une conscience de soi,&hellip;","og_url":"https:\/\/mal-auray.org\/index.php\/yoga-perinatal-baby-yoga-gym\/","og_site_name":"La MAL d&#039;Auray","article_publisher":"https:\/\/www.facebook.com\/MaisonAnimationLoisirs\/","article_modified_time":"2024-07-09T19:49:13+00:00","twitter_card":"summary_large_image","twitter_misc":{"Dur\u00e9e de lecture estim\u00e9e":"2 minutes"},"schema":{"@context":"https:\/\/schema.org","@graph":[{"@type":"WebPage","@id":"https:\/\/mal-auray.org\/index.php\/yoga-perinatal-baby-yoga-gym\/","url":"https:\/\/mal-auray.org\/index.php\/yoga-perinatal-baby-yoga-gym\/","name":"Yoga p\u00e9rinatal, baby yoga & baby gym - La MAL d&#039;Auray","isPartOf":{"@id":"http:\/\/mal-auray.org\/#website"},"datePublished":"2017-09-06T18:04:39+00:00","dateModified":"2024-07-09T19:49:13+00:00","breadcrumb":{"@id":"https:\/\/mal-auray.org\/index.php\/yoga-perinatal-baby-yoga-gym\/#breadcrumb"},"inLanguage":"fr-FR","potentialAction":[{"@type":"ReadAction","target":["https:\/\/mal-auray.org\/index.php\/yoga-perinatal-baby-yoga-gym\/"]}]},{"@type":"BreadcrumbList","@id":"https:\/\/mal-auray.org\/index.php\/yoga-perinatal-baby-yoga-gym\/#breadcrumb","itemListElement":[{"@type":"ListItem","position":1,"name":"Accueil","item":"http:\/\/mal-auray.org\/"},{"@type":"ListItem","position":2,"name":"Yoga p\u00e9rinatal, baby yoga &#038; baby gym"}]},{"@type":"WebSite","@id":"http:\/\/mal-auray.org\/#website","url":"http:\/\/mal-auray.org\/","name":"La MAL d&#039;Auray","description":"Une association de loisirs pour tous","publisher":{"@id":"http:\/\/mal-auray.org\/#organization"},"potentialAction":[{"@type":"SearchAction","target":{"@type":"EntryPoint","urlTemplate":"http:\/\/mal-auray.org\/?s={search_term_string}"},"query-input":"required name=search_term_string"}],"inLanguage":"fr-FR"},{"@type":"Organization","@id":"http:\/\/mal-auray.org\/#organization","name":"La MAL d&#039;Auray","url":"http:\/\/mal-auray.org\/","logo":{"@type":"ImageObject","inLanguage":"fr-FR","@id":"http:\/\/mal-auray.org\/#\/schema\/logo\/image\/","url":"http:\/\/mal-auray.org\/wp-content\/uploads\/2017\/09\/logo-MAL.png","contentUrl":"http:\/\/mal-auray.org\/wp-content\/uploads\/2017\/09\/logo-MAL.png","width":198,"height":65,"caption":"La MAL d&#039;Auray"},"image":{"@id":"http:\/\/mal-auray.org\/#\/schema\/logo\/image\/"},"sameAs":["https:\/\/www.facebook.com\/MaisonAnimationLoisirs\/"]}]}},"_links":{"self":[{"href":"http:\/\/mal-auray.org\/index.php\/wp-json\/wp\/v2\/pages\/1564"}],"collection":[{"href":"http:\/\/mal-auray.org\/index.php\/wp-json\/wp\/v2\/pages"}],"about":[{"href":"http:\/\/mal-auray.org\/index.php\/wp-json\/wp\/v2\/types\/page"}],"author":[{"embeddable":true,"href":"http:\/\/mal-auray.org\/index.php\/wp-json\/wp\/v2\/users\/1"}],"replies":[{"embeddable":true,"href":"http:\/\/mal-auray.org\/index.php\/wp-json\/wp\/v2\/comments?post=1564"}],"version-history":[{"count":32,"href":"http:\/\/mal-auray.org\/index.php\/wp-json\/wp\/v2\/pages\/1564\/revisions"}],"predecessor-version":[{"id":5981,"href":"http:\/\/mal-auray.org\/index.php\/wp-json\/wp\/v2\/pages\/1564\/revisions\/5981"}],"wp:attachment":[{"href":"http:\/\/mal-auray.org\/index.php\/wp-json\/wp\/v2\/media?parent=1564"}],"curies":[{"name":"wp","href":"https:\/\/api.w.org\/{rel}","templated":true}]}}