{"id":1559,"date":"2017-09-06T19:51:49","date_gmt":"2017-09-06T17:51:49","guid":{"rendered":"http:\/\/mal-auray.org\/?page_id=1559"},"modified":"2024-07-09T21:41:50","modified_gmt":"2024-07-09T19:41:50","slug":"eveil-a-la-danse","status":"publish","type":"page","link":"http:\/\/mal-auray.org\/index.php\/eveil-a-la-danse\/","title":{"rendered":"\u00c9veil et initiation \u00e0 la danse"},"content":{"rendered":"<p>\u00c9veil et initiation \u00e0 la danse pour les enfants de 5 \u00e0 8 ans.<br \/>\nSauter, tourner, appr\u00e9hender l\u2019espace, s\u2019exprimer&#8230; L\u2019enfant d\u00e9couvre la danse et acquiert au fil du cursus les bases n\u00e9cessaires \u00e0 toutes les techniques. De fa\u00e7on ludique, il s\u2019approprie son corps en mouvement, toujours en relation \u00e0 la musique, \u00e0 l\u2019espace et \u00e0 l\u2019autre. Au terme de ce parcours, les enfants auront la possibilit\u00e9 de choisir entre la danse classique, jazz et contemporaine.<\/p>\n<p><strong>Intervenante :<\/strong> Carine LOUVARD<\/p>\n<blockquote><p><strong>Horaires, tarifs et inscriptions :<\/strong> <a href=\"https:\/\/mal-auray.goasso.org\/activites?q%5Bactivity_schedules_schedule_type_in%5D%5B%5D=0&amp;q%5Bactivity_schedules_schedule_type_in%5D%5B%5D=3&amp;q%5Bactivity_schedules_sub_schedule_type_eq%5D=0\">c&rsquo;est par ici<\/a><\/p><\/blockquote>\n","protected":false},"excerpt":{"rendered":"<p>\u00c9veil et initiation \u00e0 la danse pour les enfants de 5 \u00e0 8 ans. Sauter, tourner, appr\u00e9hender l\u2019espace, s\u2019exprimer&#8230; L\u2019enfant d\u00e9couvre la danse et acquiert au fil du cursus les bases n\u00e9cessaires \u00e0 toutes les techniques. De fa\u00e7on ludique, il s\u2019approprie son corps en mouvement, toujours en relation \u00e0 la musique, \u00e0 l\u2019espace et \u00e0&hellip;<\/p>\n","protected":false},"author":1,"featured_media":0,"parent":0,"menu_order":0,"comment_status":"closed","ping_status":"closed","template":"","meta":[],"yoast_head":"<!-- This site is optimized with the Yoast SEO plugin v20.4 - https:\/\/yoast.com\/wordpress\/plugins\/seo\/ -->\n<title>\u00c9veil et initiation \u00e0 la danse - La MAL d&#039;Auray<\/title>\n<meta name=\"robots\" content=\"index, follow, max-snippet:-1, max-image-preview:large, max-video-preview:-1\" \/>\n<link rel=\"canonical\" href=\"http:\/\/mal-auray.org\/index.php\/eveil-a-la-danse\/\" \/>\n<meta property=\"og:locale\" content=\"fr_FR\" \/>\n<meta property=\"og:type\" content=\"article\" \/>\n<meta property=\"og:title\" content=\"\u00c9veil et initiation \u00e0 la danse - La MAL d&#039;Auray\" \/>\n<meta property=\"og:description\" content=\"\u00c9veil et initiation \u00e0 la danse pour les enfants de 5 \u00e0 8 ans. Sauter, tourner, appr\u00e9hender l\u2019espace, s\u2019exprimer&#8230; L\u2019enfant d\u00e9couvre la danse et acquiert au fil du cursus les bases n\u00e9cessaires \u00e0 toutes les techniques. De fa\u00e7on ludique, il s\u2019approprie son corps en mouvement, toujours en relation \u00e0 la musique, \u00e0 l\u2019espace et \u00e0&hellip;\" \/>\n<meta property=\"og:url\" content=\"http:\/\/mal-auray.org\/index.php\/eveil-a-la-danse\/\" \/>\n<meta property=\"og:site_name\" content=\"La MAL d&#039;Auray\" \/>\n<meta property=\"article:publisher\" content=\"https:\/\/www.facebook.com\/MaisonAnimationLoisirs\/\" \/>\n<meta property=\"article:modified_time\" content=\"2024-07-09T19:41:50+00:00\" \/>\n<meta name=\"twitter:card\" content=\"summary_large_image\" \/>\n<meta name=\"twitter:label1\" content=\"Dur\u00e9e de lecture estim\u00e9e\" \/>\n\t<meta name=\"twitter:data1\" content=\"1 minute\" \/>\n<script type=\"application\/ld+json\" class=\"yoast-schema-graph\">{\"@context\":\"https:\/\/schema.org\",\"@graph\":[{\"@type\":\"WebPage\",\"@id\":\"http:\/\/mal-auray.org\/index.php\/eveil-a-la-danse\/\",\"url\":\"http:\/\/mal-auray.org\/index.php\/eveil-a-la-danse\/\",\"name\":\"\u00c9veil et initiation \u00e0 la danse - La MAL d&#039;Auray\",\"isPartOf\":{\"@id\":\"http:\/\/mal-auray.org\/#website\"},\"datePublished\":\"2017-09-06T17:51:49+00:00\",\"dateModified\":\"2024-07-09T19:41:50+00:00\",\"breadcrumb\":{\"@id\":\"http:\/\/mal-auray.org\/index.php\/eveil-a-la-danse\/#breadcrumb\"},\"inLanguage\":\"fr-FR\",\"potentialAction\":[{\"@type\":\"ReadAction\",\"target\":[\"http:\/\/mal-auray.org\/index.php\/eveil-a-la-danse\/\"]}]},{\"@type\":\"BreadcrumbList\",\"@id\":\"http:\/\/mal-auray.org\/index.php\/eveil-a-la-danse\/#breadcrumb\",\"itemListElement\":[{\"@type\":\"ListItem\",\"position\":1,\"name\":\"Accueil\",\"item\":\"http:\/\/mal-auray.org\/\"},{\"@type\":\"ListItem\",\"position\":2,\"name\":\"\u00c9veil et initiation \u00e0 la danse\"}]},{\"@type\":\"WebSite\",\"@id\":\"http:\/\/mal-auray.org\/#website\",\"url\":\"http:\/\/mal-auray.org\/\",\"name\":\"La MAL d&#039;Auray\",\"description\":\"Une association de loisirs pour tous\",\"publisher\":{\"@id\":\"http:\/\/mal-auray.org\/#organization\"},\"potentialAction\":[{\"@type\":\"SearchAction\",\"target\":{\"@type\":\"EntryPoint\",\"urlTemplate\":\"http:\/\/mal-auray.org\/?s={search_term_string}\"},\"query-input\":\"required name=search_term_string\"}],\"inLanguage\":\"fr-FR\"},{\"@type\":\"Organization\",\"@id\":\"http:\/\/mal-auray.org\/#organization\",\"name\":\"La MAL d&#039;Auray\",\"url\":\"http:\/\/mal-auray.org\/\",\"logo\":{\"@type\":\"ImageObject\",\"inLanguage\":\"fr-FR\",\"@id\":\"http:\/\/mal-auray.org\/#\/schema\/logo\/image\/\",\"url\":\"http:\/\/mal-auray.org\/wp-content\/uploads\/2017\/09\/logo-MAL.png\",\"contentUrl\":\"http:\/\/mal-auray.org\/wp-content\/uploads\/2017\/09\/logo-MAL.png\",\"width\":198,\"height\":65,\"caption\":\"La MAL d&#039;Auray\"},\"image\":{\"@id\":\"http:\/\/mal-auray.org\/#\/schema\/logo\/image\/\"},\"sameAs\":[\"https:\/\/www.facebook.com\/MaisonAnimationLoisirs\/\"]}]}<\/script>\n<!-- \/ Yoast SEO plugin. -->","yoast_head_json":{"title":"\u00c9veil et initiation \u00e0 la danse - La MAL d&#039;Auray","robots":{"index":"index","follow":"follow","max-snippet":"max-snippet:-1","max-image-preview":"max-image-preview:large","max-video-preview":"max-video-preview:-1"},"canonical":"http:\/\/mal-auray.org\/index.php\/eveil-a-la-danse\/","og_locale":"fr_FR","og_type":"article","og_title":"\u00c9veil et initiation \u00e0 la danse - La MAL d&#039;Auray","og_description":"\u00c9veil et initiation \u00e0 la danse pour les enfants de 5 \u00e0 8 ans. Sauter, tourner, appr\u00e9hender l\u2019espace, s\u2019exprimer&#8230; L\u2019enfant d\u00e9couvre la danse et acquiert au fil du cursus les bases n\u00e9cessaires \u00e0 toutes les techniques. De fa\u00e7on ludique, il s\u2019approprie son corps en mouvement, toujours en relation \u00e0 la musique, \u00e0 l\u2019espace et \u00e0&hellip;","og_url":"http:\/\/mal-auray.org\/index.php\/eveil-a-la-danse\/","og_site_name":"La MAL d&#039;Auray","article_publisher":"https:\/\/www.facebook.com\/MaisonAnimationLoisirs\/","article_modified_time":"2024-07-09T19:41:50+00:00","twitter_card":"summary_large_image","twitter_misc":{"Dur\u00e9e de lecture estim\u00e9e":"1 minute"},"schema":{"@context":"https:\/\/schema.org","@graph":[{"@type":"WebPage","@id":"http:\/\/mal-auray.org\/index.php\/eveil-a-la-danse\/","url":"http:\/\/mal-auray.org\/index.php\/eveil-a-la-danse\/","name":"\u00c9veil et initiation \u00e0 la danse - La MAL d&#039;Auray","isPartOf":{"@id":"http:\/\/mal-auray.org\/#website"},"datePublished":"2017-09-06T17:51:49+00:00","dateModified":"2024-07-09T19:41:50+00:00","breadcrumb":{"@id":"http:\/\/mal-auray.org\/index.php\/eveil-a-la-danse\/#breadcrumb"},"inLanguage":"fr-FR","potentialAction":[{"@type":"ReadAction","target":["http:\/\/mal-auray.org\/index.php\/eveil-a-la-danse\/"]}]},{"@type":"BreadcrumbList","@id":"http:\/\/mal-auray.org\/index.php\/eveil-a-la-danse\/#breadcrumb","itemListElement":[{"@type":"ListItem","position":1,"name":"Accueil","item":"http:\/\/mal-auray.org\/"},{"@type":"ListItem","position":2,"name":"\u00c9veil et initiation \u00e0 la danse"}]},{"@type":"WebSite","@id":"http:\/\/mal-auray.org\/#website","url":"http:\/\/mal-auray.org\/","name":"La MAL d&#039;Auray","description":"Une association de loisirs pour tous","publisher":{"@id":"http:\/\/mal-auray.org\/#organization"},"potentialAction":[{"@type":"SearchAction","target":{"@type":"EntryPoint","urlTemplate":"http:\/\/mal-auray.org\/?s={search_term_string}"},"query-input":"required name=search_term_string"}],"inLanguage":"fr-FR"},{"@type":"Organization","@id":"http:\/\/mal-auray.org\/#organization","name":"La MAL d&#039;Auray","url":"http:\/\/mal-auray.org\/","logo":{"@type":"ImageObject","inLanguage":"fr-FR","@id":"http:\/\/mal-auray.org\/#\/schema\/logo\/image\/","url":"http:\/\/mal-auray.org\/wp-content\/uploads\/2017\/09\/logo-MAL.png","contentUrl":"http:\/\/mal-auray.org\/wp-content\/uploads\/2017\/09\/logo-MAL.png","width":198,"height":65,"caption":"La MAL d&#039;Auray"},"image":{"@id":"http:\/\/mal-auray.org\/#\/schema\/logo\/image\/"},"sameAs":["https:\/\/www.facebook.com\/MaisonAnimationLoisirs\/"]}]}},"_links":{"self":[{"href":"http:\/\/mal-auray.org\/index.php\/wp-json\/wp\/v2\/pages\/1559"}],"collection":[{"href":"http:\/\/mal-auray.org\/index.php\/wp-json\/wp\/v2\/pages"}],"about":[{"href":"http:\/\/mal-auray.org\/index.php\/wp-json\/wp\/v2\/types\/page"}],"author":[{"embeddable":true,"href":"http:\/\/mal-auray.org\/index.php\/wp-json\/wp\/v2\/users\/1"}],"replies":[{"embeddable":true,"href":"http:\/\/mal-auray.org\/index.php\/wp-json\/wp\/v2\/comments?post=1559"}],"version-history":[{"count":21,"href":"http:\/\/mal-auray.org\/index.php\/wp-json\/wp\/v2\/pages\/1559\/revisions"}],"predecessor-version":[{"id":5962,"href":"http:\/\/mal-auray.org\/index.php\/wp-json\/wp\/v2\/pages\/1559\/revisions\/5962"}],"wp:attachment":[{"href":"http:\/\/mal-auray.org\/index.php\/wp-json\/wp\/v2\/media?parent=1559"}],"curies":[{"name":"wp","href":"https:\/\/api.w.org\/{rel}","templated":true}]}}