{"id":1532,"date":"2017-09-06T19:01:53","date_gmt":"2017-09-06T17:01:53","guid":{"rendered":"http:\/\/mal-auray.org\/?page_id=1532"},"modified":"2024-07-09T21:34:07","modified_gmt":"2024-07-09T19:34:07","slug":"photo-numerique","status":"publish","type":"page","link":"http:\/\/mal-auray.org\/index.php\/photo-numerique\/","title":{"rendered":"Photo num\u00e9rique"},"content":{"rendered":"<p>Cette ann\u00e9e, 2 niveaux de pratique, 1 cours de 3 heures tous les 15 jours :<br \/>\n<strong>Niveau 1 :<\/strong> pour tout nouveau pratiquant qui souhaite savoir exploiter le potentiel de son \u00e9quipement, (appareil photo et post-production), mais aussi, conna\u00eetre les bons r\u00e9flexes pour r\u00e9ussir une photo.<br \/>\n<strong>Niveau 2 :<\/strong> \u00e9largir ses comp\u00e9tences par la pratique de genres photographiques artistiques, par l\u2019apprentissage de la post-production approfondie afin de savoir exploiter le potentiel de ses n\u00e9gatifs num\u00e9riques.<\/p>\n<p><strong>Intervenant :<\/strong> Guillaume GUERIN<\/p>\n<blockquote><p><strong>Horaires, tarifs et inscriptions :<\/strong> <a href=\"https:\/\/mal-auray.goasso.org\/activites?q%5Bactivity_schedules_schedule_type_in%5D%5B%5D=0&amp;q%5Bactivity_schedules_schedule_type_in%5D%5B%5D=3&amp;q%5Bactivity_schedules_sub_schedule_type_eq%5D=0\">c&rsquo;est par ici<\/a><\/p><\/blockquote>\n","protected":false},"excerpt":{"rendered":"<p>Cette ann\u00e9e, 2 niveaux de pratique, 1 cours de 3 heures tous les 15 jours : Niveau 1 : pour tout nouveau pratiquant qui souhaite savoir exploiter le potentiel de son \u00e9quipement, (appareil photo et post-production), mais aussi, conna\u00eetre les bons r\u00e9flexes pour r\u00e9ussir une photo. Niveau 2 : \u00e9largir ses comp\u00e9tences par la pratique&hellip;<\/p>\n","protected":false},"author":1,"featured_media":0,"parent":0,"menu_order":0,"comment_status":"closed","ping_status":"closed","template":"","meta":[],"yoast_head":"<!-- This site is optimized with the Yoast SEO plugin v20.4 - https:\/\/yoast.com\/wordpress\/plugins\/seo\/ -->\n<title>Photo num\u00e9rique - La MAL d&#039;Auray<\/title>\n<meta name=\"robots\" content=\"index, follow, max-snippet:-1, max-image-preview:large, max-video-preview:-1\" \/>\n<link rel=\"canonical\" href=\"http:\/\/mal-auray.org\/index.php\/photo-numerique\/\" \/>\n<meta property=\"og:locale\" content=\"fr_FR\" \/>\n<meta property=\"og:type\" content=\"article\" \/>\n<meta property=\"og:title\" content=\"Photo num\u00e9rique - La MAL d&#039;Auray\" \/>\n<meta property=\"og:description\" content=\"Cette ann\u00e9e, 2 niveaux de pratique, 1 cours de 3 heures tous les 15 jours : Niveau 1 : pour tout nouveau pratiquant qui souhaite savoir exploiter le potentiel de son \u00e9quipement, (appareil photo et post-production), mais aussi, conna\u00eetre les bons r\u00e9flexes pour r\u00e9ussir une photo. Niveau 2 : \u00e9largir ses comp\u00e9tences par la pratique&hellip;\" \/>\n<meta property=\"og:url\" content=\"http:\/\/mal-auray.org\/index.php\/photo-numerique\/\" \/>\n<meta property=\"og:site_name\" content=\"La MAL d&#039;Auray\" \/>\n<meta property=\"article:publisher\" content=\"https:\/\/www.facebook.com\/MaisonAnimationLoisirs\/\" \/>\n<meta property=\"article:modified_time\" content=\"2024-07-09T19:34:07+00:00\" \/>\n<meta name=\"twitter:card\" content=\"summary_large_image\" \/>\n<meta name=\"twitter:label1\" content=\"Dur\u00e9e de lecture estim\u00e9e\" \/>\n\t<meta name=\"twitter:data1\" content=\"1 minute\" \/>\n<script type=\"application\/ld+json\" class=\"yoast-schema-graph\">{\"@context\":\"https:\/\/schema.org\",\"@graph\":[{\"@type\":\"WebPage\",\"@id\":\"http:\/\/mal-auray.org\/index.php\/photo-numerique\/\",\"url\":\"http:\/\/mal-auray.org\/index.php\/photo-numerique\/\",\"name\":\"Photo num\u00e9rique - La MAL d&#039;Auray\",\"isPartOf\":{\"@id\":\"http:\/\/mal-auray.org\/#website\"},\"datePublished\":\"2017-09-06T17:01:53+00:00\",\"dateModified\":\"2024-07-09T19:34:07+00:00\",\"breadcrumb\":{\"@id\":\"http:\/\/mal-auray.org\/index.php\/photo-numerique\/#breadcrumb\"},\"inLanguage\":\"fr-FR\",\"potentialAction\":[{\"@type\":\"ReadAction\",\"target\":[\"http:\/\/mal-auray.org\/index.php\/photo-numerique\/\"]}]},{\"@type\":\"BreadcrumbList\",\"@id\":\"http:\/\/mal-auray.org\/index.php\/photo-numerique\/#breadcrumb\",\"itemListElement\":[{\"@type\":\"ListItem\",\"position\":1,\"name\":\"Accueil\",\"item\":\"http:\/\/mal-auray.org\/\"},{\"@type\":\"ListItem\",\"position\":2,\"name\":\"Photo num\u00e9rique\"}]},{\"@type\":\"WebSite\",\"@id\":\"http:\/\/mal-auray.org\/#website\",\"url\":\"http:\/\/mal-auray.org\/\",\"name\":\"La MAL d&#039;Auray\",\"description\":\"Une association de loisirs pour tous\",\"publisher\":{\"@id\":\"http:\/\/mal-auray.org\/#organization\"},\"potentialAction\":[{\"@type\":\"SearchAction\",\"target\":{\"@type\":\"EntryPoint\",\"urlTemplate\":\"http:\/\/mal-auray.org\/?s={search_term_string}\"},\"query-input\":\"required name=search_term_string\"}],\"inLanguage\":\"fr-FR\"},{\"@type\":\"Organization\",\"@id\":\"http:\/\/mal-auray.org\/#organization\",\"name\":\"La MAL d&#039;Auray\",\"url\":\"http:\/\/mal-auray.org\/\",\"logo\":{\"@type\":\"ImageObject\",\"inLanguage\":\"fr-FR\",\"@id\":\"http:\/\/mal-auray.org\/#\/schema\/logo\/image\/\",\"url\":\"http:\/\/mal-auray.org\/wp-content\/uploads\/2017\/09\/logo-MAL.png\",\"contentUrl\":\"http:\/\/mal-auray.org\/wp-content\/uploads\/2017\/09\/logo-MAL.png\",\"width\":198,\"height\":65,\"caption\":\"La MAL d&#039;Auray\"},\"image\":{\"@id\":\"http:\/\/mal-auray.org\/#\/schema\/logo\/image\/\"},\"sameAs\":[\"https:\/\/www.facebook.com\/MaisonAnimationLoisirs\/\"]}]}<\/script>\n<!-- \/ Yoast SEO plugin. -->","yoast_head_json":{"title":"Photo num\u00e9rique - La MAL d&#039;Auray","robots":{"index":"index","follow":"follow","max-snippet":"max-snippet:-1","max-image-preview":"max-image-preview:large","max-video-preview":"max-video-preview:-1"},"canonical":"http:\/\/mal-auray.org\/index.php\/photo-numerique\/","og_locale":"fr_FR","og_type":"article","og_title":"Photo num\u00e9rique - La MAL d&#039;Auray","og_description":"Cette ann\u00e9e, 2 niveaux de pratique, 1 cours de 3 heures tous les 15 jours : Niveau 1 : pour tout nouveau pratiquant qui souhaite savoir exploiter le potentiel de son \u00e9quipement, (appareil photo et post-production), mais aussi, conna\u00eetre les bons r\u00e9flexes pour r\u00e9ussir une photo. Niveau 2 : \u00e9largir ses comp\u00e9tences par la pratique&hellip;","og_url":"http:\/\/mal-auray.org\/index.php\/photo-numerique\/","og_site_name":"La MAL d&#039;Auray","article_publisher":"https:\/\/www.facebook.com\/MaisonAnimationLoisirs\/","article_modified_time":"2024-07-09T19:34:07+00:00","twitter_card":"summary_large_image","twitter_misc":{"Dur\u00e9e de lecture estim\u00e9e":"1 minute"},"schema":{"@context":"https:\/\/schema.org","@graph":[{"@type":"WebPage","@id":"http:\/\/mal-auray.org\/index.php\/photo-numerique\/","url":"http:\/\/mal-auray.org\/index.php\/photo-numerique\/","name":"Photo num\u00e9rique - La MAL d&#039;Auray","isPartOf":{"@id":"http:\/\/mal-auray.org\/#website"},"datePublished":"2017-09-06T17:01:53+00:00","dateModified":"2024-07-09T19:34:07+00:00","breadcrumb":{"@id":"http:\/\/mal-auray.org\/index.php\/photo-numerique\/#breadcrumb"},"inLanguage":"fr-FR","potentialAction":[{"@type":"ReadAction","target":["http:\/\/mal-auray.org\/index.php\/photo-numerique\/"]}]},{"@type":"BreadcrumbList","@id":"http:\/\/mal-auray.org\/index.php\/photo-numerique\/#breadcrumb","itemListElement":[{"@type":"ListItem","position":1,"name":"Accueil","item":"http:\/\/mal-auray.org\/"},{"@type":"ListItem","position":2,"name":"Photo num\u00e9rique"}]},{"@type":"WebSite","@id":"http:\/\/mal-auray.org\/#website","url":"http:\/\/mal-auray.org\/","name":"La MAL d&#039;Auray","description":"Une association de loisirs pour tous","publisher":{"@id":"http:\/\/mal-auray.org\/#organization"},"potentialAction":[{"@type":"SearchAction","target":{"@type":"EntryPoint","urlTemplate":"http:\/\/mal-auray.org\/?s={search_term_string}"},"query-input":"required name=search_term_string"}],"inLanguage":"fr-FR"},{"@type":"Organization","@id":"http:\/\/mal-auray.org\/#organization","name":"La MAL d&#039;Auray","url":"http:\/\/mal-auray.org\/","logo":{"@type":"ImageObject","inLanguage":"fr-FR","@id":"http:\/\/mal-auray.org\/#\/schema\/logo\/image\/","url":"http:\/\/mal-auray.org\/wp-content\/uploads\/2017\/09\/logo-MAL.png","contentUrl":"http:\/\/mal-auray.org\/wp-content\/uploads\/2017\/09\/logo-MAL.png","width":198,"height":65,"caption":"La MAL d&#039;Auray"},"image":{"@id":"http:\/\/mal-auray.org\/#\/schema\/logo\/image\/"},"sameAs":["https:\/\/www.facebook.com\/MaisonAnimationLoisirs\/"]}]}},"_links":{"self":[{"href":"http:\/\/mal-auray.org\/index.php\/wp-json\/wp\/v2\/pages\/1532"}],"collection":[{"href":"http:\/\/mal-auray.org\/index.php\/wp-json\/wp\/v2\/pages"}],"about":[{"href":"http:\/\/mal-auray.org\/index.php\/wp-json\/wp\/v2\/types\/page"}],"author":[{"embeddable":true,"href":"http:\/\/mal-auray.org\/index.php\/wp-json\/wp\/v2\/users\/1"}],"replies":[{"embeddable":true,"href":"http:\/\/mal-auray.org\/index.php\/wp-json\/wp\/v2\/comments?post=1532"}],"version-history":[{"count":20,"href":"http:\/\/mal-auray.org\/index.php\/wp-json\/wp\/v2\/pages\/1532\/revisions"}],"predecessor-version":[{"id":5947,"href":"http:\/\/mal-auray.org\/index.php\/wp-json\/wp\/v2\/pages\/1532\/revisions\/5947"}],"wp:attachment":[{"href":"http:\/\/mal-auray.org\/index.php\/wp-json\/wp\/v2\/media?parent=1532"}],"curies":[{"name":"wp","href":"https:\/\/api.w.org\/{rel}","templated":true}]}}