{"id":1529,"date":"2017-09-06T18:59:48","date_gmt":"2017-09-06T16:59:48","guid":{"rendered":"http:\/\/mal-auray.org\/?page_id=1529"},"modified":"2017-09-15T19:40:43","modified_gmt":"2017-09-15T17:40:43","slug":"photo","status":"publish","type":"page","link":"http:\/\/mal-auray.org\/index.php\/photo\/","title":{"rendered":"Photo"},"content":{"rendered":"<p>[vc_row][vc_column width=\u00a0\u00bb1\/4&Prime;][vc_single_image image=\u00a0\u00bb1995&Prime; img_size=\u00a0\u00bbmedium\u00a0\u00bb onclick=\u00a0\u00bbcustom_link\u00a0\u00bb link=\u00a0\u00bbhttp:\/\/mal-auray.org\/index.php\/photo-argentique\/\u00a0\u00bb][\/vc_column][vc_column width=\u00a0\u00bb1\/4&Prime;][vc_single_image image=\u00a0\u00bb1996&Prime; img_size=\u00a0\u00bbmedium\u00a0\u00bb onclick=\u00a0\u00bbcustom_link\u00a0\u00bb link=\u00a0\u00bbhttp:\/\/mal-auray.org\/index.php\/photo-numerique\/\u00a0\u00bb][\/vc_column][\/vc_row]<\/p>\n","protected":false},"excerpt":{"rendered":"<p>[vc_row][vc_column width=\u00a0\u00bb1\/4&Prime;][vc_single_image image=\u00a0\u00bb1995&Prime; img_size=\u00a0\u00bbmedium\u00a0\u00bb onclick=\u00a0\u00bbcustom_link\u00a0\u00bb link=\u00a0\u00bbhttp:\/\/mal-auray.org\/index.php\/photo-argentique\/\u00a0\u00bb][\/vc_column][vc_column width=\u00a0\u00bb1\/4&Prime;][vc_single_image image=\u00a0\u00bb1996&Prime; img_size=\u00a0\u00bbmedium\u00a0\u00bb onclick=\u00a0\u00bbcustom_link\u00a0\u00bb link=\u00a0\u00bbhttp:\/\/mal-auray.org\/index.php\/photo-numerique\/\u00a0\u00bb][\/vc_column][\/vc_row]<\/p>\n","protected":false},"author":1,"featured_media":0,"parent":0,"menu_order":0,"comment_status":"closed","ping_status":"closed","template":"","meta":[],"yoast_head":"<!-- This site is optimized with the Yoast SEO plugin v20.4 - https:\/\/yoast.com\/wordpress\/plugins\/seo\/ -->\n<title>Photo - La MAL d&#039;Auray<\/title>\n<meta name=\"description\" content=\"La maison d&#039;animation et des loisirs pour tous propose des activit\u00e9s photographiques \u00e0 Auray dans le Morbihan (56) : photo argentique et photo num\u00e9rique\" \/>\n<meta name=\"robots\" content=\"index, follow, max-snippet:-1, max-image-preview:large, max-video-preview:-1\" \/>\n<link rel=\"canonical\" href=\"http:\/\/mal-auray.org\/index.php\/photo\/\" \/>\n<meta property=\"og:locale\" content=\"fr_FR\" \/>\n<meta property=\"og:type\" content=\"article\" \/>\n<meta property=\"og:title\" content=\"Photo - La MAL d&#039;Auray\" \/>\n<meta property=\"og:description\" content=\"La maison d&#039;animation et des loisirs pour tous propose des activit\u00e9s photographiques \u00e0 Auray dans le Morbihan (56) : photo argentique et photo num\u00e9rique\" \/>\n<meta property=\"og:url\" content=\"http:\/\/mal-auray.org\/index.php\/photo\/\" \/>\n<meta property=\"og:site_name\" content=\"La MAL d&#039;Auray\" \/>\n<meta property=\"article:publisher\" content=\"https:\/\/www.facebook.com\/MaisonAnimationLoisirs\/\" \/>\n<meta property=\"article:modified_time\" content=\"2017-09-15T17:40:43+00:00\" \/>\n<meta name=\"twitter:card\" content=\"summary_large_image\" \/>\n<script type=\"application\/ld+json\" class=\"yoast-schema-graph\">{\"@context\":\"https:\/\/schema.org\",\"@graph\":[{\"@type\":\"WebPage\",\"@id\":\"http:\/\/mal-auray.org\/index.php\/photo\/\",\"url\":\"http:\/\/mal-auray.org\/index.php\/photo\/\",\"name\":\"Photo - La MAL d&#039;Auray\",\"isPartOf\":{\"@id\":\"http:\/\/mal-auray.org\/#website\"},\"datePublished\":\"2017-09-06T16:59:48+00:00\",\"dateModified\":\"2017-09-15T17:40:43+00:00\",\"description\":\"La maison d'animation et des loisirs pour tous propose des activit\u00e9s photographiques \u00e0 Auray dans le Morbihan (56) : photo argentique et photo num\u00e9rique\",\"breadcrumb\":{\"@id\":\"http:\/\/mal-auray.org\/index.php\/photo\/#breadcrumb\"},\"inLanguage\":\"fr-FR\",\"potentialAction\":[{\"@type\":\"ReadAction\",\"target\":[\"http:\/\/mal-auray.org\/index.php\/photo\/\"]}]},{\"@type\":\"BreadcrumbList\",\"@id\":\"http:\/\/mal-auray.org\/index.php\/photo\/#breadcrumb\",\"itemListElement\":[{\"@type\":\"ListItem\",\"position\":1,\"name\":\"Accueil\",\"item\":\"http:\/\/mal-auray.org\/\"},{\"@type\":\"ListItem\",\"position\":2,\"name\":\"Photo\"}]},{\"@type\":\"WebSite\",\"@id\":\"http:\/\/mal-auray.org\/#website\",\"url\":\"http:\/\/mal-auray.org\/\",\"name\":\"La MAL d&#039;Auray\",\"description\":\"Une association de loisirs pour tous\",\"publisher\":{\"@id\":\"http:\/\/mal-auray.org\/#organization\"},\"potentialAction\":[{\"@type\":\"SearchAction\",\"target\":{\"@type\":\"EntryPoint\",\"urlTemplate\":\"http:\/\/mal-auray.org\/?s={search_term_string}\"},\"query-input\":\"required name=search_term_string\"}],\"inLanguage\":\"fr-FR\"},{\"@type\":\"Organization\",\"@id\":\"http:\/\/mal-auray.org\/#organization\",\"name\":\"La MAL d&#039;Auray\",\"url\":\"http:\/\/mal-auray.org\/\",\"logo\":{\"@type\":\"ImageObject\",\"inLanguage\":\"fr-FR\",\"@id\":\"http:\/\/mal-auray.org\/#\/schema\/logo\/image\/\",\"url\":\"http:\/\/mal-auray.org\/wp-content\/uploads\/2017\/09\/logo-MAL.png\",\"contentUrl\":\"http:\/\/mal-auray.org\/wp-content\/uploads\/2017\/09\/logo-MAL.png\",\"width\":198,\"height\":65,\"caption\":\"La MAL d&#039;Auray\"},\"image\":{\"@id\":\"http:\/\/mal-auray.org\/#\/schema\/logo\/image\/\"},\"sameAs\":[\"https:\/\/www.facebook.com\/MaisonAnimationLoisirs\/\"]}]}<\/script>\n<!-- \/ Yoast SEO plugin. -->","yoast_head_json":{"title":"Photo - La MAL d&#039;Auray","description":"La maison d'animation et des loisirs pour tous propose des activit\u00e9s photographiques \u00e0 Auray dans le Morbihan (56) : photo argentique et photo num\u00e9rique","robots":{"index":"index","follow":"follow","max-snippet":"max-snippet:-1","max-image-preview":"max-image-preview:large","max-video-preview":"max-video-preview:-1"},"canonical":"http:\/\/mal-auray.org\/index.php\/photo\/","og_locale":"fr_FR","og_type":"article","og_title":"Photo - La MAL d&#039;Auray","og_description":"La maison d'animation et des loisirs pour tous propose des activit\u00e9s photographiques \u00e0 Auray dans le Morbihan (56) : photo argentique et photo num\u00e9rique","og_url":"http:\/\/mal-auray.org\/index.php\/photo\/","og_site_name":"La MAL d&#039;Auray","article_publisher":"https:\/\/www.facebook.com\/MaisonAnimationLoisirs\/","article_modified_time":"2017-09-15T17:40:43+00:00","twitter_card":"summary_large_image","schema":{"@context":"https:\/\/schema.org","@graph":[{"@type":"WebPage","@id":"http:\/\/mal-auray.org\/index.php\/photo\/","url":"http:\/\/mal-auray.org\/index.php\/photo\/","name":"Photo - La MAL d&#039;Auray","isPartOf":{"@id":"http:\/\/mal-auray.org\/#website"},"datePublished":"2017-09-06T16:59:48+00:00","dateModified":"2017-09-15T17:40:43+00:00","description":"La maison d'animation et des loisirs pour tous propose des activit\u00e9s photographiques \u00e0 Auray dans le Morbihan (56) : photo argentique et photo num\u00e9rique","breadcrumb":{"@id":"http:\/\/mal-auray.org\/index.php\/photo\/#breadcrumb"},"inLanguage":"fr-FR","potentialAction":[{"@type":"ReadAction","target":["http:\/\/mal-auray.org\/index.php\/photo\/"]}]},{"@type":"BreadcrumbList","@id":"http:\/\/mal-auray.org\/index.php\/photo\/#breadcrumb","itemListElement":[{"@type":"ListItem","position":1,"name":"Accueil","item":"http:\/\/mal-auray.org\/"},{"@type":"ListItem","position":2,"name":"Photo"}]},{"@type":"WebSite","@id":"http:\/\/mal-auray.org\/#website","url":"http:\/\/mal-auray.org\/","name":"La MAL d&#039;Auray","description":"Une association de loisirs pour tous","publisher":{"@id":"http:\/\/mal-auray.org\/#organization"},"potentialAction":[{"@type":"SearchAction","target":{"@type":"EntryPoint","urlTemplate":"http:\/\/mal-auray.org\/?s={search_term_string}"},"query-input":"required name=search_term_string"}],"inLanguage":"fr-FR"},{"@type":"Organization","@id":"http:\/\/mal-auray.org\/#organization","name":"La MAL d&#039;Auray","url":"http:\/\/mal-auray.org\/","logo":{"@type":"ImageObject","inLanguage":"fr-FR","@id":"http:\/\/mal-auray.org\/#\/schema\/logo\/image\/","url":"http:\/\/mal-auray.org\/wp-content\/uploads\/2017\/09\/logo-MAL.png","contentUrl":"http:\/\/mal-auray.org\/wp-content\/uploads\/2017\/09\/logo-MAL.png","width":198,"height":65,"caption":"La MAL d&#039;Auray"},"image":{"@id":"http:\/\/mal-auray.org\/#\/schema\/logo\/image\/"},"sameAs":["https:\/\/www.facebook.com\/MaisonAnimationLoisirs\/"]}]}},"_links":{"self":[{"href":"http:\/\/mal-auray.org\/index.php\/wp-json\/wp\/v2\/pages\/1529"}],"collection":[{"href":"http:\/\/mal-auray.org\/index.php\/wp-json\/wp\/v2\/pages"}],"about":[{"href":"http:\/\/mal-auray.org\/index.php\/wp-json\/wp\/v2\/types\/page"}],"author":[{"embeddable":true,"href":"http:\/\/mal-auray.org\/index.php\/wp-json\/wp\/v2\/users\/1"}],"replies":[{"embeddable":true,"href":"http:\/\/mal-auray.org\/index.php\/wp-json\/wp\/v2\/comments?post=1529"}],"version-history":[{"count":2,"href":"http:\/\/mal-auray.org\/index.php\/wp-json\/wp\/v2\/pages\/1529\/revisions"}],"predecessor-version":[{"id":2036,"href":"http:\/\/mal-auray.org\/index.php\/wp-json\/wp\/v2\/pages\/1529\/revisions\/2036"}],"wp:attachment":[{"href":"http:\/\/mal-auray.org\/index.php\/wp-json\/wp\/v2\/media?parent=1529"}],"curies":[{"name":"wp","href":"https:\/\/api.w.org\/{rel}","templated":true}]}}