{"id":1502,"date":"2017-09-06T16:47:40","date_gmt":"2017-09-06T14:47:40","guid":{"rendered":"http:\/\/mal-auray.org\/?page_id=1502"},"modified":"2024-07-09T21:36:49","modified_gmt":"2024-07-09T19:36:49","slug":"eveil-musical","status":"publish","type":"page","link":"http:\/\/mal-auray.org\/index.php\/eveil-musical\/","title":{"rendered":"\u00c9veil musical 3 \u00e0 6 ans"},"content":{"rendered":"<p>L\u2019apprentissage de la musique a de r\u00e9elles vertus sur le d\u00e9veloppement intellectuel et social de l\u2019enfant.<br \/>\n&#8211; De 3 \u00e0 5 ans, \u00e0 travers des jeux et le chant, les enfants travaillent le sens rythmique, l\u2019audition, la voix, l\u2019improvisation et apprennent \u00e0 accompagner des histoires musicales avec des instruments de musique (tambours, percussions, maracas\u2026). S\u00e9ance initi\u00e9e et cl\u00f4tur\u00e9e par des rituels de relaxation.<br \/>\n&#8211; D\u00e8s 5 ans, initiation au langage musical avec la m\u00e9thode Martenot (rythme et solf\u00e8ge) et approche en groupe de diff\u00e9rents instruments de musique. Jeux rythmiques, (Cup song) chant, histoire de la musique, d\u00e9couverte musicale.<\/p>\n<p><strong>Intervenante :<\/strong> Marl\u00e8ne BINET<\/p>\n<blockquote><p><strong>Horaires, tarifs et inscriptions :<\/strong> <a href=\"https:\/\/mal-auray.goasso.org\/activites?q%5Bactivity_schedules_schedule_type_in%5D%5B%5D=0&amp;q%5Bactivity_schedules_schedule_type_in%5D%5B%5D=3&amp;q%5Bactivity_schedules_sub_schedule_type_eq%5D=0\">c&rsquo;est par ici<\/a><\/p><\/blockquote>\n","protected":false},"excerpt":{"rendered":"<p>L\u2019apprentissage de la musique a de r\u00e9elles vertus sur le d\u00e9veloppement intellectuel et social de l\u2019enfant. &#8211; De 3 \u00e0 5 ans, \u00e0 travers des jeux et le chant, les enfants travaillent le sens rythmique, l\u2019audition, la voix, l\u2019improvisation et apprennent \u00e0 accompagner des histoires musicales avec des instruments de musique (tambours, percussions, maracas\u2026). S\u00e9ance&hellip;<\/p>\n","protected":false},"author":1,"featured_media":0,"parent":0,"menu_order":0,"comment_status":"closed","ping_status":"closed","template":"","meta":[],"yoast_head":"<!-- This site is optimized with the Yoast SEO plugin v20.4 - https:\/\/yoast.com\/wordpress\/plugins\/seo\/ -->\n<title>\u00c9veil musical 3 \u00e0 6 ans - La MAL d&#039;Auray<\/title>\n<meta name=\"robots\" content=\"index, follow, max-snippet:-1, max-image-preview:large, max-video-preview:-1\" \/>\n<link rel=\"canonical\" href=\"http:\/\/mal-auray.org\/index.php\/eveil-musical\/\" \/>\n<meta property=\"og:locale\" content=\"fr_FR\" \/>\n<meta property=\"og:type\" content=\"article\" \/>\n<meta property=\"og:title\" content=\"\u00c9veil musical 3 \u00e0 6 ans - La MAL d&#039;Auray\" \/>\n<meta property=\"og:description\" content=\"L\u2019apprentissage de la musique a de r\u00e9elles vertus sur le d\u00e9veloppement intellectuel et social de l\u2019enfant. &#8211; De 3 \u00e0 5 ans, \u00e0 travers des jeux et le chant, les enfants travaillent le sens rythmique, l\u2019audition, la voix, l\u2019improvisation et apprennent \u00e0 accompagner des histoires musicales avec des instruments de musique (tambours, percussions, maracas\u2026). S\u00e9ance&hellip;\" \/>\n<meta property=\"og:url\" content=\"http:\/\/mal-auray.org\/index.php\/eveil-musical\/\" \/>\n<meta property=\"og:site_name\" content=\"La MAL d&#039;Auray\" \/>\n<meta property=\"article:publisher\" content=\"https:\/\/www.facebook.com\/MaisonAnimationLoisirs\/\" \/>\n<meta property=\"article:modified_time\" content=\"2024-07-09T19:36:49+00:00\" \/>\n<meta name=\"twitter:card\" content=\"summary_large_image\" \/>\n<meta name=\"twitter:label1\" content=\"Dur\u00e9e de lecture estim\u00e9e\" \/>\n\t<meta name=\"twitter:data1\" content=\"1 minute\" \/>\n<script type=\"application\/ld+json\" class=\"yoast-schema-graph\">{\"@context\":\"https:\/\/schema.org\",\"@graph\":[{\"@type\":\"WebPage\",\"@id\":\"http:\/\/mal-auray.org\/index.php\/eveil-musical\/\",\"url\":\"http:\/\/mal-auray.org\/index.php\/eveil-musical\/\",\"name\":\"\u00c9veil musical 3 \u00e0 6 ans - La MAL d&#039;Auray\",\"isPartOf\":{\"@id\":\"http:\/\/mal-auray.org\/#website\"},\"datePublished\":\"2017-09-06T14:47:40+00:00\",\"dateModified\":\"2024-07-09T19:36:49+00:00\",\"breadcrumb\":{\"@id\":\"http:\/\/mal-auray.org\/index.php\/eveil-musical\/#breadcrumb\"},\"inLanguage\":\"fr-FR\",\"potentialAction\":[{\"@type\":\"ReadAction\",\"target\":[\"http:\/\/mal-auray.org\/index.php\/eveil-musical\/\"]}]},{\"@type\":\"BreadcrumbList\",\"@id\":\"http:\/\/mal-auray.org\/index.php\/eveil-musical\/#breadcrumb\",\"itemListElement\":[{\"@type\":\"ListItem\",\"position\":1,\"name\":\"Accueil\",\"item\":\"http:\/\/mal-auray.org\/\"},{\"@type\":\"ListItem\",\"position\":2,\"name\":\"\u00c9veil musical 3 \u00e0 6 ans\"}]},{\"@type\":\"WebSite\",\"@id\":\"http:\/\/mal-auray.org\/#website\",\"url\":\"http:\/\/mal-auray.org\/\",\"name\":\"La MAL d&#039;Auray\",\"description\":\"Une association de loisirs pour tous\",\"publisher\":{\"@id\":\"http:\/\/mal-auray.org\/#organization\"},\"potentialAction\":[{\"@type\":\"SearchAction\",\"target\":{\"@type\":\"EntryPoint\",\"urlTemplate\":\"http:\/\/mal-auray.org\/?s={search_term_string}\"},\"query-input\":\"required name=search_term_string\"}],\"inLanguage\":\"fr-FR\"},{\"@type\":\"Organization\",\"@id\":\"http:\/\/mal-auray.org\/#organization\",\"name\":\"La MAL d&#039;Auray\",\"url\":\"http:\/\/mal-auray.org\/\",\"logo\":{\"@type\":\"ImageObject\",\"inLanguage\":\"fr-FR\",\"@id\":\"http:\/\/mal-auray.org\/#\/schema\/logo\/image\/\",\"url\":\"http:\/\/mal-auray.org\/wp-content\/uploads\/2017\/09\/logo-MAL.png\",\"contentUrl\":\"http:\/\/mal-auray.org\/wp-content\/uploads\/2017\/09\/logo-MAL.png\",\"width\":198,\"height\":65,\"caption\":\"La MAL d&#039;Auray\"},\"image\":{\"@id\":\"http:\/\/mal-auray.org\/#\/schema\/logo\/image\/\"},\"sameAs\":[\"https:\/\/www.facebook.com\/MaisonAnimationLoisirs\/\"]}]}<\/script>\n<!-- \/ Yoast SEO plugin. -->","yoast_head_json":{"title":"\u00c9veil musical 3 \u00e0 6 ans - La MAL d&#039;Auray","robots":{"index":"index","follow":"follow","max-snippet":"max-snippet:-1","max-image-preview":"max-image-preview:large","max-video-preview":"max-video-preview:-1"},"canonical":"http:\/\/mal-auray.org\/index.php\/eveil-musical\/","og_locale":"fr_FR","og_type":"article","og_title":"\u00c9veil musical 3 \u00e0 6 ans - La MAL d&#039;Auray","og_description":"L\u2019apprentissage de la musique a de r\u00e9elles vertus sur le d\u00e9veloppement intellectuel et social de l\u2019enfant. &#8211; De 3 \u00e0 5 ans, \u00e0 travers des jeux et le chant, les enfants travaillent le sens rythmique, l\u2019audition, la voix, l\u2019improvisation et apprennent \u00e0 accompagner des histoires musicales avec des instruments de musique (tambours, percussions, maracas\u2026). S\u00e9ance&hellip;","og_url":"http:\/\/mal-auray.org\/index.php\/eveil-musical\/","og_site_name":"La MAL d&#039;Auray","article_publisher":"https:\/\/www.facebook.com\/MaisonAnimationLoisirs\/","article_modified_time":"2024-07-09T19:36:49+00:00","twitter_card":"summary_large_image","twitter_misc":{"Dur\u00e9e de lecture estim\u00e9e":"1 minute"},"schema":{"@context":"https:\/\/schema.org","@graph":[{"@type":"WebPage","@id":"http:\/\/mal-auray.org\/index.php\/eveil-musical\/","url":"http:\/\/mal-auray.org\/index.php\/eveil-musical\/","name":"\u00c9veil musical 3 \u00e0 6 ans - La MAL d&#039;Auray","isPartOf":{"@id":"http:\/\/mal-auray.org\/#website"},"datePublished":"2017-09-06T14:47:40+00:00","dateModified":"2024-07-09T19:36:49+00:00","breadcrumb":{"@id":"http:\/\/mal-auray.org\/index.php\/eveil-musical\/#breadcrumb"},"inLanguage":"fr-FR","potentialAction":[{"@type":"ReadAction","target":["http:\/\/mal-auray.org\/index.php\/eveil-musical\/"]}]},{"@type":"BreadcrumbList","@id":"http:\/\/mal-auray.org\/index.php\/eveil-musical\/#breadcrumb","itemListElement":[{"@type":"ListItem","position":1,"name":"Accueil","item":"http:\/\/mal-auray.org\/"},{"@type":"ListItem","position":2,"name":"\u00c9veil musical 3 \u00e0 6 ans"}]},{"@type":"WebSite","@id":"http:\/\/mal-auray.org\/#website","url":"http:\/\/mal-auray.org\/","name":"La MAL d&#039;Auray","description":"Une association de loisirs pour tous","publisher":{"@id":"http:\/\/mal-auray.org\/#organization"},"potentialAction":[{"@type":"SearchAction","target":{"@type":"EntryPoint","urlTemplate":"http:\/\/mal-auray.org\/?s={search_term_string}"},"query-input":"required name=search_term_string"}],"inLanguage":"fr-FR"},{"@type":"Organization","@id":"http:\/\/mal-auray.org\/#organization","name":"La MAL d&#039;Auray","url":"http:\/\/mal-auray.org\/","logo":{"@type":"ImageObject","inLanguage":"fr-FR","@id":"http:\/\/mal-auray.org\/#\/schema\/logo\/image\/","url":"http:\/\/mal-auray.org\/wp-content\/uploads\/2017\/09\/logo-MAL.png","contentUrl":"http:\/\/mal-auray.org\/wp-content\/uploads\/2017\/09\/logo-MAL.png","width":198,"height":65,"caption":"La MAL d&#039;Auray"},"image":{"@id":"http:\/\/mal-auray.org\/#\/schema\/logo\/image\/"},"sameAs":["https:\/\/www.facebook.com\/MaisonAnimationLoisirs\/"]}]}},"_links":{"self":[{"href":"http:\/\/mal-auray.org\/index.php\/wp-json\/wp\/v2\/pages\/1502"}],"collection":[{"href":"http:\/\/mal-auray.org\/index.php\/wp-json\/wp\/v2\/pages"}],"about":[{"href":"http:\/\/mal-auray.org\/index.php\/wp-json\/wp\/v2\/types\/page"}],"author":[{"embeddable":true,"href":"http:\/\/mal-auray.org\/index.php\/wp-json\/wp\/v2\/users\/1"}],"replies":[{"embeddable":true,"href":"http:\/\/mal-auray.org\/index.php\/wp-json\/wp\/v2\/comments?post=1502"}],"version-history":[{"count":30,"href":"http:\/\/mal-auray.org\/index.php\/wp-json\/wp\/v2\/pages\/1502\/revisions"}],"predecessor-version":[{"id":5951,"href":"http:\/\/mal-auray.org\/index.php\/wp-json\/wp\/v2\/pages\/1502\/revisions\/5951"}],"wp:attachment":[{"href":"http:\/\/mal-auray.org\/index.php\/wp-json\/wp\/v2\/media?parent=1502"}],"curies":[{"name":"wp","href":"https:\/\/api.w.org\/{rel}","templated":true}]}}