{"id":1472,"date":"2017-09-06T16:08:11","date_gmt":"2017-09-06T14:08:11","guid":{"rendered":"http:\/\/mal-auray.org\/?page_id=1472"},"modified":"2024-07-09T21:35:46","modified_gmt":"2024-07-09T19:35:46","slug":"atelier-fauteuils","status":"publish","type":"page","link":"http:\/\/mal-auray.org\/index.php\/atelier-fauteuils\/","title":{"rendered":"Atelier fauteuils"},"content":{"rendered":"<p>\u00c0 partir d\u2019un fauteuil d\u00e9garni de votre choix, d\u00e9couvrez toutes les \u00e9tapes n\u00e9cessaires pour le garnir et le couvrir. Une r\u00e9novation traditionnelle ou moderne (sangle, mousse&#8230;) pour poser le tissu de votre choix. Finition clous ou galons (fournitures non comprises, co\u00fbt variable en fonction du fauteuil et du projet).<\/p>\n<p><strong>Intervenants :<\/strong> Catherine YHUEL et No\u00ebl GUILLEMOTO<\/p>\n<blockquote><p><strong>Horaires, tarifs et inscriptions :<\/strong> <a href=\"https:\/\/mal-auray.goasso.org\/activites?q%5Bactivity_schedules_schedule_type_in%5D%5B%5D=0&amp;q%5Bactivity_schedules_schedule_type_in%5D%5B%5D=3&amp;q%5Bactivity_schedules_sub_schedule_type_eq%5D=0\">c&rsquo;est par ici<\/a><\/p><\/blockquote>\n","protected":false},"excerpt":{"rendered":"<p>\u00c0 partir d\u2019un fauteuil d\u00e9garni de votre choix, d\u00e9couvrez toutes les \u00e9tapes n\u00e9cessaires pour le garnir et le couvrir. Une r\u00e9novation traditionnelle ou moderne (sangle, mousse&#8230;) pour poser le tissu de votre choix. Finition clous ou galons (fournitures non comprises, co\u00fbt variable en fonction du fauteuil et du projet). Intervenants : Catherine YHUEL et No\u00ebl&hellip;<\/p>\n","protected":false},"author":1,"featured_media":0,"parent":0,"menu_order":0,"comment_status":"closed","ping_status":"closed","template":"","meta":[],"yoast_head":"<!-- This site is optimized with the Yoast SEO plugin v20.4 - https:\/\/yoast.com\/wordpress\/plugins\/seo\/ -->\n<title>Atelier fauteuils - La MAL d&#039;Auray<\/title>\n<meta name=\"description\" content=\"Garnir et couvrir vos fauteuils dans l&#039;atelier de la MAL est accessible \u00e0 tous. Abordez les techniques traditionnelles et modernes.\" \/>\n<meta name=\"robots\" content=\"index, follow, max-snippet:-1, max-image-preview:large, max-video-preview:-1\" \/>\n<link rel=\"canonical\" href=\"https:\/\/mal-auray.org\/index.php\/atelier-fauteuils\/\" \/>\n<meta property=\"og:locale\" content=\"fr_FR\" \/>\n<meta property=\"og:type\" content=\"article\" \/>\n<meta property=\"og:title\" content=\"Atelier fauteuils - La MAL d&#039;Auray\" \/>\n<meta property=\"og:description\" content=\"Garnir et couvrir vos fauteuils dans l&#039;atelier de la MAL est accessible \u00e0 tous. Abordez les techniques traditionnelles et modernes.\" \/>\n<meta property=\"og:url\" content=\"https:\/\/mal-auray.org\/index.php\/atelier-fauteuils\/\" \/>\n<meta property=\"og:site_name\" content=\"La MAL d&#039;Auray\" \/>\n<meta property=\"article:publisher\" content=\"https:\/\/www.facebook.com\/MaisonAnimationLoisirs\/\" \/>\n<meta property=\"article:modified_time\" content=\"2024-07-09T19:35:46+00:00\" \/>\n<meta name=\"twitter:card\" content=\"summary_large_image\" \/>\n<meta name=\"twitter:label1\" content=\"Dur\u00e9e de lecture estim\u00e9e\" \/>\n\t<meta name=\"twitter:data1\" content=\"1 minute\" \/>\n<script type=\"application\/ld+json\" class=\"yoast-schema-graph\">{\"@context\":\"https:\/\/schema.org\",\"@graph\":[{\"@type\":\"WebPage\",\"@id\":\"https:\/\/mal-auray.org\/index.php\/atelier-fauteuils\/\",\"url\":\"https:\/\/mal-auray.org\/index.php\/atelier-fauteuils\/\",\"name\":\"Atelier fauteuils - La MAL d&#039;Auray\",\"isPartOf\":{\"@id\":\"http:\/\/mal-auray.org\/#website\"},\"datePublished\":\"2017-09-06T14:08:11+00:00\",\"dateModified\":\"2024-07-09T19:35:46+00:00\",\"description\":\"Garnir et couvrir vos fauteuils dans l'atelier de la MAL est accessible \u00e0 tous. Abordez les techniques traditionnelles et modernes.\",\"breadcrumb\":{\"@id\":\"https:\/\/mal-auray.org\/index.php\/atelier-fauteuils\/#breadcrumb\"},\"inLanguage\":\"fr-FR\",\"potentialAction\":[{\"@type\":\"ReadAction\",\"target\":[\"https:\/\/mal-auray.org\/index.php\/atelier-fauteuils\/\"]}]},{\"@type\":\"BreadcrumbList\",\"@id\":\"https:\/\/mal-auray.org\/index.php\/atelier-fauteuils\/#breadcrumb\",\"itemListElement\":[{\"@type\":\"ListItem\",\"position\":1,\"name\":\"Accueil\",\"item\":\"http:\/\/mal-auray.org\/\"},{\"@type\":\"ListItem\",\"position\":2,\"name\":\"Atelier fauteuils\"}]},{\"@type\":\"WebSite\",\"@id\":\"http:\/\/mal-auray.org\/#website\",\"url\":\"http:\/\/mal-auray.org\/\",\"name\":\"La MAL d&#039;Auray\",\"description\":\"Une association de loisirs pour tous\",\"publisher\":{\"@id\":\"http:\/\/mal-auray.org\/#organization\"},\"potentialAction\":[{\"@type\":\"SearchAction\",\"target\":{\"@type\":\"EntryPoint\",\"urlTemplate\":\"http:\/\/mal-auray.org\/?s={search_term_string}\"},\"query-input\":\"required name=search_term_string\"}],\"inLanguage\":\"fr-FR\"},{\"@type\":\"Organization\",\"@id\":\"http:\/\/mal-auray.org\/#organization\",\"name\":\"La MAL d&#039;Auray\",\"url\":\"http:\/\/mal-auray.org\/\",\"logo\":{\"@type\":\"ImageObject\",\"inLanguage\":\"fr-FR\",\"@id\":\"http:\/\/mal-auray.org\/#\/schema\/logo\/image\/\",\"url\":\"http:\/\/mal-auray.org\/wp-content\/uploads\/2017\/09\/logo-MAL.png\",\"contentUrl\":\"http:\/\/mal-auray.org\/wp-content\/uploads\/2017\/09\/logo-MAL.png\",\"width\":198,\"height\":65,\"caption\":\"La MAL d&#039;Auray\"},\"image\":{\"@id\":\"http:\/\/mal-auray.org\/#\/schema\/logo\/image\/\"},\"sameAs\":[\"https:\/\/www.facebook.com\/MaisonAnimationLoisirs\/\"]}]}<\/script>\n<!-- \/ Yoast SEO plugin. -->","yoast_head_json":{"title":"Atelier fauteuils - La MAL d&#039;Auray","description":"Garnir et couvrir vos fauteuils dans l'atelier de la MAL est accessible \u00e0 tous. Abordez les techniques traditionnelles et modernes.","robots":{"index":"index","follow":"follow","max-snippet":"max-snippet:-1","max-image-preview":"max-image-preview:large","max-video-preview":"max-video-preview:-1"},"canonical":"https:\/\/mal-auray.org\/index.php\/atelier-fauteuils\/","og_locale":"fr_FR","og_type":"article","og_title":"Atelier fauteuils - La MAL d&#039;Auray","og_description":"Garnir et couvrir vos fauteuils dans l'atelier de la MAL est accessible \u00e0 tous. Abordez les techniques traditionnelles et modernes.","og_url":"https:\/\/mal-auray.org\/index.php\/atelier-fauteuils\/","og_site_name":"La MAL d&#039;Auray","article_publisher":"https:\/\/www.facebook.com\/MaisonAnimationLoisirs\/","article_modified_time":"2024-07-09T19:35:46+00:00","twitter_card":"summary_large_image","twitter_misc":{"Dur\u00e9e de lecture estim\u00e9e":"1 minute"},"schema":{"@context":"https:\/\/schema.org","@graph":[{"@type":"WebPage","@id":"https:\/\/mal-auray.org\/index.php\/atelier-fauteuils\/","url":"https:\/\/mal-auray.org\/index.php\/atelier-fauteuils\/","name":"Atelier fauteuils - La MAL d&#039;Auray","isPartOf":{"@id":"http:\/\/mal-auray.org\/#website"},"datePublished":"2017-09-06T14:08:11+00:00","dateModified":"2024-07-09T19:35:46+00:00","description":"Garnir et couvrir vos fauteuils dans l'atelier de la MAL est accessible \u00e0 tous. Abordez les techniques traditionnelles et modernes.","breadcrumb":{"@id":"https:\/\/mal-auray.org\/index.php\/atelier-fauteuils\/#breadcrumb"},"inLanguage":"fr-FR","potentialAction":[{"@type":"ReadAction","target":["https:\/\/mal-auray.org\/index.php\/atelier-fauteuils\/"]}]},{"@type":"BreadcrumbList","@id":"https:\/\/mal-auray.org\/index.php\/atelier-fauteuils\/#breadcrumb","itemListElement":[{"@type":"ListItem","position":1,"name":"Accueil","item":"http:\/\/mal-auray.org\/"},{"@type":"ListItem","position":2,"name":"Atelier fauteuils"}]},{"@type":"WebSite","@id":"http:\/\/mal-auray.org\/#website","url":"http:\/\/mal-auray.org\/","name":"La MAL d&#039;Auray","description":"Une association de loisirs pour tous","publisher":{"@id":"http:\/\/mal-auray.org\/#organization"},"potentialAction":[{"@type":"SearchAction","target":{"@type":"EntryPoint","urlTemplate":"http:\/\/mal-auray.org\/?s={search_term_string}"},"query-input":"required name=search_term_string"}],"inLanguage":"fr-FR"},{"@type":"Organization","@id":"http:\/\/mal-auray.org\/#organization","name":"La MAL d&#039;Auray","url":"http:\/\/mal-auray.org\/","logo":{"@type":"ImageObject","inLanguage":"fr-FR","@id":"http:\/\/mal-auray.org\/#\/schema\/logo\/image\/","url":"http:\/\/mal-auray.org\/wp-content\/uploads\/2017\/09\/logo-MAL.png","contentUrl":"http:\/\/mal-auray.org\/wp-content\/uploads\/2017\/09\/logo-MAL.png","width":198,"height":65,"caption":"La MAL d&#039;Auray"},"image":{"@id":"http:\/\/mal-auray.org\/#\/schema\/logo\/image\/"},"sameAs":["https:\/\/www.facebook.com\/MaisonAnimationLoisirs\/"]}]}},"_links":{"self":[{"href":"http:\/\/mal-auray.org\/index.php\/wp-json\/wp\/v2\/pages\/1472"}],"collection":[{"href":"http:\/\/mal-auray.org\/index.php\/wp-json\/wp\/v2\/pages"}],"about":[{"href":"http:\/\/mal-auray.org\/index.php\/wp-json\/wp\/v2\/types\/page"}],"author":[{"embeddable":true,"href":"http:\/\/mal-auray.org\/index.php\/wp-json\/wp\/v2\/users\/1"}],"replies":[{"embeddable":true,"href":"http:\/\/mal-auray.org\/index.php\/wp-json\/wp\/v2\/comments?post=1472"}],"version-history":[{"count":41,"href":"http:\/\/mal-auray.org\/index.php\/wp-json\/wp\/v2\/pages\/1472\/revisions"}],"predecessor-version":[{"id":5949,"href":"http:\/\/mal-auray.org\/index.php\/wp-json\/wp\/v2\/pages\/1472\/revisions\/5949"}],"wp:attachment":[{"href":"http:\/\/mal-auray.org\/index.php\/wp-json\/wp\/v2\/media?parent=1472"}],"curies":[{"name":"wp","href":"https:\/\/api.w.org\/{rel}","templated":true}]}}