{"id":1398,"date":"2017-09-05T18:53:14","date_gmt":"2017-09-05T16:53:14","guid":{"rendered":"http:\/\/mal-auray.org\/?page_id=1398"},"modified":"2024-05-30T15:07:20","modified_gmt":"2024-05-30T13:07:20","slug":"art-plastique","status":"publish","type":"page","link":"http:\/\/mal-auray.org\/index.php\/art-plastique\/","title":{"rendered":"Arts plastiques"},"content":{"rendered":"<p><span style=\"color: #000000;\"><b>Enfants :<\/b> Dans un univers de couleurs et de mati\u00e8res, d\u00e9couverte des diff\u00e9rentes techniques du dessin, de la peinture, du collage et des loisirs cr\u00e9atifs. Chaque semaine un nouveau th\u00e8me.<\/span><\/p>\n<p><span style=\"color: #000000;\"><b>Adultes :<\/b> D\u00e9butants ou exp\u00e9riment\u00e9s, acquisition des bases techniques du dessin au crayon, \u00e0 la sanguine, s\u00e9pia, fusain et la mise en couleurs gr\u00e2ce \u00e0 la peinture, les pastels, les encres\u2026 Ponctu\u00e9es par des d\u00e9couvertes de techniques dans les loisirs cr\u00e9atifs.<\/span><\/p>\n<p><strong>Intervenante :<\/strong> Sandrine LACROIX<\/p>\n<blockquote><p><strong>Horaires, tarifs et inscriptions :<\/strong> <a href=\"https:\/\/mal-auray.goasso.org\/activites?q%5Bfull_text%5D=arts+plastiques&amp;q%5Bactivity_category_id_eq%5D=&amp;q%5Bactivity_schedules_schedule_type_eq%5D=&amp;q%5Bavailable_for_age%5D=&amp;q%5Bcourses_day_number%5D=&amp;commit=Filtrer&amp;with-scroll-to=true\">c&rsquo;est par ici\u00a0<\/a><\/p><\/blockquote>\n","protected":false},"excerpt":{"rendered":"<p>Enfants : Dans un univers de couleurs et de mati\u00e8res, d\u00e9couverte des diff\u00e9rentes techniques du dessin, de la peinture, du collage et des loisirs cr\u00e9atifs. Chaque semaine un nouveau th\u00e8me. Adultes : D\u00e9butants ou exp\u00e9riment\u00e9s, acquisition des bases techniques du dessin au crayon, \u00e0 la sanguine, s\u00e9pia, fusain et la mise en couleurs gr\u00e2ce \u00e0&hellip;<\/p>\n","protected":false},"author":1,"featured_media":0,"parent":0,"menu_order":0,"comment_status":"closed","ping_status":"closed","template":"","meta":[],"yoast_head":"<!-- This site is optimized with the Yoast SEO plugin v20.4 - https:\/\/yoast.com\/wordpress\/plugins\/seo\/ -->\n<title>Arts plastiques - La MAL d&#039;Auray<\/title>\n<meta name=\"description\" content=\"L&#039;Art plastique \u00e0 la MAL se d\u00e9cline sous diff\u00e9rentes formes : collage, peinture, modelage et dessin, gr\u00e2ce \u00e0 diff\u00e9rentes techniques : fusain, encres...\" \/>\n<meta name=\"robots\" content=\"index, follow, max-snippet:-1, max-image-preview:large, max-video-preview:-1\" \/>\n<link rel=\"canonical\" href=\"http:\/\/mal-auray.org\/index.php\/art-plastique\/\" \/>\n<meta property=\"og:locale\" content=\"fr_FR\" \/>\n<meta property=\"og:type\" content=\"article\" \/>\n<meta property=\"og:title\" content=\"Arts plastiques - La MAL d&#039;Auray\" \/>\n<meta property=\"og:description\" content=\"L&#039;Art plastique \u00e0 la MAL se d\u00e9cline sous diff\u00e9rentes formes : collage, peinture, modelage et dessin, gr\u00e2ce \u00e0 diff\u00e9rentes techniques : fusain, encres...\" \/>\n<meta property=\"og:url\" content=\"http:\/\/mal-auray.org\/index.php\/art-plastique\/\" \/>\n<meta property=\"og:site_name\" content=\"La MAL d&#039;Auray\" \/>\n<meta property=\"article:publisher\" content=\"https:\/\/www.facebook.com\/MaisonAnimationLoisirs\/\" \/>\n<meta property=\"article:modified_time\" content=\"2024-05-30T13:07:20+00:00\" \/>\n<meta name=\"twitter:card\" content=\"summary_large_image\" \/>\n<meta name=\"twitter:label1\" content=\"Dur\u00e9e de lecture estim\u00e9e\" \/>\n\t<meta name=\"twitter:data1\" content=\"1 minute\" \/>\n<script type=\"application\/ld+json\" class=\"yoast-schema-graph\">{\"@context\":\"https:\/\/schema.org\",\"@graph\":[{\"@type\":\"WebPage\",\"@id\":\"http:\/\/mal-auray.org\/index.php\/art-plastique\/\",\"url\":\"http:\/\/mal-auray.org\/index.php\/art-plastique\/\",\"name\":\"Arts plastiques - La MAL d&#039;Auray\",\"isPartOf\":{\"@id\":\"http:\/\/mal-auray.org\/#website\"},\"datePublished\":\"2017-09-05T16:53:14+00:00\",\"dateModified\":\"2024-05-30T13:07:20+00:00\",\"description\":\"L'Art plastique \u00e0 la MAL se d\u00e9cline sous diff\u00e9rentes formes : collage, peinture, modelage et dessin, gr\u00e2ce \u00e0 diff\u00e9rentes techniques : fusain, encres...\",\"breadcrumb\":{\"@id\":\"http:\/\/mal-auray.org\/index.php\/art-plastique\/#breadcrumb\"},\"inLanguage\":\"fr-FR\",\"potentialAction\":[{\"@type\":\"ReadAction\",\"target\":[\"http:\/\/mal-auray.org\/index.php\/art-plastique\/\"]}]},{\"@type\":\"BreadcrumbList\",\"@id\":\"http:\/\/mal-auray.org\/index.php\/art-plastique\/#breadcrumb\",\"itemListElement\":[{\"@type\":\"ListItem\",\"position\":1,\"name\":\"Accueil\",\"item\":\"http:\/\/mal-auray.org\/\"},{\"@type\":\"ListItem\",\"position\":2,\"name\":\"Arts plastiques\"}]},{\"@type\":\"WebSite\",\"@id\":\"http:\/\/mal-auray.org\/#website\",\"url\":\"http:\/\/mal-auray.org\/\",\"name\":\"La MAL d&#039;Auray\",\"description\":\"Une association de loisirs pour tous\",\"publisher\":{\"@id\":\"http:\/\/mal-auray.org\/#organization\"},\"potentialAction\":[{\"@type\":\"SearchAction\",\"target\":{\"@type\":\"EntryPoint\",\"urlTemplate\":\"http:\/\/mal-auray.org\/?s={search_term_string}\"},\"query-input\":\"required name=search_term_string\"}],\"inLanguage\":\"fr-FR\"},{\"@type\":\"Organization\",\"@id\":\"http:\/\/mal-auray.org\/#organization\",\"name\":\"La MAL d&#039;Auray\",\"url\":\"http:\/\/mal-auray.org\/\",\"logo\":{\"@type\":\"ImageObject\",\"inLanguage\":\"fr-FR\",\"@id\":\"http:\/\/mal-auray.org\/#\/schema\/logo\/image\/\",\"url\":\"http:\/\/mal-auray.org\/wp-content\/uploads\/2017\/09\/logo-MAL.png\",\"contentUrl\":\"http:\/\/mal-auray.org\/wp-content\/uploads\/2017\/09\/logo-MAL.png\",\"width\":198,\"height\":65,\"caption\":\"La MAL d&#039;Auray\"},\"image\":{\"@id\":\"http:\/\/mal-auray.org\/#\/schema\/logo\/image\/\"},\"sameAs\":[\"https:\/\/www.facebook.com\/MaisonAnimationLoisirs\/\"]}]}<\/script>\n<!-- \/ Yoast SEO plugin. -->","yoast_head_json":{"title":"Arts plastiques - La MAL d&#039;Auray","description":"L'Art plastique \u00e0 la MAL se d\u00e9cline sous diff\u00e9rentes formes : collage, peinture, modelage et dessin, gr\u00e2ce \u00e0 diff\u00e9rentes techniques : fusain, encres...","robots":{"index":"index","follow":"follow","max-snippet":"max-snippet:-1","max-image-preview":"max-image-preview:large","max-video-preview":"max-video-preview:-1"},"canonical":"http:\/\/mal-auray.org\/index.php\/art-plastique\/","og_locale":"fr_FR","og_type":"article","og_title":"Arts plastiques - La MAL d&#039;Auray","og_description":"L'Art plastique \u00e0 la MAL se d\u00e9cline sous diff\u00e9rentes formes : collage, peinture, modelage et dessin, gr\u00e2ce \u00e0 diff\u00e9rentes techniques : fusain, encres...","og_url":"http:\/\/mal-auray.org\/index.php\/art-plastique\/","og_site_name":"La MAL d&#039;Auray","article_publisher":"https:\/\/www.facebook.com\/MaisonAnimationLoisirs\/","article_modified_time":"2024-05-30T13:07:20+00:00","twitter_card":"summary_large_image","twitter_misc":{"Dur\u00e9e de lecture estim\u00e9e":"1 minute"},"schema":{"@context":"https:\/\/schema.org","@graph":[{"@type":"WebPage","@id":"http:\/\/mal-auray.org\/index.php\/art-plastique\/","url":"http:\/\/mal-auray.org\/index.php\/art-plastique\/","name":"Arts plastiques - La MAL d&#039;Auray","isPartOf":{"@id":"http:\/\/mal-auray.org\/#website"},"datePublished":"2017-09-05T16:53:14+00:00","dateModified":"2024-05-30T13:07:20+00:00","description":"L'Art plastique \u00e0 la MAL se d\u00e9cline sous diff\u00e9rentes formes : collage, peinture, modelage et dessin, gr\u00e2ce \u00e0 diff\u00e9rentes techniques : fusain, encres...","breadcrumb":{"@id":"http:\/\/mal-auray.org\/index.php\/art-plastique\/#breadcrumb"},"inLanguage":"fr-FR","potentialAction":[{"@type":"ReadAction","target":["http:\/\/mal-auray.org\/index.php\/art-plastique\/"]}]},{"@type":"BreadcrumbList","@id":"http:\/\/mal-auray.org\/index.php\/art-plastique\/#breadcrumb","itemListElement":[{"@type":"ListItem","position":1,"name":"Accueil","item":"http:\/\/mal-auray.org\/"},{"@type":"ListItem","position":2,"name":"Arts plastiques"}]},{"@type":"WebSite","@id":"http:\/\/mal-auray.org\/#website","url":"http:\/\/mal-auray.org\/","name":"La MAL d&#039;Auray","description":"Une association de loisirs pour tous","publisher":{"@id":"http:\/\/mal-auray.org\/#organization"},"potentialAction":[{"@type":"SearchAction","target":{"@type":"EntryPoint","urlTemplate":"http:\/\/mal-auray.org\/?s={search_term_string}"},"query-input":"required name=search_term_string"}],"inLanguage":"fr-FR"},{"@type":"Organization","@id":"http:\/\/mal-auray.org\/#organization","name":"La MAL d&#039;Auray","url":"http:\/\/mal-auray.org\/","logo":{"@type":"ImageObject","inLanguage":"fr-FR","@id":"http:\/\/mal-auray.org\/#\/schema\/logo\/image\/","url":"http:\/\/mal-auray.org\/wp-content\/uploads\/2017\/09\/logo-MAL.png","contentUrl":"http:\/\/mal-auray.org\/wp-content\/uploads\/2017\/09\/logo-MAL.png","width":198,"height":65,"caption":"La MAL d&#039;Auray"},"image":{"@id":"http:\/\/mal-auray.org\/#\/schema\/logo\/image\/"},"sameAs":["https:\/\/www.facebook.com\/MaisonAnimationLoisirs\/"]}]}},"_links":{"self":[{"href":"http:\/\/mal-auray.org\/index.php\/wp-json\/wp\/v2\/pages\/1398"}],"collection":[{"href":"http:\/\/mal-auray.org\/index.php\/wp-json\/wp\/v2\/pages"}],"about":[{"href":"http:\/\/mal-auray.org\/index.php\/wp-json\/wp\/v2\/types\/page"}],"author":[{"embeddable":true,"href":"http:\/\/mal-auray.org\/index.php\/wp-json\/wp\/v2\/users\/1"}],"replies":[{"embeddable":true,"href":"http:\/\/mal-auray.org\/index.php\/wp-json\/wp\/v2\/comments?post=1398"}],"version-history":[{"count":77,"href":"http:\/\/mal-auray.org\/index.php\/wp-json\/wp\/v2\/pages\/1398\/revisions"}],"predecessor-version":[{"id":5762,"href":"http:\/\/mal-auray.org\/index.php\/wp-json\/wp\/v2\/pages\/1398\/revisions\/5762"}],"wp:attachment":[{"href":"http:\/\/mal-auray.org\/index.php\/wp-json\/wp\/v2\/media?parent=1398"}],"curies":[{"name":"wp","href":"https:\/\/api.w.org\/{rel}","templated":true}]}}